{"id":334711,"date":"2026-03-07T00:46:11","date_gmt":"2026-03-06T21:46:11","guid":{"rendered":"https:\/\/baldumarket.lt\/?post_type=product&#038;p=334711"},"modified":"2026-03-31T10:17:06","modified_gmt":"2026-03-31T07:17:06","slug":"moduline-spinta-50x225-cm-su-drabuziu-lentynomis-max-premium-p","status":"publish","type":"product","link":"https:\/\/baldumarket.lt\/lt\/product\/moduline-spinta-50x225-cm-su-drabuziu-lentynomis-max-premium-p\/","title":{"rendered":"Modulin\u0117 spinta 50\u00d7225 cm su drabu\u017ei\u0173 lentynomis \u2013 MAX Premium \u201cP\u201d"},"content":{"rendered":"<p>\u201cMAX\u201d modulin\u0117s spintos sistemos modulis \u2013 Spinta 50 \u201cP\u201d \u0160i 50\u00d7225 cm modulin\u0117 spinta su lentynomis i\u0161 \u201eMAX Premium System\u201c linijos yra kompakti\u0161kas baldas, skirtas maksimaliai i\u0161naudoti erdv\u0119. Tai puikus sprendimas tiems, kurie vertina tvark\u0105, funkcionalum\u0105 ir estetik\u0105. D\u0117l siauro dizaino spinta puikiai tinka ma\u017eesn\u0117ms erdv\u0117ms, tokioms kaip koridoriai, ni\u0161os ar miegamieji, taip pat kaip didesn\u0117s modulin\u0117s spintos ar biuro erdv\u0117s dalis. \u0160is modelis pasi\u017eymi patogia lentyn\u0173 sistema, kuri suteikia lengv\u0105 prieig\u0105 prie laikom\u0173 daikt\u0173. Ji puikiai tinka sulankstytiems drabu\u017eiams, patalynei, rank\u0161luos\u010diams, aksesuar\u0173 d\u0117\u017e\u0117ms ir kitiems aksesuarams laikyti. Atvira lentyn\u0173 konstrukcija leid\u017eia lanks\u010diai planuoti turin\u012f, o tai ypa\u010d svarbu, kai naudotoj\u0173 poreikiai dinami\u0161kai kei\u010diasi. \u0160i spinta yra \u201eMAX Premium\u201c sistemos dalis, o tai rei\u0161kia auk\u0161\u010diausi\u0105 gamybos kokyb\u0119 ir d\u0117mes\u012f kiekvienai detalei. Spintos durys tvirtinamos ant \u0161velniai u\u017esidaran\u010di\u0173 vyri\u0173, kurie padidina kasdien\u012f komfort\u0105, o rankenos pagamintos i\u0161 metalo ir yra trij\u0173 spalv\u0173: juodos, aliuminio ir auksin\u0117s. Svarbu tai, kad kiekvien\u0105 sekcij\u0105 galima apdailinti bet kuria gamintojo palet\u0117s spalva, tod\u0117l spinta tampa darniu bet kokio interjero elementu. Tai pasi\u016blymas ie\u0161kantiems moderni\u0173, minimalistini\u0173 ir patvari\u0173 sprendim\u0173. 50 \u00d7 225 cm spinta su lentynomis gali veikti kaip atskiras \u012frenginys, ta\u010diau ji taip pat puikiai veikia kaip vienas i\u0161 pla\u010dios MAX sistemos moduli\u0173. Modulin\u0117 konstrukcija suteikia visi\u0161k\u0105 lankstum\u0105. Galite kurti komplektus, pritaikytus j\u016bs\u0173 poreikiams, ir laisvai juos modifikuoti bei pl\u0117sti laikui b\u0117gant. Tai spinta, kuri auga kartu su j\u016bs\u0173 poreikiais ir prisitaiko prie j\u016bs\u0173 gyvenimo b\u016bdo.<\/p>","protected":false},"excerpt":{"rendered":"<p>Matmenys: Plotis: 50 cm Auk\u0161tis: 225 cm Gylis: 54 cm<\/p>","protected":false},"featured_media":334807,"comment_status":"open","ping_status":"closed","template":"","meta":[],"product_brand":[],"product_cat":[9990,9857,1177],"product_tag":[],"class_list":{"0":"post-334711","1":"product","2":"type-product","3":"status-publish","4":"has-post-thumbnail","6":"product_cat-furniture-system-max","7":"product_cat-meblast","8":"product_cat-wardrobes","10":"first","11":"instock","12":"shipping-taxable","13":"purchasable","14":"product-type-variable","15":"wvs-archive-product-wrapper"},"_links":{"self":[{"href":"https:\/\/baldumarket.lt\/lt\/wp-json\/wp\/v2\/product\/334711","targetHints":{"allow":["GET"]}}],"collection":[{"href":"https:\/\/baldumarket.lt\/lt\/wp-json\/wp\/v2\/product"}],"about":[{"href":"https:\/\/baldumarket.lt\/lt\/wp-json\/wp\/v2\/types\/product"}],"replies":[{"embeddable":true,"href":"https:\/\/baldumarket.lt\/lt\/wp-json\/wp\/v2\/comments?post=334711"}],"wp:featuredmedia":[{"embeddable":true,"href":"https:\/\/baldumarket.lt\/lt\/wp-json\/wp\/v2\/media\/334807"}],"wp:attachment":[{"href":"https:\/\/baldumarket.lt\/lt\/wp-json\/wp\/v2\/media?parent=334711"}],"wp:term":[{"taxonomy":"product_brand","embeddable":true,"href":"https:\/\/baldumarket.lt\/lt\/wp-json\/wp\/v2\/product_brand?post=334711"},{"taxonomy":"product_cat","embeddable":true,"href":"https:\/\/baldumarket.lt\/lt\/wp-json\/wp\/v2\/product_cat?post=334711"},{"taxonomy":"product_tag","embeddable":true,"href":"https:\/\/baldumarket.lt\/lt\/wp-json\/wp\/v2\/product_tag?post=334711"}],"curies":[{"name":"wp","href":"https:\/\/api.w.org\/{rel}","templated":true}]}}