{"id":334695,"date":"2026-03-07T00:45:36","date_gmt":"2026-03-06T21:45:36","guid":{"rendered":"https:\/\/baldumarket.lt\/?post_type=product&#038;p=334695"},"modified":"2026-03-31T10:17:06","modified_gmt":"2026-03-31T07:17:06","slug":"moduline-spinta-80x225-cm-su-pakaba-stalciais-ir-lentynomis-max-e-sistema","status":"publish","type":"product","link":"https:\/\/baldumarket.lt\/lt\/produktas\/moduline-spinta-80x225-cm-su-pakaba-stalciais-ir-lentynomis-max-e-sistema\/","title":{"rendered":"Modulin\u0117 spinta 80\u00d7225 cm su pakaba, stal\u010diais ir lentynomis \u2013 MAX \u201cE\u201d sistema"},"content":{"rendered":"<p>\u201cMAX\u201d modulin\u0117s spintos sistemos modulis \u2013 Spinta 80 \u201cE\u201d \u0160i 80\u00d7225 cm modulin\u0117 spinta su strypu, stal\u010diais ir lentynomis i\u0161 \u201eSystem MAX Premium\u201c serijos yra universalus ir funkcionalus baldas, kuriame derinama didel\u0117 talpa, estetika ir patvarumas. Tai puikus sprendimas miegamajam, persirengimo kambariui, jaunimo kambariui ar prie\u0161kambariui \u2013 bet kur, kur reikia prakti\u0161kos vietos drabu\u017eiams ir aksesuarams laikyti. Spintos vidus sukurtas atsi\u017evelgiant \u012f maksimal\u0173 komfort\u0105. Rasite stryp\u0105 drabu\u017eiams, suknel\u0117ms, striuk\u0117ms ar paltams pakabinti, taip pat funkcionalias lentynas, puikiai tinkan\u010dias megztiniams, keln\u0117ms, d\u0117\u017e\u0117ms ar sezoniniams drabu\u017eiams. Trys prakti\u0161ki stal\u010diai, esantys spintos apa\u010dioje, puikiai tinka apatiniams drabu\u017eiams, aksesuarams ar asmeniniams daiktams. Toks vidaus i\u0161d\u0117stymas u\u017etikrina tvark\u0105 ir lengv\u0105 prieig\u0105 prie vis\u0173 spintos daikt\u0173. \u0160is modelis priklauso \u201eSystem MAX Premium\u201c linijai, o tai rei\u0161kia auk\u0161\u010diausios kokyb\u0117s komponentus ir apdail\u0105. Standarti\u0161kai komplekte yra, be kita ko, \u0161velnaus u\u017edarymo vyriai, u\u017etikrinantys skland\u0173 ir tyl\u0173 dur\u0173 u\u017edarym\u0105, taip pat metalin\u0117s rankenos, kurias galima \u012fsigyti trij\u0173 spalv\u0173: juodos, aliuminio ir auksin\u0117s. Visas baldas pagamintas i\u0161 tvirtos med\u017eio dro\u017eli\u0173 plok\u0161t\u0117s, atsparios kasdieniam naudojimui. Be to, spinta gali b\u016bti apdailinta bet kokia spalva i\u0161 plataus asortimento, tod\u0117l j\u0105 gal\u0117site idealiai priderinti prie savo interjero stiliaus. \u0160is baldas puikiai veikia kaip atskira spinta, ta\u010diau taip pat puikiai dera su kitais MAX sistemos segmentais. Modulin\u0117 konstrukcija suteikia visi\u0161k\u0105 erdv\u0117s dizaino lankstum\u0105. Sistem\u0105 galite bet kada i\u0161pl\u0117sti prid\u0117dami papildom\u0173 sistemos komponent\u0173, pasikeitus j\u016bs\u0173 poreikiams.<\/p>","protected":false},"excerpt":{"rendered":"<p>Matmenys: Plotis: 80 cm Auk\u0161tis: 225 cm Gylis: 54 cm<\/p>","protected":false},"featured_media":334802,"comment_status":"open","ping_status":"closed","template":"","meta":[],"product_brand":[],"product_cat":[9990,9857,1177],"product_tag":[],"class_list":{"0":"post-334695","1":"product","2":"type-product","3":"status-publish","4":"has-post-thumbnail","6":"product_cat-furniture-system-max","7":"product_cat-meblast","8":"product_cat-wardrobes","10":"first","11":"instock","12":"shipping-taxable","13":"purchasable","14":"product-type-variable","15":"wvs-archive-product-wrapper"},"_links":{"self":[{"href":"https:\/\/baldumarket.lt\/lt\/wp-json\/wp\/v2\/product\/334695","targetHints":{"allow":["GET"]}}],"collection":[{"href":"https:\/\/baldumarket.lt\/lt\/wp-json\/wp\/v2\/product"}],"about":[{"href":"https:\/\/baldumarket.lt\/lt\/wp-json\/wp\/v2\/types\/product"}],"replies":[{"embeddable":true,"href":"https:\/\/baldumarket.lt\/lt\/wp-json\/wp\/v2\/comments?post=334695"}],"wp:featuredmedia":[{"embeddable":true,"href":"https:\/\/baldumarket.lt\/lt\/wp-json\/wp\/v2\/media\/334802"}],"wp:attachment":[{"href":"https:\/\/baldumarket.lt\/lt\/wp-json\/wp\/v2\/media?parent=334695"}],"wp:term":[{"taxonomy":"product_brand","embeddable":true,"href":"https:\/\/baldumarket.lt\/lt\/wp-json\/wp\/v2\/product_brand?post=334695"},{"taxonomy":"product_cat","embeddable":true,"href":"https:\/\/baldumarket.lt\/lt\/wp-json\/wp\/v2\/product_cat?post=334695"},{"taxonomy":"product_tag","embeddable":true,"href":"https:\/\/baldumarket.lt\/lt\/wp-json\/wp\/v2\/product_tag?post=334695"}],"curies":[{"name":"wp","href":"https:\/\/api.w.org\/{rel}","templated":true}]}}