{"id":334693,"date":"2026-03-07T00:45:33","date_gmt":"2026-03-06T21:45:33","guid":{"rendered":"https:\/\/baldumarket.lt\/?post_type=product&#038;p=334693"},"modified":"2026-03-31T10:17:06","modified_gmt":"2026-03-31T07:17:06","slug":"moduline-spinta-80x225-cm-su-lentynomis-ir-stalciais-max-premium-m","status":"publish","type":"product","link":"https:\/\/baldumarket.lt\/lt\/produktas\/moduline-spinta-80x225-cm-su-lentynomis-ir-stalciais-max-premium-m\/","title":{"rendered":"Modulin\u0117 spinta 80\u00d7225 cm su lentynomis ir stal\u010diais \u2013 MAX Premium \u201cM\u201d"},"content":{"rendered":"<p>Modulin\u0117s spintos sistemos modulis \u201cMAX\u201d \u2013 spinta 80 \u201cM\u201d. \u0160i 80\u00d7225 cm modulin\u0117 spinta su lentynomis ir stal\u010diais i\u0161 \u201cMAX Premium System\u201d linijos yra apgalvotas modernaus dizaino, auk\u0161tos kokyb\u0117s meistri\u0161kumo ir prakti\u0161ko interjero derinys. \u0160is modelis yra puikus pasirinkimas tiems, kurie vertina ger\u0105 erdv\u0117s organizavim\u0105 ir ie\u0161ko tvirto baldo, kuris lengvai tilpt\u0173 miegamajame, vaik\u0173 kambaryje, persirengimo kambaryje ar biure. Spintos vidus sukurtas taip, kad b\u016bt\u0173 patogu kasdieniam daikt\u0173 laikymui. Lentynose yra daug vietos tvarkingai sud\u0117ti drabu\u017eiams, rank\u0161luos\u010diams, patalynei ar kitiems nam\u0173 tekstil\u0117s gaminiams. Keturi erdv\u016bs stal\u010diai leid\u017eia susitvarkyti ma\u017eesnius spintos daiktus, tokius kaip apatiniai drabu\u017eiai, aksesuarai, dir\u017eai, \u0161alikai ir sezoniniai aksesuarai. Toks i\u0161d\u0117stymas yra itin funkcionalus ir padeda palaikyti tvark\u0105. \u0160ios serijos 80 cm spinta pagaminta pagal \u201ePremium\u201c standart\u0105, o tai rei\u0161kia, kad naudojami auk\u0161\u010diausios kokyb\u0117s sprendimai: pilno i\u0161traukimo stal\u010diai, \u0161velnaus u\u017edarymo b\u0117geliai, \u0161velnaus u\u017edarymo vyriai ir tvirtos metalin\u0117s rankenos trij\u0173 spalv\u0173 (juodos, aliuminio, auksin\u0117s). D\u0117l plataus korpuso ir fasado spalv\u0173 pasirinkimo baldai puikiai dera prie bet kokio kambario dekoro \u2013 nuo \u0161viesaus, minimalistinio interjero iki tamsesni\u0173, eleganti\u0161kesni\u0173 i\u0161d\u0117stym\u0173. Spinta gali b\u016bti naudojama kaip atskiras baldas arba kaip didesn\u0117s sistemos dalis. MAX sistema leid\u017eia laisvai derinti \u012fvairius modulius ir sukurti funkcionalius komplektus, pritaikytus j\u016bs\u0173 konkre\u010diai erdvei ir poreikiams. \u0160is lankstus sprendimas leid\u017eia ateityje pl\u0117stis \u2013 spinta \u201eauga\u201c kartu su jumis ir j\u016bs\u0173 \u0161eima.<\/p>","protected":false},"excerpt":{"rendered":"<p>Matmenys: Plotis: 80 cm Auk\u0161tis: 225 cm Gylis: 54 cm<\/p>","protected":false},"featured_media":334793,"comment_status":"open","ping_status":"closed","template":"","meta":[],"product_brand":[],"product_cat":[9990,9857,1177],"product_tag":[],"class_list":{"0":"post-334693","1":"product","2":"type-product","3":"status-publish","4":"has-post-thumbnail","6":"product_cat-furniture-system-max","7":"product_cat-meblast","8":"product_cat-wardrobes","10":"first","11":"instock","12":"shipping-taxable","13":"purchasable","14":"product-type-variable","15":"wvs-archive-product-wrapper"},"_links":{"self":[{"href":"https:\/\/baldumarket.lt\/lt\/wp-json\/wp\/v2\/product\/334693","targetHints":{"allow":["GET"]}}],"collection":[{"href":"https:\/\/baldumarket.lt\/lt\/wp-json\/wp\/v2\/product"}],"about":[{"href":"https:\/\/baldumarket.lt\/lt\/wp-json\/wp\/v2\/types\/product"}],"replies":[{"embeddable":true,"href":"https:\/\/baldumarket.lt\/lt\/wp-json\/wp\/v2\/comments?post=334693"}],"wp:featuredmedia":[{"embeddable":true,"href":"https:\/\/baldumarket.lt\/lt\/wp-json\/wp\/v2\/media\/334793"}],"wp:attachment":[{"href":"https:\/\/baldumarket.lt\/lt\/wp-json\/wp\/v2\/media?parent=334693"}],"wp:term":[{"taxonomy":"product_brand","embeddable":true,"href":"https:\/\/baldumarket.lt\/lt\/wp-json\/wp\/v2\/product_brand?post=334693"},{"taxonomy":"product_cat","embeddable":true,"href":"https:\/\/baldumarket.lt\/lt\/wp-json\/wp\/v2\/product_cat?post=334693"},{"taxonomy":"product_tag","embeddable":true,"href":"https:\/\/baldumarket.lt\/lt\/wp-json\/wp\/v2\/product_tag?post=334693"}],"curies":[{"name":"wp","href":"https:\/\/api.w.org\/{rel}","templated":true}]}}