{"id":334680,"date":"2026-03-07T00:44:56","date_gmt":"2026-03-06T21:44:56","guid":{"rendered":"https:\/\/baldumarket.lt\/?post_type=product&#038;p=334680"},"modified":"2026-03-31T10:17:06","modified_gmt":"2026-03-31T07:17:06","slug":"moduline-spinta-80x225-cm-su-drabuziu-lentynomis-max-premium-p","status":"publish","type":"product","link":"https:\/\/baldumarket.lt\/lt\/produktas\/moduline-spinta-80x225-cm-su-drabuziu-lentynomis-max-premium-p\/","title":{"rendered":"Modulin\u0117 spinta 80\u00d7225 cm su drabu\u017ei\u0173 lentynomis \u2013 MAX Premium \u201cP\u201d"},"content":{"rendered":"<p>80\u00d7225 cm modulin\u0117 spinta su lentynomis \u2013 tai minimalistinis, ta\u010diau ne\u012ftik\u0117tinai funkcionalus baldas, puikiai tinkantis tiek moderniam, tiek klasikiniam interjerui. Priklausanti MAX Premium sistemai, ji buvo sukurta vartotojams, ie\u0161kantiems prakti\u0161k\u0173 daikt\u0173 laikymo sprendim\u0173, neaukojant estetikos ir tvirtos konstrukcijos. Jos dizainas pagr\u012fstas paprastu, ta\u010diau labai erdviu vidiniu i\u0161d\u0117stymu. Erdvios lentynos \u010dia vaidina svarb\u0173 vaidmen\u012f, leid\u017eian\u010dios patogiai susid\u0117ti drabu\u017eius, patalyn\u0119, rank\u0161luos\u010dius ar sezonini\u0173 aksesuar\u0173 d\u0117\u017ees. Toks i\u0161d\u0117stymas puikiai tinka ne tik miegamajam, bet ir persirengimo kambariui, paauglio kambariui, prie\u0161kambariui ar biurui, kur tvarkingas daikt\u0173 laikymas yra b\u016btinas. Kaip ir visos \u0161ios serijos spintos, \u0161is modelis gaminamas pagal Premium standart\u0105, kuris apima \u0161velnaus u\u017edarymo vyrius patogiam kasdieniam naudojimui ir metalines rankenas trij\u0173 spalv\u0173: juodos, aliuminio ir auksin\u0117s. Baldai taip pat si\u016blomi pla\u010dioje spalv\u0173 gamoje, tod\u0117l juos lengva priderinti prie j\u016bs\u0173 interjero dizaino, nesvarbu, ar jis skandinavi\u0161kas, lofto ar klasikinis. MAX sistema \u2013 tai modulinis sprendimas, kur\u012f galima lengvai i\u0161pl\u0117sti papildomais elementais. 80 \u00d7 225 cm dyd\u017eio spinta su lentynomis gali b\u016bti viso baldo pagrindas arba papildyti kit\u0105 bald\u0105, pavyzd\u017eiui, su pakaba ar stal\u010diais. Toks modulinis modelis suteikia patogumo ir lankstumo, leisdamas pritaikyti bald\u0173 i\u0161d\u0117stym\u0105 prie kintan\u010di\u0173 erdv\u0117s poreiki\u0173.<\/p>","protected":false},"excerpt":{"rendered":"<p>Matmenys: Plotis: 80 cm Auk\u0161tis: 225 cm Gylis: 54 cm<\/p>","protected":false},"featured_media":334786,"comment_status":"open","ping_status":"closed","template":"","meta":[],"product_brand":[],"product_cat":[9990,9857,1177],"product_tag":[],"class_list":{"0":"post-334680","1":"product","2":"type-product","3":"status-publish","4":"has-post-thumbnail","6":"product_cat-furniture-system-max","7":"product_cat-meblast","8":"product_cat-wardrobes","10":"first","11":"instock","12":"shipping-taxable","13":"purchasable","14":"product-type-variable","15":"wvs-archive-product-wrapper"},"_links":{"self":[{"href":"https:\/\/baldumarket.lt\/lt\/wp-json\/wp\/v2\/product\/334680","targetHints":{"allow":["GET"]}}],"collection":[{"href":"https:\/\/baldumarket.lt\/lt\/wp-json\/wp\/v2\/product"}],"about":[{"href":"https:\/\/baldumarket.lt\/lt\/wp-json\/wp\/v2\/types\/product"}],"replies":[{"embeddable":true,"href":"https:\/\/baldumarket.lt\/lt\/wp-json\/wp\/v2\/comments?post=334680"}],"wp:featuredmedia":[{"embeddable":true,"href":"https:\/\/baldumarket.lt\/lt\/wp-json\/wp\/v2\/media\/334786"}],"wp:attachment":[{"href":"https:\/\/baldumarket.lt\/lt\/wp-json\/wp\/v2\/media?parent=334680"}],"wp:term":[{"taxonomy":"product_brand","embeddable":true,"href":"https:\/\/baldumarket.lt\/lt\/wp-json\/wp\/v2\/product_brand?post=334680"},{"taxonomy":"product_cat","embeddable":true,"href":"https:\/\/baldumarket.lt\/lt\/wp-json\/wp\/v2\/product_cat?post=334680"},{"taxonomy":"product_tag","embeddable":true,"href":"https:\/\/baldumarket.lt\/lt\/wp-json\/wp\/v2\/product_tag?post=334680"}],"curies":[{"name":"wp","href":"https:\/\/api.w.org\/{rel}","templated":true}]}}