{"id":334678,"date":"2026-03-07T00:44:54","date_gmt":"2026-03-06T21:44:54","guid":{"rendered":"https:\/\/baldumarket.lt\/?post_type=product&#038;p=334678"},"modified":"2026-03-28T11:24:28","modified_gmt":"2026-03-28T08:24:28","slug":"spinta-240-240-drabuziu-kabyklos-vidines-lentynos-isoriniai-stalciai","status":"publish","type":"product","link":"https:\/\/baldumarket.lt\/lt\/produktas\/spinta-240-240-drabuziu-kabyklos-vidines-lentynos-isoriniai-stalciai\/","title":{"rendered":"Spinta 240\/240 \u2013 drabu\u017ei\u0173 kabyklos, vidin\u0117s lentynos, i\u0161oriniai stal\u010diai"},"content":{"rendered":"<p>Ie\u0161kote spintos, kuri tikt\u0173 bet kokiam interjerui? Per\u017ei\u016br\u0117kite 240\/240 spint\u0105 i\u0161 e-meblast.pl.<br \/>\n\u0160is baldas yra labai prakti\u0161ko dyd\u017eio. Gerai apgalvotas lentyn\u0173 i\u0161d\u0117stymas leid\u017eia maksimaliai i\u0161naudoti kiekvien\u0105 centimetr\u0105. O erdviuose stal\u010diuose tilps visi j\u016bs\u0173 aksesuarai ir smulk\u016bs daiktai. Pakabinimo karnizas ir pantografas leis j\u016bs\u0173 drabu\u017eiams b\u016bti tiesiogine prasme po ranka.<br \/>\nDrabu\u017ein\u0117 240\/240 \u2013 tai baldas, skirtas prakti\u0161kai bet kokiam kambariui \u2013 d\u0117l savo dizaino ji puikiai tinka miegamajam, prie\u0161kambariui, drabu\u017einei ar net paauglio kambariui.<br \/>\nRinkit\u0117s kokybi\u0161kus baldus i\u0161 lenk\u0173 gamintojo ir m\u0117gaukit\u0117s jais ilgus metus.<\/p>","protected":false},"excerpt":{"rendered":"<p>Matmenys:<br \/>\nPlotis: 240 cm<br \/>\nAuk\u0161tis: 240 cm<br \/>\nGylis: 59 cm<\/p>","protected":false},"featured_media":334780,"comment_status":"open","ping_status":"closed","template":"","meta":[],"product_brand":[],"product_cat":[9857,9985,1177],"product_tag":[],"class_list":{"0":"post-334678","1":"product","2":"type-product","3":"status-publish","4":"has-post-thumbnail","6":"product_cat-meblast","7":"product_cat-sliding-wardrobes-meblast","8":"product_cat-wardrobes","10":"first","11":"instock","12":"shipping-taxable","13":"purchasable","14":"product-type-variable","15":"wvs-archive-product-wrapper"},"_links":{"self":[{"href":"https:\/\/baldumarket.lt\/lt\/wp-json\/wp\/v2\/product\/334678","targetHints":{"allow":["GET"]}}],"collection":[{"href":"https:\/\/baldumarket.lt\/lt\/wp-json\/wp\/v2\/product"}],"about":[{"href":"https:\/\/baldumarket.lt\/lt\/wp-json\/wp\/v2\/types\/product"}],"replies":[{"embeddable":true,"href":"https:\/\/baldumarket.lt\/lt\/wp-json\/wp\/v2\/comments?post=334678"}],"wp:featuredmedia":[{"embeddable":true,"href":"https:\/\/baldumarket.lt\/lt\/wp-json\/wp\/v2\/media\/334780"}],"wp:attachment":[{"href":"https:\/\/baldumarket.lt\/lt\/wp-json\/wp\/v2\/media?parent=334678"}],"wp:term":[{"taxonomy":"product_brand","embeddable":true,"href":"https:\/\/baldumarket.lt\/lt\/wp-json\/wp\/v2\/product_brand?post=334678"},{"taxonomy":"product_cat","embeddable":true,"href":"https:\/\/baldumarket.lt\/lt\/wp-json\/wp\/v2\/product_cat?post=334678"},{"taxonomy":"product_tag","embeddable":true,"href":"https:\/\/baldumarket.lt\/lt\/wp-json\/wp\/v2\/product_tag?post=334678"}],"curies":[{"name":"wp","href":"https:\/\/api.w.org\/{rel}","templated":true}]}}