{"id":334657,"date":"2026-03-07T00:44:17","date_gmt":"2026-03-06T21:44:17","guid":{"rendered":"https:\/\/baldumarket.lt\/?post_type=product&#038;p=334657"},"modified":"2026-03-28T12:02:06","modified_gmt":"2026-03-28T09:02:06","slug":"spinta-282-230-drabuziu-kabyklos-vidines-lentynos-erdvus-isoriniai-stalciai","status":"publish","type":"product","link":"https:\/\/baldumarket.lt\/lt\/produktas\/spinta-282-230-drabuziu-kabyklos-vidines-lentynos-erdvus-isoriniai-stalciai\/","title":{"rendered":"Spinta 282\/230 \u2013 drabu\u017ei\u0173 kabyklos, vidin\u0117s lentynos, erdv\u016bs i\u0161oriniai stal\u010diai"},"content":{"rendered":"<p>Reikia susitvarkyti visus savo daiktus? I\u0161sirinkite 282\/230 spint\u0105 su stumdomomis durimis i\u0161 e-meblast.pl.<br \/>\n\u0160i unikali spinta, kurios plotis \u2013 282 cm, auk\u0161tis \u2013 230 cm, o gylis \u2013 59 cm, sukurta atsi\u017evelgiant \u012f j\u016bs\u0173 poreikius daiktams susid\u0117ti. Tvirta konstrukcija ir apgalvotos funkcijos paver\u010dia drabu\u017ei\u0173 ir aksesuar\u0173 organizavim\u0105 maloniu ir lengvu dalyku.<br \/>\n282\/230 spinta turi du pakabos b\u0117gelius, leid\u017eian\u010dius tvarkingai laikyti tiek ilgus, tiek trumpus drabu\u017eius. Tai u\u017etikrina, kad kiekvienas \u0161varkas, suknel\u0117 ar mar\u0161kiniai rast\u0173 savo viet\u0105, ir spintoje b\u016bt\u0173 tvarkinga.<\/p>\n<p>Be to, m\u016bs\u0173 spintoje u\u017e dur\u0173 yra daug u\u017edar\u0173 lentyn\u0173. \u0160iose lentynose galima laikyti \u012fvairius aksesuarus, tokius kaip rankin\u0117s, kepur\u0117s, batai ir gro\u017eio priemon\u0117s. Taip viskas bus vienoje vietoje, apsaugota nuo dulki\u0173 ir \u0161viesos, ta\u010diau lengvai pasiekiama.<\/p>\n<p>Dar didesniam funkcionalumui spinta turi keturis erdvius, labai patogius stal\u010dius. Juose galima laikyti apatinius drabu\u017eius, kepures, \u0161alikus ir daugel\u012f kit\u0173 smulki\u0173 daikt\u0173, kurie visada link\u0119 pasimesti didesn\u0117se erdv\u0117se. Nelaukite ilgiau! Rinkit\u0117s lenk\u0173 gamintojo spint\u0105, kuri palengvins j\u016bs\u0173 drabu\u017ei\u0173 ir aksesuar\u0173 organizavim\u0105. I\u0161naudokite jos erdv\u0119 ir funkcionalum\u0105, kad sukurtum\u0117te tobul\u0105 garderob\u0105.<\/p>","protected":false},"excerpt":{"rendered":"<p>Matmenys:<br \/>\nPlotis: 282 cm<br \/>\nAuk\u0161tis: 230 cm<br \/>\nGylis: 59 cm<\/p>","protected":false},"featured_media":334763,"comment_status":"open","ping_status":"closed","template":"","meta":[],"product_brand":[],"product_cat":[9857,9985,1177],"product_tag":[],"class_list":{"0":"post-334657","1":"product","2":"type-product","3":"status-publish","4":"has-post-thumbnail","6":"product_cat-meblast","7":"product_cat-sliding-wardrobes-meblast","8":"product_cat-wardrobes","10":"first","11":"instock","12":"shipping-taxable","13":"purchasable","14":"product-type-variable","15":"wvs-archive-product-wrapper"},"_links":{"self":[{"href":"https:\/\/baldumarket.lt\/lt\/wp-json\/wp\/v2\/product\/334657","targetHints":{"allow":["GET"]}}],"collection":[{"href":"https:\/\/baldumarket.lt\/lt\/wp-json\/wp\/v2\/product"}],"about":[{"href":"https:\/\/baldumarket.lt\/lt\/wp-json\/wp\/v2\/types\/product"}],"replies":[{"embeddable":true,"href":"https:\/\/baldumarket.lt\/lt\/wp-json\/wp\/v2\/comments?post=334657"}],"wp:featuredmedia":[{"embeddable":true,"href":"https:\/\/baldumarket.lt\/lt\/wp-json\/wp\/v2\/media\/334763"}],"wp:attachment":[{"href":"https:\/\/baldumarket.lt\/lt\/wp-json\/wp\/v2\/media?parent=334657"}],"wp:term":[{"taxonomy":"product_brand","embeddable":true,"href":"https:\/\/baldumarket.lt\/lt\/wp-json\/wp\/v2\/product_brand?post=334657"},{"taxonomy":"product_cat","embeddable":true,"href":"https:\/\/baldumarket.lt\/lt\/wp-json\/wp\/v2\/product_cat?post=334657"},{"taxonomy":"product_tag","embeddable":true,"href":"https:\/\/baldumarket.lt\/lt\/wp-json\/wp\/v2\/product_tag?post=334657"}],"curies":[{"name":"wp","href":"https:\/\/api.w.org\/{rel}","templated":true}]}}