{"id":334655,"date":"2026-03-07T00:44:14","date_gmt":"2026-03-06T21:44:14","guid":{"rendered":"https:\/\/baldumarket.lt\/?post_type=product&#038;p=334655"},"modified":"2026-03-28T12:18:59","modified_gmt":"2026-03-28T09:18:59","slug":"spinta-300-220-drabuziu-kabyklos-vidines-lentynos-patogus-isoriniai-stalciai","status":"publish","type":"product","link":"https:\/\/baldumarket.lt\/lt\/produktas\/spinta-300-220-drabuziu-kabyklos-vidines-lentynos-patogus-isoriniai-stalciai\/","title":{"rendered":"Spinta 300\/220 \u2013 drabu\u017ei\u0173 kabyklos, vidin\u0117s lentynos, patog\u016bs i\u0161oriniai stal\u010diai"},"content":{"rendered":"<p>\u0160i moderni ir itin prakti\u0161ka spinta su varstomomis durimis yra i\u0161skirtinai funkcionalus, erdvus ir gerai \u012frengtas baldas.<br \/>\nJo funkcionalum\u0105 sustiprina lentynos, b\u0117geliai ir erdv\u016bs stal\u010diai. Komplekt\u0105 sudaro trys atskiri segmentai, kurie kartu sukuria erdvi\u0105 spint\u0105 ir dar daugiau.<br \/>\nKiekvienas segmentas turi skirting\u0105 funkcionalum\u0105 ir paskirt\u012f, o juos sujungdami sukursite ne\u012ftik\u0117tinai erdv\u0173 komplekt\u0105, kuriame tilps visi j\u016bs\u0173 daiktai. Pagrindinis \u0161ios spintos privalumas yra tai, kad segmentus galite atskirti. Kiekvienas gali stov\u0117ti atskirai!<br \/>\n300\/220 spinta puikiai tinka tiek kaip spinta miegamajame, tiek kaip funkcionalus prie\u0161kambario ni\u0161os papildymas. Platus spalv\u0173 ir stili\u0173 pasirinkimas paver\u010dia j\u0105 ry\u0161kiu j\u016bs\u0173 svetain\u0117s ar valgomojo akcentu. Galite u\u017esisakyti spint\u0105 su veidrod\u017eiu arba be jo, kuris vizualiai padidins kambar\u012f. Pasiteiraukite apie galimas spalvas, kad jos der\u0117t\u0173 prie j\u016bs\u0173 kambario interjero.<br \/>\nRinkit\u0117s auk\u0161tos kokyb\u0117s baldus i\u0161 Lenkijos gamintojo.<\/p>","protected":false},"excerpt":{"rendered":"<p>Matmenys:<br \/>\nPlotis: 300 cm<br \/>\nAuk\u0161tis: 220 cm<br \/>\nGylis: 59 cm<\/p>","protected":false},"featured_media":334751,"comment_status":"open","ping_status":"closed","template":"","meta":[],"product_brand":[],"product_cat":[9857,9985,1177],"product_tag":[],"class_list":{"0":"post-334655","1":"product","2":"type-product","3":"status-publish","4":"has-post-thumbnail","6":"product_cat-meblast","7":"product_cat-sliding-wardrobes-meblast","8":"product_cat-wardrobes","10":"first","11":"instock","12":"shipping-taxable","13":"purchasable","14":"product-type-variable","15":"wvs-archive-product-wrapper"},"_links":{"self":[{"href":"https:\/\/baldumarket.lt\/lt\/wp-json\/wp\/v2\/product\/334655","targetHints":{"allow":["GET"]}}],"collection":[{"href":"https:\/\/baldumarket.lt\/lt\/wp-json\/wp\/v2\/product"}],"about":[{"href":"https:\/\/baldumarket.lt\/lt\/wp-json\/wp\/v2\/types\/product"}],"replies":[{"embeddable":true,"href":"https:\/\/baldumarket.lt\/lt\/wp-json\/wp\/v2\/comments?post=334655"}],"wp:featuredmedia":[{"embeddable":true,"href":"https:\/\/baldumarket.lt\/lt\/wp-json\/wp\/v2\/media\/334751"}],"wp:attachment":[{"href":"https:\/\/baldumarket.lt\/lt\/wp-json\/wp\/v2\/media?parent=334655"}],"wp:term":[{"taxonomy":"product_brand","embeddable":true,"href":"https:\/\/baldumarket.lt\/lt\/wp-json\/wp\/v2\/product_brand?post=334655"},{"taxonomy":"product_cat","embeddable":true,"href":"https:\/\/baldumarket.lt\/lt\/wp-json\/wp\/v2\/product_cat?post=334655"},{"taxonomy":"product_tag","embeddable":true,"href":"https:\/\/baldumarket.lt\/lt\/wp-json\/wp\/v2\/product_tag?post=334655"}],"curies":[{"name":"wp","href":"https:\/\/api.w.org\/{rel}","templated":true}]}}