{"id":334653,"date":"2026-03-07T00:44:12","date_gmt":"2026-03-06T21:44:12","guid":{"rendered":"https:\/\/baldumarket.lt\/?post_type=product&#038;p=334653"},"modified":"2026-03-28T12:47:01","modified_gmt":"2026-03-28T09:47:01","slug":"spinta-330-230-drabuziu-kabykla-vidines-lentynos-erdvus-vidiniai-stalciai-nisos-su-lentynomis","status":"publish","type":"product","link":"https:\/\/baldumarket.lt\/lt\/produktas\/spinta-330-230-drabuziu-kabykla-vidines-lentynos-erdvus-vidiniai-stalciai-nisos-su-lentynomis\/","title":{"rendered":"Spinta 330\/230 \u2013 drabu\u017ei\u0173 kabykla, vidin\u0117s lentynos, erdv\u016bs vidiniai stal\u010diai, ni\u0161os su lentynomis"},"content":{"rendered":"<p>Pristatome Jums ne\u012ftik\u0117tinai erdvi\u0105 ir i\u0161skirtinai funkcionali\u0105 330\/230 cm spint\u0105 i\u0161 \u201ee-meblast\u201c.<br \/>\n\u0160i spinta yra puikus sprendimas drabu\u017eiams ir kitiems daiktams laikyti. Ji yra esteti\u0161kai patraukli ir puikiai organizuota.<br \/>\nSpintel\u0117 turi du pakabos b\u0117gelius, leid\u017eian\u010dius patogiai pakabinti didesnius daiktus ir i\u0161laikyti tvark\u0105. Tai leid\u017eia lengvai laikyti tiek ilgus paltus, tiek trumpus \u0161varkus ar \u0161varkus.<br \/>\nDidel\u0117 daikt\u0173 laikymo vieta u\u017e dureli\u0173 yra dar vienas \u0161ios spintos privalumas. Tai puiki vieta laikyti sulankstytus drabu\u017eius, batus, aksesuarus ar kitus smulkius daiktus, kuriuos norite pasl\u0117pti. Durel\u0117s apsaugo nuo dulki\u0173 ir padeda daiktams i\u0161likti tvarkingai.<br \/>\nBe to, spinta turi tris atvirus skyrius su atviromis lentynomis. Tai puikus sprendimas tiems, kurie nori lengvai pasiekti da\u017enai naudojamus daiktus, tokius kaip rankin\u0117s, batai ar kosmetika. Lentynos yra pakankamai pla\u010dios, kad tilpt\u0173 \u012fvair\u016bs daiktai, tuo pa\u010diu u\u017etikrinant ai\u0161ki\u0105 ir tvarking\u0105 i\u0161vaizd\u0105.<br \/>\nDar vienas \u0161ios spintos bruo\u017eas \u2013 keturi erdv\u016bs vidiniai stal\u010diai. Tai puiki vieta laikyti apatinius, kojines, aksesuarus ar kitus ma\u017eesnius daiktus, kuriuos norite visada tur\u0117ti po ranka. Stal\u010diai yra tvirti ir lengvai naudojami. Jei norite spintos, kurioje tilps visi j\u016bs\u0173 drabu\u017eiai ir kuri tarnaus daugel\u012f met\u0173, rinkit\u0117s kokybi\u0161k\u0105 lenk\u0173 gamintojo spint\u0105.<\/p>","protected":false},"excerpt":{"rendered":"<p>Matmenys:<br \/>\nPlotis: 330 cm<br \/>\nAuk\u0161tis: 230 cm<br \/>\nGylis: 59 cm<\/p>","protected":false},"featured_media":334745,"comment_status":"open","ping_status":"closed","template":"","meta":[],"product_brand":[],"product_cat":[9857,9985,1177],"product_tag":[],"class_list":{"0":"post-334653","1":"product","2":"type-product","3":"status-publish","4":"has-post-thumbnail","6":"product_cat-meblast","7":"product_cat-sliding-wardrobes-meblast","8":"product_cat-wardrobes","10":"first","11":"instock","12":"shipping-taxable","13":"purchasable","14":"product-type-variable","15":"wvs-archive-product-wrapper"},"_links":{"self":[{"href":"https:\/\/baldumarket.lt\/lt\/wp-json\/wp\/v2\/product\/334653","targetHints":{"allow":["GET"]}}],"collection":[{"href":"https:\/\/baldumarket.lt\/lt\/wp-json\/wp\/v2\/product"}],"about":[{"href":"https:\/\/baldumarket.lt\/lt\/wp-json\/wp\/v2\/types\/product"}],"replies":[{"embeddable":true,"href":"https:\/\/baldumarket.lt\/lt\/wp-json\/wp\/v2\/comments?post=334653"}],"wp:featuredmedia":[{"embeddable":true,"href":"https:\/\/baldumarket.lt\/lt\/wp-json\/wp\/v2\/media\/334745"}],"wp:attachment":[{"href":"https:\/\/baldumarket.lt\/lt\/wp-json\/wp\/v2\/media?parent=334653"}],"wp:term":[{"taxonomy":"product_brand","embeddable":true,"href":"https:\/\/baldumarket.lt\/lt\/wp-json\/wp\/v2\/product_brand?post=334653"},{"taxonomy":"product_cat","embeddable":true,"href":"https:\/\/baldumarket.lt\/lt\/wp-json\/wp\/v2\/product_cat?post=334653"},{"taxonomy":"product_tag","embeddable":true,"href":"https:\/\/baldumarket.lt\/lt\/wp-json\/wp\/v2\/product_tag?post=334653"}],"curies":[{"name":"wp","href":"https:\/\/api.w.org\/{rel}","templated":true}]}}