{"id":334633,"date":"2026-03-07T00:43:34","date_gmt":"2026-03-06T21:43:34","guid":{"rendered":"https:\/\/baldumarket.lt\/?post_type=product&#038;p=334633"},"modified":"2026-03-23T17:40:18","modified_gmt":"2026-03-23T14:40:18","slug":"kampine-spinta-189-214-pakabinimo-begeliai-erdvus-stalciai-lentynos","status":"publish","type":"product","link":"https:\/\/baldumarket.lt\/lt\/produktas\/kampine-spinta-189-214-pakabinimo-begeliai-erdvus-stalciai-lentynos\/","title":{"rendered":"Kampin\u0117 spinta 189\/214 \u2013 pakabinimo b\u0117geliai, erdv\u016bs stal\u010diai, lentynos"},"content":{"rendered":"<p>D\u0117l savo funkcij\u0173 drabu\u017ei\u0173 spinta yra b\u016btinas kiekvien\u0173 nam\u0173 elementas. Universalus ir esteti\u0161kai patrauklus, tai baldas, kurio tiesiog negali tr\u016bkti j\u016bs\u0173 namuose. Populiariausi modeliai yra linijin\u0117s versijos. Ta\u010diau yra ir kitas sprendimas, leid\u017eiantis sukurti didel\u0119 drabu\u017ei\u0173 laikymo erdv\u0119, i\u0161naudojant tiesiogine prasme kiekvien\u0105 miegamojo centimetr\u0105, net, regis, nepatogius kampus. e-meblast.pl rasite kampini\u0173 spint\u0173 modeli\u0173, kurie atitiks daugel\u012f reikalavim\u0173.<\/p>\n<p>Kampin\u0117 spinta \u2013 tai funkcionalus ir modernus sprendimas, leid\u017eiantis \u012frengti drabu\u017ein\u0119 net ma\u017euose ar itin nepatogiuose miegamuosiuose. Kai kuriuose kambariuose gana nepatogu sutalpinti spint\u0105 su tinkamo dyd\u017eio atidaromomis ar stumdomomis durimis. U\u017epild\u0119 kampus funkcionaliais baldais, i\u0161naudosite kiekvien\u0105 laisv\u0105 centimetr\u0105. Kad kampin\u0117 dalis b\u016bt\u0173 prakti\u0161kesn\u0117, galima \u012fsigyti \u012fvairi\u0173 pried\u0173, skirt\u0173 spintos interjerui sutvarkyti: stal\u010diai, lentynos ir drabu\u017ei\u0173 kabyklos, kurios padeda laikyti drabu\u017eius ir kitus daiktus. Kuo praver\u010dia kampin\u0117s spintos? Jos puikiai tinka dideliems miegamiesiems, ypa\u010d derinamos su atviromis spintomis. Tai leid\u017eia sukurti \u012fsp\u016bding\u0105 drabu\u017ein\u0119. Ta\u010diau daugeliu atvej\u0173 jos tinka ir ma\u017eiems miegamiesiems. Ma\u017eos erdv\u0117s da\u017enai kelia i\u0161\u0161\u016bk\u012f, ta\u010diau jas galima lengvai vizualiai padidinti pasirinkus kampin\u0119 spint\u0105 su veidrod\u017eiu. \u0160is sprendimas ne tik atlieka praktin\u0119 funkcij\u0105, leid\u017eian\u010di\u0105 sukurti nedidel\u0119 persirengimo kambar\u012f, bet ir turi estetin\u0119 vert\u0119 \u2013 veidrodinis pavir\u0161ius atspind\u0117s \u0161vies\u0105, vizualiai padidindamas kambar\u012f.<\/p>\n<p>Jei norite i\u0161naudoti savo kambario kamp\u0105, rinkit\u0117s lenk\u0173 gamintojo kampin\u0119 spint\u0105 189\/214 ir m\u0117gaukit\u0117s jos funkcionalumu ilgus metus.<\/p>","protected":false},"excerpt":{"rendered":"<p>Matmenys: Plotis: 189 x 189 cm Auk\u0161tis: 214 cm Gylis: 55 cm<\/p>","protected":false},"featured_media":334739,"comment_status":"open","ping_status":"closed","template":"","meta":[],"product_brand":[],"product_cat":[9857,1177],"product_tag":[],"class_list":{"0":"post-334633","1":"product","2":"type-product","3":"status-publish","4":"has-post-thumbnail","6":"product_cat-meblast","7":"product_cat-wardrobes","9":"first","10":"instock","11":"shipping-taxable","12":"purchasable","13":"product-type-variable","14":"wvs-archive-product-wrapper"},"_links":{"self":[{"href":"https:\/\/baldumarket.lt\/lt\/wp-json\/wp\/v2\/product\/334633","targetHints":{"allow":["GET"]}}],"collection":[{"href":"https:\/\/baldumarket.lt\/lt\/wp-json\/wp\/v2\/product"}],"about":[{"href":"https:\/\/baldumarket.lt\/lt\/wp-json\/wp\/v2\/types\/product"}],"replies":[{"embeddable":true,"href":"https:\/\/baldumarket.lt\/lt\/wp-json\/wp\/v2\/comments?post=334633"}],"wp:featuredmedia":[{"embeddable":true,"href":"https:\/\/baldumarket.lt\/lt\/wp-json\/wp\/v2\/media\/334739"}],"wp:attachment":[{"href":"https:\/\/baldumarket.lt\/lt\/wp-json\/wp\/v2\/media?parent=334633"}],"wp:term":[{"taxonomy":"product_brand","embeddable":true,"href":"https:\/\/baldumarket.lt\/lt\/wp-json\/wp\/v2\/product_brand?post=334633"},{"taxonomy":"product_cat","embeddable":true,"href":"https:\/\/baldumarket.lt\/lt\/wp-json\/wp\/v2\/product_cat?post=334633"},{"taxonomy":"product_tag","embeddable":true,"href":"https:\/\/baldumarket.lt\/lt\/wp-json\/wp\/v2\/product_tag?post=334633"}],"curies":[{"name":"wp","href":"https:\/\/api.w.org\/{rel}","templated":true}]}}