{"id":334631,"date":"2026-03-07T00:43:33","date_gmt":"2026-03-06T21:43:33","guid":{"rendered":"https:\/\/baldumarket.lt\/?post_type=product&#038;p=334631"},"modified":"2026-03-31T10:17:06","modified_gmt":"2026-03-31T07:17:06","slug":"moduline-spinta-90x225-cm-su-lentynomis-ir-pakaba-max-premium-f","status":"publish","type":"product","link":"https:\/\/baldumarket.lt\/lt\/produktas\/moduline-spinta-90x225-cm-su-lentynomis-ir-pakaba-max-premium-f\/","title":{"rendered":"Modulin\u0117 spinta 90\u00d7225 cm su lentynomis ir pakaba \u2013 MAX Premium \u201cF\u201d"},"content":{"rendered":"<p>\u201cModulin\u0117s spint\u0173 sistemos \u201dMAX\u201c modulis \u2013 spinta 90 \u201dF\u201c<\/p>\n<p>\u0160i 90 \u00d7 225 cm modulin\u0117 spinta su lentynomis ir drabu\u017ei\u0173 kabykla yra universalus ir prakti\u0161kas \u201eMAX Premium System\u201c linijos baldas, skirtas funkcionaliam erdv\u0117s i\u0161naudojimui namuose ar bute. Ji derina paprast\u0105 form\u0105 su gerai apgalvotu vidaus i\u0161planavimu, tod\u0117l puikiai tinka tiek kaip atskiras baldas, tiek kaip didesn\u0117s modulin\u0117s sistemos dalis.<br \/>\nSpintos viduje yra erdvus drabu\u017ei\u0173 skersinis, leid\u017eiantis patogiai laikyti drabu\u017eius ant pakab\u0173, \u012fskaitant striukes, paltus ir sukneles. Erdvios lentynos taip pat puikiai tinka megztiniams, d\u017einsams, krep\u0161iams ir nam\u0173 tekstilei laikyti. \u0160is derinys u\u017etikrina lankstum\u0105 ir patogum\u0105 kasdien naudojant.<\/p>\n<p>Spinta pagaminta i\u0161 auk\u0161tos kokyb\u0117s auk\u0161\u010diausios kokyb\u0117s med\u017eiag\u0173. Ji turi patogiam naudojimui skirtus \u0161velniai u\u017esidaran\u010dius vyrius ir patvarias metalines rankenas, kurias galima rinktis i\u0161 trij\u0173 spalv\u0173: juodos, aliuminio ir auksin\u0117s. Spintos korpusas ir fasadai gali b\u016bti apdailinti \u012fvairiomis spalvomis i\u0161 plataus galim\u0173 spalv\u0173 asortimento, tod\u0117l baldus lengva priderinti prie individuali\u0173 pageidavim\u0173 ir interjero stiliaus.<br \/>\nMAX sistema \u2013 tai sprendimas, sukurtas galvojant apie lankstum\u0105. Drabu\u017ei\u0173 spint\u0105 galima laisvai derinti su kitais segmentais, sukuriant konkre\u010diam kambariui ir kintantiems nam\u0173 \u016bkio poreikiams pritaikytus vienetus. Moduli\u0161kumas yra did\u017eiulis privalumas, leid\u017eiantis lengvai planuoti erdv\u0119, nesvarbu, ar \u012frengiama r\u016bbin\u0117, miegamasis, ar dalis prie\u0161kambario.<br \/>\n90\u00d7225 cm dyd\u017eio spinta su lentynomis ir drabu\u017ei\u0173 kabykla \u2013 puikus pasirinkimas tiems, kurie vertina funkcionalum\u0105, estetik\u0105 ir individual\u0173 pritaikym\u0105. \u0160is baldas ne tik sutvarkys j\u016bs\u0173 erdv\u0119, bet ir j\u0105 praturtins.<\/p>","protected":false},"excerpt":{"rendered":"<p>Matmenys:<br \/>\nPlotis: 90 cm<br \/>\n\u016agis: 225 cm<br \/>\nGylis: 54 cm<\/p>","protected":false},"featured_media":334728,"comment_status":"open","ping_status":"closed","template":"","meta":[],"product_brand":[],"product_cat":[9990,9857,1177],"product_tag":[],"class_list":{"0":"post-334631","1":"product","2":"type-product","3":"status-publish","4":"has-post-thumbnail","6":"product_cat-furniture-system-max","7":"product_cat-meblast","8":"product_cat-wardrobes","10":"first","11":"instock","12":"shipping-taxable","13":"purchasable","14":"product-type-variable","15":"wvs-archive-product-wrapper"},"_links":{"self":[{"href":"https:\/\/baldumarket.lt\/lt\/wp-json\/wp\/v2\/product\/334631","targetHints":{"allow":["GET"]}}],"collection":[{"href":"https:\/\/baldumarket.lt\/lt\/wp-json\/wp\/v2\/product"}],"about":[{"href":"https:\/\/baldumarket.lt\/lt\/wp-json\/wp\/v2\/types\/product"}],"replies":[{"embeddable":true,"href":"https:\/\/baldumarket.lt\/lt\/wp-json\/wp\/v2\/comments?post=334631"}],"wp:featuredmedia":[{"embeddable":true,"href":"https:\/\/baldumarket.lt\/lt\/wp-json\/wp\/v2\/media\/334728"}],"wp:attachment":[{"href":"https:\/\/baldumarket.lt\/lt\/wp-json\/wp\/v2\/media?parent=334631"}],"wp:term":[{"taxonomy":"product_brand","embeddable":true,"href":"https:\/\/baldumarket.lt\/lt\/wp-json\/wp\/v2\/product_brand?post=334631"},{"taxonomy":"product_cat","embeddable":true,"href":"https:\/\/baldumarket.lt\/lt\/wp-json\/wp\/v2\/product_cat?post=334631"},{"taxonomy":"product_tag","embeddable":true,"href":"https:\/\/baldumarket.lt\/lt\/wp-json\/wp\/v2\/product_tag?post=334631"}],"curies":[{"name":"wp","href":"https:\/\/api.w.org\/{rel}","templated":true}]}}