{"id":334629,"date":"2026-03-07T00:43:30","date_gmt":"2026-03-06T21:43:30","guid":{"rendered":"https:\/\/baldumarket.lt\/?post_type=product&#038;p=334629"},"modified":"2026-03-31T10:17:06","modified_gmt":"2026-03-31T07:17:06","slug":"moduline-spinta-90x225-cm-su-lentynomis-ir-dviem-drabuziu-kabyklomis-max-premium-g","status":"publish","type":"product","link":"https:\/\/baldumarket.lt\/lt\/produktas\/moduline-spinta-90x225-cm-su-lentynomis-ir-dviem-drabuziu-kabyklomis-max-premium-g\/","title":{"rendered":"Modulin\u0117 spinta 90\u00d7225 cm su lentynomis ir dviem drabu\u017ei\u0173 kabyklomis \u2013 MAX Premium \u201cG\u201d"},"content":{"rendered":"<p>\u201cMAX\u201d modulin\u0117s spintos sistemos modulis \u2013 Spinta 90 \u201cG\u201d \u0160i 90\u00d7225 cm modulin\u0117 spinta su lentynomis ir dviem drabu\u017ei\u0173 kabyklomis yra puikus pasirinkimas tiems, kuriems reikia efektyvios pakabinam\u0173 drabu\u017ei\u0173 laikymo sistemos, i\u0161laikant tvark\u0105 ir estetik\u0105. Priklausanti MAX Premium System serijai, ji pasi\u017eymi padidintu funkcionalumu d\u0117l dvigubo kabyklo, tod\u0117l idealiai tinka poroms, \u0161eimoms ar vartotojams, turintiems dideles spintas. Spintos vidus suprojektuotas atsi\u017evelgiant \u012f ergonomik\u0105. Du pakabos kabyklai, i\u0161d\u0117styti vienas vir\u0161 kito, maksimaliai padidina vertikali\u0105 erdv\u0119, tod\u0117l galima laikyti daugiau mar\u0161kini\u0173, sukneli\u0173, striuki\u0173 ar palt\u0173. Lentynos, esan\u010dios vir\u0161utin\u0117je spintos dalyje, suteikia papildomos vietos sulankstytiems drabu\u017eiams, aksesuarams, bat\u0173 d\u0117\u017e\u0117ms ar sezoniniams aksesuarams. Spinta gaminama pagal Premium standart\u0105, \u012fskaitant \u0161velnaus u\u017edarymo vyrius ir metalines rankenas, kurios yra trij\u0173 spalv\u0173: juodos, aliuminio ir auksin\u0117s. Be to, galite pasirinkti bald\u0173 spalv\u0105 i\u0161 plataus galim\u0173 dekor\u0173 asortimento, tod\u0117l spint\u0105 lengvai priderinsite prie savo nam\u0173 stiliaus. Pagrindinis MAX sistemos privalumas yra jos moduli\u0161kumas. Dvigubo strypo spinta gali b\u016bti derinama su kitais \u0161ios serijos baldais, sukuriant i\u0161sami\u0105 ni\u0161\u0105, drabu\u017ein\u0119 arba laisvai stovint\u012f bald\u0105. Toks i\u0161d\u0117stymas puikiai tinka tiek individualiuose namuose, tiek butuose, kur svarbus kiekvienas erdv\u0117s centimetras. Tai leid\u017eia jums patiems nuspr\u0119sti, kaip i\u0161d\u0117styti savo spint\u0105. Tai prakti\u0161kas ir esteti\u0161kas sprendimas, derinantis modern\u0173 dizain\u0105 su dideliu funkcionalumu. Pasirink\u0119 \u0161i\u0105 spint\u0105, \u012fgysite erdv\u0119, puikiai atitinkan\u010di\u0105 j\u016bs\u0173 kasdienius poreikius.<\/p>","protected":false},"excerpt":{"rendered":"<p>Matmenys: Plotis: 90 cm Auk\u0161tis: 225 cm Gylis: 54 cm<\/p>","protected":false},"featured_media":334721,"comment_status":"open","ping_status":"closed","template":"","meta":[],"product_brand":[],"product_cat":[9990,9857,1177],"product_tag":[],"class_list":{"0":"post-334629","1":"product","2":"type-product","3":"status-publish","4":"has-post-thumbnail","6":"product_cat-furniture-system-max","7":"product_cat-meblast","8":"product_cat-wardrobes","10":"first","11":"instock","12":"shipping-taxable","13":"purchasable","14":"product-type-variable","15":"wvs-archive-product-wrapper"},"_links":{"self":[{"href":"https:\/\/baldumarket.lt\/lt\/wp-json\/wp\/v2\/product\/334629","targetHints":{"allow":["GET"]}}],"collection":[{"href":"https:\/\/baldumarket.lt\/lt\/wp-json\/wp\/v2\/product"}],"about":[{"href":"https:\/\/baldumarket.lt\/lt\/wp-json\/wp\/v2\/types\/product"}],"replies":[{"embeddable":true,"href":"https:\/\/baldumarket.lt\/lt\/wp-json\/wp\/v2\/comments?post=334629"}],"wp:featuredmedia":[{"embeddable":true,"href":"https:\/\/baldumarket.lt\/lt\/wp-json\/wp\/v2\/media\/334721"}],"wp:attachment":[{"href":"https:\/\/baldumarket.lt\/lt\/wp-json\/wp\/v2\/media?parent=334629"}],"wp:term":[{"taxonomy":"product_brand","embeddable":true,"href":"https:\/\/baldumarket.lt\/lt\/wp-json\/wp\/v2\/product_brand?post=334629"},{"taxonomy":"product_cat","embeddable":true,"href":"https:\/\/baldumarket.lt\/lt\/wp-json\/wp\/v2\/product_cat?post=334629"},{"taxonomy":"product_tag","embeddable":true,"href":"https:\/\/baldumarket.lt\/lt\/wp-json\/wp\/v2\/product_tag?post=334629"}],"curies":[{"name":"wp","href":"https:\/\/api.w.org\/{rel}","templated":true}]}}