{"id":334607,"date":"2026-03-07T00:42:51","date_gmt":"2026-03-06T21:42:51","guid":{"rendered":"https:\/\/baldumarket.lt\/?post_type=product&#038;p=334607"},"modified":"2026-03-31T10:17:05","modified_gmt":"2026-03-31T07:17:05","slug":"moduline-spinta-90x225-cm-su-pakaba-stalciais-ir-lentynomis-max-premium-k","status":"publish","type":"product","link":"https:\/\/baldumarket.lt\/lt\/produktas\/moduline-spinta-90x225-cm-su-pakaba-stalciais-ir-lentynomis-max-premium-k\/","title":{"rendered":"Modulin\u0117 spinta 90\u00d7225 cm su pakaba, stal\u010diais ir lentynomis \u2013 MAX Premium \u201cK\u201d"},"content":{"rendered":"<p>\u201cMAX\u201d modulin\u0117s spintos sistemos modulis \u2013 Spinta 90 \u201cK\u201d \u0160i 90\u00d7225 cm modulin\u0117 spinta su pakaba, stal\u010diais ir lentynomis yra funkcionalus MAX Premium System serijos baldas, skirtas i\u0161rankiems vartotojams, ie\u0161kantiems maksimalaus talpumo ir kasdienio komforto. Trij\u0173 skirting\u0173 tip\u0173 pakabos viet\u0173, lentyn\u0173 ir stal\u010di\u0173 derinys paver\u010dia \u0161i\u0105 spint\u0105 puikiu centriniu elementu spintoje, miegamajame ar prie\u0161kambaryje. Ant strypo patogiai galima laikyti drabu\u017eius, kuriuos reikia pakabinti, pavyzd\u017eiui, paltus, striukes, sukneles ar mar\u0161kinius. \u0160alia jo yra prakti\u0161kos lentynos, kuriose galite lengvai susid\u0117ti megztinius, kelnes ar aksesuarus. Erdv\u016bs stal\u010diai, idealiai tinkantys apatiniams drabu\u017eiams, sezoniniams aksesuarams, dir\u017eams ar \u0161alikams laikyti, u\u017ebaigia vaizd\u0105. Toks vidaus i\u0161d\u0117stymas leid\u017eia patogiai sutvarkyti spint\u0105 ir u\u017etikrina, kad kiekvienas daiktas tur\u0117t\u0173 savo viet\u0105. Visi komponentai pagaminti pagal auk\u0161\u010diausios kokyb\u0117s standartus, tai rei\u0161kia, kad stal\u010diai yra visi\u0161kai i\u0161traukiami ir turi \u0161velnaus u\u017edarymo mechanizm\u0105, vyriai taip pat veikia tyliai, o metalin\u0117s rankenos yra trij\u0173 spalv\u0173: juodos, aliuminio ir auksin\u0117s. Bald\u0105 galima apdailinti bet kokia turima palet\u0117s spalva, tod\u0117l jo i\u0161vaizd\u0105 galite priderinti prie bet kokio interjero stiliaus. Vienas did\u017eiausi\u0173 MAX sistemos privalum\u0173 yra jos moduli\u0161kumas. Spint\u0105 galima laisvai derinti su kitais segmentais, sukuriant sistem\u0105, pritaikyt\u0105 individualiems naudotojo poreikiams. \u0160i sistema suteikia jums visi\u0161k\u0105 erdv\u0117s organizavimo kontrol\u0119, kuri\u0105 galite pl\u0117sti ir keisti pagal savo poreikius. Nesvarbu, ar planuojate kompakti\u0161k\u0105 spint\u0105, ar visapusi\u0161k\u0105 sienin\u0119 instaliacij\u0105, j\u0105 lengva pritaikyti individualiai.<\/p>","protected":false},"excerpt":{"rendered":"<p>Matmenys: Plotis: 90 cm Auk\u0161tis: 225 cm Gylis: 54 cm<\/p>","protected":false},"featured_media":334716,"comment_status":"open","ping_status":"closed","template":"","meta":[],"product_brand":[],"product_cat":[9990,9857,1177],"product_tag":[],"class_list":{"0":"post-334607","1":"product","2":"type-product","3":"status-publish","4":"has-post-thumbnail","6":"product_cat-furniture-system-max","7":"product_cat-meblast","8":"product_cat-wardrobes","10":"first","11":"instock","12":"shipping-taxable","13":"purchasable","14":"product-type-variable","15":"wvs-archive-product-wrapper"},"_links":{"self":[{"href":"https:\/\/baldumarket.lt\/lt\/wp-json\/wp\/v2\/product\/334607","targetHints":{"allow":["GET"]}}],"collection":[{"href":"https:\/\/baldumarket.lt\/lt\/wp-json\/wp\/v2\/product"}],"about":[{"href":"https:\/\/baldumarket.lt\/lt\/wp-json\/wp\/v2\/types\/product"}],"replies":[{"embeddable":true,"href":"https:\/\/baldumarket.lt\/lt\/wp-json\/wp\/v2\/comments?post=334607"}],"wp:featuredmedia":[{"embeddable":true,"href":"https:\/\/baldumarket.lt\/lt\/wp-json\/wp\/v2\/media\/334716"}],"wp:attachment":[{"href":"https:\/\/baldumarket.lt\/lt\/wp-json\/wp\/v2\/media?parent=334607"}],"wp:term":[{"taxonomy":"product_brand","embeddable":true,"href":"https:\/\/baldumarket.lt\/lt\/wp-json\/wp\/v2\/product_brand?post=334607"},{"taxonomy":"product_cat","embeddable":true,"href":"https:\/\/baldumarket.lt\/lt\/wp-json\/wp\/v2\/product_cat?post=334607"},{"taxonomy":"product_tag","embeddable":true,"href":"https:\/\/baldumarket.lt\/lt\/wp-json\/wp\/v2\/product_tag?post=334607"}],"curies":[{"name":"wp","href":"https:\/\/api.w.org\/{rel}","templated":true}]}}