{"id":334605,"date":"2026-03-07T00:42:49","date_gmt":"2026-03-06T21:42:49","guid":{"rendered":"https:\/\/baldumarket.lt\/?post_type=product&#038;p=334605"},"modified":"2026-03-31T10:16:57","modified_gmt":"2026-03-31T07:16:57","slug":"moduline-spinta-100x225-cm-su-drabuziu-kabykla-stalciais-ir-lentynomis-max-premium-b","status":"publish","type":"product","link":"https:\/\/baldumarket.lt\/lt\/produktas\/moduline-spinta-100x225-cm-su-drabuziu-kabykla-stalciais-ir-lentynomis-max-premium-b\/","title":{"rendered":"Modulin\u0117 spinta 100\u00d7225 cm su drabu\u017ei\u0173 kabykla, stal\u010diais ir lentynomis \u2013 MAX Premium \u201cB\u201d"},"content":{"rendered":"<p>\u201cMAX\u201d modulin\u0117s spintos sistemos modulis \u2013 Spinta 100 \u201cB\u201d \u0160i 100\u00d7225 cm modulin\u0117 spinta su drabu\u017ei\u0173 kabykla, stal\u010diais ir lentynomis yra universalus baldas, kuris patenkins net ir reikliausi\u0173 vartotoj\u0173 l\u016bkes\u010dius. D\u0117l didelio plo\u010dio ir gerai apgalvoto vidinio i\u0161planavimo ji puikiai tinka moderniems miegamiesiems, funkcionalioms drabu\u017ein\u0117ms ir erdviems prie\u0161kambariams. D\u0117l modulin\u0117s MAX Premium sistemos galite pritaikyti spint\u0105 pagal savo poreikius, sukurdami i\u0161samius daikt\u0173 laikymo sprendimus. Spintos vidus yra kruop\u0161\u010diai suplanuotas. Gilus kabykla idealiai tinka striuk\u0117ms, suknel\u0117ms, paltams ir mar\u0161kiniams, kuriuos reikia laikyti pakabinus. \u0160alia jo yra erdvios lentynos, puikiai tinkan\u010dios megztiniams, d\u017einsams, rankin\u0117ms ir aksesuarams. Spintos funkcionalum\u0105 papildo erdv\u016bs stal\u010diai, puikiai tinkantys apatiniams drabu\u017eiams, dir\u017eams, \u0161alikams ir dokumentams laikyti. Visi komponentai pagaminti pagal \u201ePremium\u201c standart\u0105. Pilno i\u0161traukimo stal\u010diai su \u0161velnaus u\u017edarymo mechanizmu u\u017etikrina patog\u0173 ir tyl\u0173 naudojim\u0105, o \u0161velnaus u\u017edarymo vyriai \u2013 patvarum\u0105 ir komfort\u0105. Juodos, aliuminio arba auksin\u0117s spalvos metalin\u0117s rankenos suteikia spintai eleganti\u0161k\u0105 i\u0161vaizd\u0105, o galimyb\u0117 rinktis i\u0161 plataus priekin\u0117s ir korpuso spalv\u0173 asortimento leid\u017eia lengvai priderinti j\u0105 prie j\u016bs\u0173 interjero stiliaus. MAX sistema si\u016blo ne tik funkcionalum\u0105, bet ir lankstum\u0105. Spint\u0105 galite derinti su kitais moduliniais segmentais, taip sukurdami ni\u0161as arba i\u0161tisas spint\u0173 sistemas. Toks i\u0161d\u0117stymas leid\u017eia lanks\u010diai konfig\u016bruoti ir pl\u0117sti. 100 \u00d7 225 cm spinta su pakaba, stal\u010diais ir lentynomis yra tvirtas, modernus baldas, kuriame eleganti\u0161kas dizainas derinamas su maksimaliu prakti\u0161kumu.<\/p>","protected":false},"excerpt":{"rendered":"<p>Matmenys: Plotis: 100 cm Auk\u0161tis: 225 cm Gylis: 54 cm<\/p>","protected":false},"featured_media":334707,"comment_status":"open","ping_status":"closed","template":"","meta":[],"product_brand":[],"product_cat":[9990,9857,1177],"product_tag":[],"class_list":{"0":"post-334605","1":"product","2":"type-product","3":"status-publish","4":"has-post-thumbnail","6":"product_cat-furniture-system-max","7":"product_cat-meblast","8":"product_cat-wardrobes","10":"first","11":"instock","12":"shipping-taxable","13":"purchasable","14":"product-type-variable","15":"wvs-archive-product-wrapper"},"_links":{"self":[{"href":"https:\/\/baldumarket.lt\/lt\/wp-json\/wp\/v2\/product\/334605","targetHints":{"allow":["GET"]}}],"collection":[{"href":"https:\/\/baldumarket.lt\/lt\/wp-json\/wp\/v2\/product"}],"about":[{"href":"https:\/\/baldumarket.lt\/lt\/wp-json\/wp\/v2\/types\/product"}],"replies":[{"embeddable":true,"href":"https:\/\/baldumarket.lt\/lt\/wp-json\/wp\/v2\/comments?post=334605"}],"wp:featuredmedia":[{"embeddable":true,"href":"https:\/\/baldumarket.lt\/lt\/wp-json\/wp\/v2\/media\/334707"}],"wp:attachment":[{"href":"https:\/\/baldumarket.lt\/lt\/wp-json\/wp\/v2\/media?parent=334605"}],"wp:term":[{"taxonomy":"product_brand","embeddable":true,"href":"https:\/\/baldumarket.lt\/lt\/wp-json\/wp\/v2\/product_brand?post=334605"},{"taxonomy":"product_cat","embeddable":true,"href":"https:\/\/baldumarket.lt\/lt\/wp-json\/wp\/v2\/product_cat?post=334605"},{"taxonomy":"product_tag","embeddable":true,"href":"https:\/\/baldumarket.lt\/lt\/wp-json\/wp\/v2\/product_tag?post=334605"}],"curies":[{"name":"wp","href":"https:\/\/api.w.org\/{rel}","templated":true}]}}