{"id":334603,"date":"2026-03-07T00:42:48","date_gmt":"2026-03-06T21:42:48","guid":{"rendered":"https:\/\/baldumarket.lt\/?post_type=product&#038;p=334603"},"modified":"2026-03-28T11:13:38","modified_gmt":"2026-03-28T08:13:38","slug":"spinta-222-230-drabuziu-kabykla-lentynos-vidiniai-stalciai","status":"publish","type":"product","link":"https:\/\/baldumarket.lt\/lt\/produktas\/spinta-222-230-drabuziu-kabykla-lentynos-vidiniai-stalciai\/","title":{"rendered":"Spinta 222\/230 \u2013 drabu\u017ei\u0173 kabykla, lentynos, vidiniai stal\u010diai"},"content":{"rendered":"<p>Ie\u0161kote funkcionalios spintos, kuri pad\u0117t\u0173 suvaldyti netvark\u0105 kambaryje? I\u0161sirinkite 222\/230 spint\u0105 i\u0161 e-mablast.pl. Spinta yra \u012fvairi\u0173 spalv\u0173. Kad ir kuri\u0105 pasirinktum\u0117te, ji atrodys stilingai ir moderniai. Su erdvia spinta galite sutvarkyti r\u016bbin\u0117s ar miegamojo interjer\u0105. 222\/230 modelis taip pat puikiai tiks koridoriuje ar paauglio kambaryje.<br \/>\n\u0160is baldas pasi\u017eymi tvirta konstrukcija, kurioje yra daug vietos daiktams susid\u0117ti. Spintos viduje yra daug lentyn\u0173, kuriose galite susid\u0117ti megztinius ir kelnes. Svarbiausias bruo\u017eas \u2013 erdv\u016bs stal\u010diai, puikiai tinkantys smulkiems drabu\u017eiams ir aksesuarams. Spintoje taip pat yra pakabos, puikiai tinkan\u010dios paltams, striuk\u0117ms, \u0161varkams ar suknel\u0117ms pakabinti.<br \/>\nRinkit\u0117s auk\u0161\u010diausios kokyb\u0117s baldus i\u0161 Lenkijos gamintojo, kurie tarnaus ilgus metus.<\/p>","protected":false},"excerpt":{"rendered":"<p>Matmenys: Plotis: 222 cm Auk\u0161tis: 230 cm Gylis: 57 cm<\/p>","protected":false},"featured_media":334701,"comment_status":"open","ping_status":"closed","template":"","meta":[],"product_brand":[],"product_cat":[9857,9985,1177],"product_tag":[],"class_list":{"0":"post-334603","1":"product","2":"type-product","3":"status-publish","4":"has-post-thumbnail","6":"product_cat-meblast","7":"product_cat-sliding-wardrobes-meblast","8":"product_cat-wardrobes","10":"first","11":"instock","12":"shipping-taxable","13":"purchasable","14":"product-type-variable","15":"wvs-archive-product-wrapper"},"_links":{"self":[{"href":"https:\/\/baldumarket.lt\/lt\/wp-json\/wp\/v2\/product\/334603","targetHints":{"allow":["GET"]}}],"collection":[{"href":"https:\/\/baldumarket.lt\/lt\/wp-json\/wp\/v2\/product"}],"about":[{"href":"https:\/\/baldumarket.lt\/lt\/wp-json\/wp\/v2\/types\/product"}],"replies":[{"embeddable":true,"href":"https:\/\/baldumarket.lt\/lt\/wp-json\/wp\/v2\/comments?post=334603"}],"wp:featuredmedia":[{"embeddable":true,"href":"https:\/\/baldumarket.lt\/lt\/wp-json\/wp\/v2\/media\/334701"}],"wp:attachment":[{"href":"https:\/\/baldumarket.lt\/lt\/wp-json\/wp\/v2\/media?parent=334603"}],"wp:term":[{"taxonomy":"product_brand","embeddable":true,"href":"https:\/\/baldumarket.lt\/lt\/wp-json\/wp\/v2\/product_brand?post=334603"},{"taxonomy":"product_cat","embeddable":true,"href":"https:\/\/baldumarket.lt\/lt\/wp-json\/wp\/v2\/product_cat?post=334603"},{"taxonomy":"product_tag","embeddable":true,"href":"https:\/\/baldumarket.lt\/lt\/wp-json\/wp\/v2\/product_tag?post=334603"}],"curies":[{"name":"wp","href":"https:\/\/api.w.org\/{rel}","templated":true}]}}