{"id":334587,"date":"2026-03-07T00:42:11","date_gmt":"2026-03-06T21:42:11","guid":{"rendered":"https:\/\/baldumarket.lt\/?post_type=product&#038;p=334587"},"modified":"2026-03-30T09:50:10","modified_gmt":"2026-03-30T06:50:10","slug":"5d-360-spinta-pakabinimo-begeliai-istraukiamos-lentynos-vieta-lyginimo-lentai-stalciai","status":"publish","type":"product","link":"https:\/\/baldumarket.lt\/lt\/produktas\/5d-360-spinta-pakabinimo-begeliai-istraukiamos-lentynos-vieta-lyginimo-lentai-stalciai\/","title":{"rendered":"5D\/360 spinta \u2013 pakabinimo b\u0117geliai, i\u0161traukiamos lentynos, vieta lyginimo lentai, stal\u010diai"},"content":{"rendered":"<p>Prakti\u0161kas sprendimas su unikaliu stiliumi.<br \/>\nReikia visus savo daiktus laikyti vienoje vietoje? Erdvioje 5D\/360 spintoje tilps ne tik drabu\u017eiai, batai, aksesuarai, bet ir slidin\u0117jimo \u012franga bei daug daugiau.<br \/>\nPrakti\u0161kos ir stilingos spintos su stumdomomis durimis<br \/>\nStumdom\u0173 dur\u0173 spintos yra eleganti\u0161kos, stilingos ir puikiai tinka tiek dideliems, tiek ma\u017eiems kambariams. e-meblast.pl si\u016blo spintas \u012fvairi\u0173 spalv\u0173.<br \/>\nSpintos su stumdomomis durimis, si\u016blomos \u012fvairi\u0173 spalv\u0173, yra labai populiarios. Funkcionalios stumdomos durys leid\u017eia \u0161ias spintas naudoti erdv\u0117se, kuriose n\u0117ra pakankamai vietos atidaryti tradicines spint\u0173 duris.<br \/>\nStumdom\u0173 dur\u0173 spintos idealiai tinka tokioms patalpoms kaip koridorius ar vaik\u0173 kambarys. e-meblast.pl taip pat si\u016blo stumdom\u0173 dur\u0173 spintas miegamiesiems. Jei ie\u0161kote spintos prie\u0161kambariui, puikus pasirinkimas yra modeliai su veidrodin\u0117mis stumdomomis durimis. Rinkit\u0117s auk\u0161tos kokyb\u0117s lenk\u0173 gamintojo spintas ir m\u0117gaukit\u0117s j\u0173 funkcionalumu daugel\u012f met\u0173.<\/p>","protected":false},"excerpt":{"rendered":"<p>Matmenys:<br \/>\nPlotis: 360 cm<br \/>\n\u016agis: 244 cm<br \/>\nGylis: 65 cm<\/p>","protected":false},"featured_media":334697,"comment_status":"open","ping_status":"closed","template":"","meta":[],"product_brand":[],"product_cat":[9857,9985,1177],"product_tag":[],"class_list":{"0":"post-334587","1":"product","2":"type-product","3":"status-publish","4":"has-post-thumbnail","6":"product_cat-meblast","7":"product_cat-sliding-wardrobes-meblast","8":"product_cat-wardrobes","10":"first","11":"instock","12":"shipping-taxable","13":"purchasable","14":"product-type-variable","15":"wvs-archive-product-wrapper"},"_links":{"self":[{"href":"https:\/\/baldumarket.lt\/lt\/wp-json\/wp\/v2\/product\/334587","targetHints":{"allow":["GET"]}}],"collection":[{"href":"https:\/\/baldumarket.lt\/lt\/wp-json\/wp\/v2\/product"}],"about":[{"href":"https:\/\/baldumarket.lt\/lt\/wp-json\/wp\/v2\/types\/product"}],"replies":[{"embeddable":true,"href":"https:\/\/baldumarket.lt\/lt\/wp-json\/wp\/v2\/comments?post=334587"}],"wp:featuredmedia":[{"embeddable":true,"href":"https:\/\/baldumarket.lt\/lt\/wp-json\/wp\/v2\/media\/334697"}],"wp:attachment":[{"href":"https:\/\/baldumarket.lt\/lt\/wp-json\/wp\/v2\/media?parent=334587"}],"wp:term":[{"taxonomy":"product_brand","embeddable":true,"href":"https:\/\/baldumarket.lt\/lt\/wp-json\/wp\/v2\/product_brand?post=334587"},{"taxonomy":"product_cat","embeddable":true,"href":"https:\/\/baldumarket.lt\/lt\/wp-json\/wp\/v2\/product_cat?post=334587"},{"taxonomy":"product_tag","embeddable":true,"href":"https:\/\/baldumarket.lt\/lt\/wp-json\/wp\/v2\/product_tag?post=334587"}],"curies":[{"name":"wp","href":"https:\/\/api.w.org\/{rel}","templated":true}]}}