{"id":334585,"date":"2026-03-07T00:42:09","date_gmt":"2026-03-06T21:42:09","guid":{"rendered":"https:\/\/baldumarket.lt\/?post_type=product&#038;p=334585"},"modified":"2026-03-27T12:28:42","modified_gmt":"2026-03-27T09:28:42","slug":"spinta-180-230-pakabinimo-karnizas-lentynos-vidiniai-stalciai","status":"publish","type":"product","link":"https:\/\/baldumarket.lt\/lt\/produktas\/spinta-180-230-pakabinimo-karnizas-lentynos-vidiniai-stalciai\/","title":{"rendered":"Spinta 180\/230 \u2013 pakabinimo karnizas, lentynos, vidiniai stal\u010diai"},"content":{"rendered":"<p>Ie\u0161kote modernios ir prakti\u0161kos spintos savo svetainei ar miegamajam?<br \/>\nI\u0161sirinkite 180\/230 dyd\u017eio spint\u0105 i\u0161 emeblast.pl. \u0160i prakti\u0161ka spinta su varstomomis durimis pateisins visus j\u016bs\u0173 l\u016bkes\u010dius. \u0160i i\u0161skirtinai funkcionali spinta yra ne\u012ftik\u0117tinai erdvi ir puikiai tinka laikyti drabu\u017eius, batus ir aksesuarus.<br \/>\n\u0160is spintos modelis turi tris erdvius vidinius stal\u010dius, kurie pad\u0117s jums sutvarkyti ir laikyti visus b\u016btiniausius daiktus \u2013 tiek ma\u017eus, tiek didelius.<br \/>\nSpintos vidus yra puikiai sutvarkytas, tod\u0117l lengva rasti tai, ko jums reikia. Be to, galite rinktis i\u0161 plataus spalv\u0173 spektro, kad atitikt\u0173 j\u016bs\u0173 interjer\u0105 ir estetinius pageidavimus. Unikalus \u0161io modelio dizainas suteikia nepaprasto \u017eavesio ir paver\u010dia j\u012f ne tik prakti\u0161ku, bet ir stilingu j\u016bs\u0173 erdv\u0117s elementu.<br \/>\nRinkit\u0117s kokybi\u0161kus baldus i\u0161 Lenkijos gamintojo.<\/p>","protected":false},"excerpt":{"rendered":"<p>Matmenys:<br \/>\nPlotis: 180 cm<br \/>\nAuk\u0161tis: 230 cm<br \/>\nGylis: 55 cm<\/p>","protected":false},"featured_media":334688,"comment_status":"open","ping_status":"closed","template":"","meta":[],"product_brand":[],"product_cat":[9857,9985,1177],"product_tag":[],"class_list":{"0":"post-334585","1":"product","2":"type-product","3":"status-publish","4":"has-post-thumbnail","6":"product_cat-meblast","7":"product_cat-sliding-wardrobes-meblast","8":"product_cat-wardrobes","10":"first","11":"instock","12":"shipping-taxable","13":"purchasable","14":"product-type-variable","15":"wvs-archive-product-wrapper"},"_links":{"self":[{"href":"https:\/\/baldumarket.lt\/lt\/wp-json\/wp\/v2\/product\/334585","targetHints":{"allow":["GET"]}}],"collection":[{"href":"https:\/\/baldumarket.lt\/lt\/wp-json\/wp\/v2\/product"}],"about":[{"href":"https:\/\/baldumarket.lt\/lt\/wp-json\/wp\/v2\/types\/product"}],"replies":[{"embeddable":true,"href":"https:\/\/baldumarket.lt\/lt\/wp-json\/wp\/v2\/comments?post=334585"}],"wp:featuredmedia":[{"embeddable":true,"href":"https:\/\/baldumarket.lt\/lt\/wp-json\/wp\/v2\/media\/334688"}],"wp:attachment":[{"href":"https:\/\/baldumarket.lt\/lt\/wp-json\/wp\/v2\/media?parent=334585"}],"wp:term":[{"taxonomy":"product_brand","embeddable":true,"href":"https:\/\/baldumarket.lt\/lt\/wp-json\/wp\/v2\/product_brand?post=334585"},{"taxonomy":"product_cat","embeddable":true,"href":"https:\/\/baldumarket.lt\/lt\/wp-json\/wp\/v2\/product_cat?post=334585"},{"taxonomy":"product_tag","embeddable":true,"href":"https:\/\/baldumarket.lt\/lt\/wp-json\/wp\/v2\/product_tag?post=334585"}],"curies":[{"name":"wp","href":"https:\/\/api.w.org\/{rel}","templated":true}]}}