{"id":334583,"date":"2026-03-07T00:42:08","date_gmt":"2026-03-06T21:42:08","guid":{"rendered":"https:\/\/baldumarket.lt\/?post_type=product&#038;p=334583"},"modified":"2026-03-28T12:43:14","modified_gmt":"2026-03-28T09:43:14","slug":"spinta-320-230-drabuziu-kabykla-vidines-lentynos-isoriniai-stalciai-veidrodis","status":"publish","type":"product","link":"https:\/\/baldumarket.lt\/lt\/produktas\/spinta-320-230-drabuziu-kabykla-vidines-lentynos-isoriniai-stalciai-veidrodis\/","title":{"rendered":"Spinta 320\/230 \u2013 drabu\u017ei\u0173 kabykla, vidin\u0117s lentynos, i\u0161oriniai stal\u010diai, veidrodis"},"content":{"rendered":"<p>320\/230 cm spinta, kurios norite savo namams, i\u0161siskiria moderniu dizainu. Ji funkcionali ir suteikia daug vietos \u012fvairiems daiktams susid\u0117ti.<br \/>\n\u0160is spintos modelis pasi\u017eymi varstomomis durel\u0117mis, kurios leid\u017eia lengvai patekti \u012f vid\u0173. Lentyn\u0173 skai\u010dius \u012fsp\u016bdingas \u2013 jose galite susid\u0117ti \u012fvairiausius daiktus \u2013 nuo drabu\u017ei\u0173 iki aksesuar\u0173 ir net dekoracij\u0173. Tai leid\u017eia visk\u0105 tvarkingai sutvarkyti ir i\u0161laikyti tvark\u0105 kambaryje, tod\u0117l lengviau.<br \/>\nSpintos apa\u010dioje yra keturi dideli stal\u010diai. Tai ne\u012ftik\u0117tinai erdvi erdv\u0117, puikiai tinkanti apatiniams drabu\u017eiams, kojin\u0117ms, smulkiems aksesuarams ar rank\u0161luos\u010diams laikyti. \u0160ie stal\u010diai leid\u017eia lengvai ir tvarkingai laikyti ma\u017eesnius daiktus.<\/p>\n<p>Be to, spintoje yra drabu\u017ei\u0173 pakabos. Tai puikus sprendimas tiems, kurie turi didel\u0119 pakabinam\u0173 drabu\u017ei\u0173 kolekcij\u0105. Ant j\u0173 galite sud\u0117ti striukes, sukneles, mar\u0161kinius ar paltus, kad jie i\u0161likt\u0173 geros b\u016bkl\u0117s ir b\u016bt\u0173 lengvai pasiekiami kasdien naudojant.<\/p>\n<p>Svarbus \u0161ios spintos aspektas \u2013 modernus dizainas. Eleganti\u0161kos ir minimalistin\u0117s linijos suteikia charakterio bet kokiam interjerui. Ji pagaminta i\u0161 auk\u0161tos kokyb\u0117s med\u017eiag\u0173, u\u017etikrinan\u010di\u0173 patvarum\u0105 ir tvirtum\u0105. Galima rinktis i\u0161 \u012fvairi\u0173 spalv\u0173, tod\u0117l j\u0105 galima pritaikyti prie j\u016bs\u0173 skonio ir interjero stiliaus.<\/p>\n<p>\u0160i spinta su atidaromomis durel\u0117mis i\u0161 e-meblast.pl yra puikus pasirinkimas tiems, kurie vertina estetik\u0105, tvark\u0105 ir patogum\u0105.<\/p>","protected":false},"excerpt":{"rendered":"<p>Matmenys:<br \/>\nPlotis: 320 cm<br \/>\nAuk\u0161tis: 230 cm<br \/>\nGylis: 57 cm<\/p>","protected":false},"featured_media":334681,"comment_status":"open","ping_status":"closed","template":"","meta":[],"product_brand":[],"product_cat":[9857,9985,1177],"product_tag":[],"class_list":{"0":"post-334583","1":"product","2":"type-product","3":"status-publish","4":"has-post-thumbnail","6":"product_cat-meblast","7":"product_cat-sliding-wardrobes-meblast","8":"product_cat-wardrobes","10":"first","11":"instock","12":"shipping-taxable","13":"purchasable","14":"product-type-variable","15":"wvs-archive-product-wrapper"},"_links":{"self":[{"href":"https:\/\/baldumarket.lt\/lt\/wp-json\/wp\/v2\/product\/334583","targetHints":{"allow":["GET"]}}],"collection":[{"href":"https:\/\/baldumarket.lt\/lt\/wp-json\/wp\/v2\/product"}],"about":[{"href":"https:\/\/baldumarket.lt\/lt\/wp-json\/wp\/v2\/types\/product"}],"replies":[{"embeddable":true,"href":"https:\/\/baldumarket.lt\/lt\/wp-json\/wp\/v2\/comments?post=334583"}],"wp:featuredmedia":[{"embeddable":true,"href":"https:\/\/baldumarket.lt\/lt\/wp-json\/wp\/v2\/media\/334681"}],"wp:attachment":[{"href":"https:\/\/baldumarket.lt\/lt\/wp-json\/wp\/v2\/media?parent=334583"}],"wp:term":[{"taxonomy":"product_brand","embeddable":true,"href":"https:\/\/baldumarket.lt\/lt\/wp-json\/wp\/v2\/product_brand?post=334583"},{"taxonomy":"product_cat","embeddable":true,"href":"https:\/\/baldumarket.lt\/lt\/wp-json\/wp\/v2\/product_cat?post=334583"},{"taxonomy":"product_tag","embeddable":true,"href":"https:\/\/baldumarket.lt\/lt\/wp-json\/wp\/v2\/product_tag?post=334583"}],"curies":[{"name":"wp","href":"https:\/\/api.w.org\/{rel}","templated":true}]}}