{"id":334581,"date":"2026-03-07T00:42:05","date_gmt":"2026-03-06T21:42:05","guid":{"rendered":"https:\/\/baldumarket.lt\/?post_type=product&#038;p=334581"},"modified":"2026-03-31T10:16:57","modified_gmt":"2026-03-31T07:16:57","slug":"kampine-spinta-189-240-pakabinimo-begeliai-erdvus-stalciai-lentynos","status":"publish","type":"product","link":"https:\/\/baldumarket.lt\/lt\/produktas\/kampine-spinta-189-240-pakabinimo-begeliai-erdvus-stalciai-lentynos\/","title":{"rendered":"Kampin\u0117 spinta 189\/240 \u2013 pakabinimo b\u0117geliai, erdv\u016bs stal\u010diai, lentynos"},"content":{"rendered":"<p>Ie\u0161kote ne\u012ftik\u0117tinai erdvios, bet optimaliai i\u0161naudojan\u010dios erdv\u0119 spintos? Atraskite 189\/240 kampin\u0119 spint\u0105, puikiai tinkan\u010di\u0105 prie\u0161kambariui, miegamajam ar net persirengimo kambariui.<br \/>\n\u0160i moderni ir itin prakti\u0161ka kampin\u0117 spinta su varstomomis durimis yra ne\u012ftik\u0117tinai funkcionalus ir erdvus baldas. Joje yra daug lentyn\u0173, 4 erdv\u016bs stal\u010diai ir 3 pakabos.<br \/>\nKomplekt\u0105 sudaro 6 atskiri segmentai (3 pagrindin\u0117s spintos ir 3 prailginimai), kurie sukuria ne\u012ftik\u0117tinai erdvi\u0105 spint\u0105! Kiekvienas segmentas turi skirting\u0105 funkcionalum\u0105 ir paskirt\u012f, o sujung\u0119 visus elementus, sukursite ne\u012ftik\u0117tinai erdv\u0173 komplekt\u0105, kuriame tilps tiesiogine prasme viskas!<br \/>\nJei reikia, spintas galima pastatyti ir atskirai! Platus spalv\u0173 ir stili\u0173 pasirinkimas paver\u010dia spint\u0105 \u012fsp\u016bdingu j\u016bs\u0173 svetain\u0117s ar valgomojo papildymu.<br \/>\nJei pageidaujate, kad spintoje b\u016bt\u0173 veidrodis, susisiekite su mumis, kad gal\u0117tume j\u0105 pritaikyti pagal j\u016bs\u0173 poreikius. I\u0161sirinkite lenk\u0173 gamintojo spint\u0105, kuri tarnaus jums daugel\u012f met\u0173.<\/p>","protected":false},"excerpt":{"rendered":"<p>Matmenys: Plotis: 189 x 189 cm Auk\u0161tis: 240 cm Gylis: 55 cm<\/p>","protected":false},"featured_media":334669,"comment_status":"open","ping_status":"closed","template":"","meta":[],"product_brand":[],"product_cat":[9857,1177],"product_tag":[],"class_list":{"0":"post-334581","1":"product","2":"type-product","3":"status-publish","4":"has-post-thumbnail","6":"product_cat-meblast","7":"product_cat-wardrobes","9":"first","10":"instock","11":"shipping-taxable","12":"purchasable","13":"product-type-variable","14":"wvs-archive-product-wrapper"},"_links":{"self":[{"href":"https:\/\/baldumarket.lt\/lt\/wp-json\/wp\/v2\/product\/334581","targetHints":{"allow":["GET"]}}],"collection":[{"href":"https:\/\/baldumarket.lt\/lt\/wp-json\/wp\/v2\/product"}],"about":[{"href":"https:\/\/baldumarket.lt\/lt\/wp-json\/wp\/v2\/types\/product"}],"replies":[{"embeddable":true,"href":"https:\/\/baldumarket.lt\/lt\/wp-json\/wp\/v2\/comments?post=334581"}],"wp:featuredmedia":[{"embeddable":true,"href":"https:\/\/baldumarket.lt\/lt\/wp-json\/wp\/v2\/media\/334669"}],"wp:attachment":[{"href":"https:\/\/baldumarket.lt\/lt\/wp-json\/wp\/v2\/media?parent=334581"}],"wp:term":[{"taxonomy":"product_brand","embeddable":true,"href":"https:\/\/baldumarket.lt\/lt\/wp-json\/wp\/v2\/product_brand?post=334581"},{"taxonomy":"product_cat","embeddable":true,"href":"https:\/\/baldumarket.lt\/lt\/wp-json\/wp\/v2\/product_cat?post=334581"},{"taxonomy":"product_tag","embeddable":true,"href":"https:\/\/baldumarket.lt\/lt\/wp-json\/wp\/v2\/product_tag?post=334581"}],"curies":[{"name":"wp","href":"https:\/\/api.w.org\/{rel}","templated":true}]}}