{"id":334565,"date":"2026-03-07T00:41:26","date_gmt":"2026-03-06T21:41:26","guid":{"rendered":"https:\/\/baldumarket.lt\/?post_type=product&#038;p=334565"},"modified":"2026-03-28T11:36:11","modified_gmt":"2026-03-28T08:36:11","slug":"spinta-255-210-drabuziu-kabyklos-vidines-lentynos-erdvus-stalciai-tualetinis-staliukas","status":"publish","type":"product","link":"https:\/\/baldumarket.lt\/lt\/produktas\/spinta-255-210-drabuziu-kabyklos-vidines-lentynos-erdvus-stalciai-tualetinis-staliukas\/","title":{"rendered":"Spinta 255\/210 \u2013 drabu\u017ei\u0173 kabyklos, vidin\u0117s lentynos, erdv\u016bs stal\u010diai, tualetinis staliukas"},"content":{"rendered":"<p>Ie\u0161kote erdvios spintos savo miegamajam? Rinkit\u0117s 255\/210 spint\u0105, kuri nustebins savo funkcionalumu.<br \/>\nJei vertinate patrauklaus dizaino, i\u0161skirtinai funkcionalius ir prie modernaus interjero su \u012fvairiais dekoro elementais puikiai deran\u010dius baldus, spinta su varstomomis durimis ir tualetiniu staliuku tikrai patiks.<br \/>\n\u201ee-meblast.pl\u201c spintos pagamintos i\u0161 auk\u0161\u010diausios kokyb\u0117s med\u017eiag\u0173 \u2013 18 mm storio dvipus\u0117s laminuotos plok\u0161t\u0117s ir dr\u0117gmei bei \u012fbr\u0117\u017eimams atspari\u0173 komponent\u0173. D\u0117l to jos yra patvarios ir ilgaam\u017e\u0117s.<br \/>\n\u0160i balta spinta su veidrod\u017eiu pasi\u017eymi paprastu, ta\u010diau eleganti\u0161ku dizainu. Varstomos durys, erdvios lentynos ir tvirtas pakabos pakabai \u2013 visa tai daro \u0161i\u0105 spint\u0105 populiariu pasirinkimu tiems, kurie vertina skoningus ir prakti\u0161kus sprendimus. \u0160io tipo baldai taip pat si\u016blomi ir kit\u0173 spalv\u0173, tod\u0117l puikiai tinka skandinavi\u0161ko, modernaus, lofto ar tradicinio stiliaus interjerui. Turite didel\u0119 spint\u0105? Spinta 255\/210 patenkins visus j\u016bs\u0173 poreikius. Ji leis jums susitvarkyti drabu\u017eius, suteikdama j\u016bs\u0173 erdvei tvarkos ir \u0161varos.<br \/>\nRinkit\u0117s auk\u0161tos kokyb\u0117s baldus i\u0161 Lenkijos gamintojo.<\/p>","protected":false},"excerpt":{"rendered":"<p>Matmenys:<br \/>\nPlotis: 255 cm<br \/>\nAuk\u0161tis: 210 cm<br \/>\nGylis: 57 cm<\/p>","protected":false},"featured_media":334663,"comment_status":"open","ping_status":"closed","template":"","meta":[],"product_brand":[],"product_cat":[9857,9985,1177],"product_tag":[],"class_list":{"0":"post-334565","1":"product","2":"type-product","3":"status-publish","4":"has-post-thumbnail","6":"product_cat-meblast","7":"product_cat-sliding-wardrobes-meblast","8":"product_cat-wardrobes","10":"first","11":"instock","12":"shipping-taxable","13":"purchasable","14":"product-type-variable","15":"wvs-archive-product-wrapper"},"_links":{"self":[{"href":"https:\/\/baldumarket.lt\/lt\/wp-json\/wp\/v2\/product\/334565","targetHints":{"allow":["GET"]}}],"collection":[{"href":"https:\/\/baldumarket.lt\/lt\/wp-json\/wp\/v2\/product"}],"about":[{"href":"https:\/\/baldumarket.lt\/lt\/wp-json\/wp\/v2\/types\/product"}],"replies":[{"embeddable":true,"href":"https:\/\/baldumarket.lt\/lt\/wp-json\/wp\/v2\/comments?post=334565"}],"wp:featuredmedia":[{"embeddable":true,"href":"https:\/\/baldumarket.lt\/lt\/wp-json\/wp\/v2\/media\/334663"}],"wp:attachment":[{"href":"https:\/\/baldumarket.lt\/lt\/wp-json\/wp\/v2\/media?parent=334565"}],"wp:term":[{"taxonomy":"product_brand","embeddable":true,"href":"https:\/\/baldumarket.lt\/lt\/wp-json\/wp\/v2\/product_brand?post=334565"},{"taxonomy":"product_cat","embeddable":true,"href":"https:\/\/baldumarket.lt\/lt\/wp-json\/wp\/v2\/product_cat?post=334565"},{"taxonomy":"product_tag","embeddable":true,"href":"https:\/\/baldumarket.lt\/lt\/wp-json\/wp\/v2\/product_tag?post=334565"}],"curies":[{"name":"wp","href":"https:\/\/api.w.org\/{rel}","templated":true}]}}