{"id":334563,"date":"2026-03-07T00:41:24","date_gmt":"2026-03-06T21:41:24","guid":{"rendered":"https:\/\/baldumarket.lt\/?post_type=product&#038;p=334563"},"modified":"2026-03-31T10:16:57","modified_gmt":"2026-03-31T07:16:57","slug":"moduline-spinta-100x225-cm-su-drabuziu-kabykla-stalciais-ir-lentynomis-max-premium-c","status":"publish","type":"product","link":"https:\/\/baldumarket.lt\/lt\/produktas\/moduline-spinta-100x225-cm-su-drabuziu-kabykla-stalciais-ir-lentynomis-max-premium-c\/","title":{"rendered":"Modulin\u0117 spinta 100\u00d7225 cm su drabu\u017ei\u0173 kabykla, stal\u010diais ir lentynomis \u2013 MAX Premium \u201cC\u201d"},"content":{"rendered":"<p>Modulin\u0117s spintos sistemos \u201cMAX\u201d modulis \u2013 spinta 100 \u201cC\u201d. \u0160i 100 \u00d7 225 cm modulin\u0117 spinta su strypu, stal\u010diais ir lentynomis sujungia maksimali\u0105 talp\u0105 ir eleganti\u0161k\u0105 dizain\u0105. \u0160is modelis yra MAX Premium sistemos dalis, pasi\u017eyminti i\u0161skirtiniu meistri\u0161kumu ir pritaikomomis konfig\u016bracijos galimyb\u0117mis. Tai puikus pasirinkimas tiems, kurie ie\u0161ko patvari\u0173, esteti\u0161kai patraukli\u0173 bald\u0173, kurie puikiai papildyt\u0173 j\u0173 gyvenimo b\u016bd\u0105. Viduje rasite visk\u0105, ko reikia patogiam daikt\u0173 laikymui. Spintoje yra strypas, puikiai tinkantis ilgesniems drabu\u017eiams, pavyzd\u017eiui, paltams, suknel\u0117ms ar kostiumams, pakabinti. \u0160alia jo yra prakti\u0161kos lentynos, puikiai tinkan\u010dios megztiniams, mar\u0161kin\u0117liams, krep\u0161iams ar patalynei. Stal\u010diai papildo dizain\u0105, leisdami tvarkingai laikyti smulkius daiktus, tokius kaip apatiniai, kojin\u0117s ar dir\u017eai. MAX Premium sistema garantuoja patvarum\u0105, o visi stal\u010diai yra visi\u0161kai i\u0161traukiami ir turi \u0161velnaus u\u017edarymo mechanizm\u0105, kuris padidina kasdien\u012f komfort\u0105. Vyriai taip pat turi \u0161velnaus u\u017edarymo mechanizm\u0105. Metalin\u0117s rankenos, tiekiamos trij\u0173 spalv\u0173 (juodos, aliuminio, auksin\u0117s), suteikia baldui charakterio ir elegancijos. Platus dekoro pasirinkimas leid\u017eia puikiai priderinti spint\u0105 prie j\u016bs\u0173 interjero dizaino. 100 cm plo\u010dio spinta puikiai tinka tiek kaip atskiras baldas, tiek kaip didesn\u0117s spintos dalis. Modulin\u0117 sistema leid\u017eia derinti kelis segmentus, suteikiant beveik neribotas i\u0161d\u0117stymo galimybes. Tai leid\u017eia sukurti idealiai j\u016bs\u0173 poreikius atitinkant\u012f i\u0161d\u0117stym\u0105. 100 cm plo\u010dio spinta yra sprendimas tiems, kurie vertina harmonij\u0105, tvark\u0105 ir estetik\u0105. Prakti\u0161kas interjeras, tvirta konstrukcija ir eleganti\u0161kas dizainas paver\u010dia j\u0105 nepakei\u010diamu bet kurios modernios gyvenamosios erdv\u0117s elementu.<\/p>","protected":false},"excerpt":{"rendered":"<p>Matmenys: Plotis: 100 cm Auk\u0161tis: 225 cm Gylis: 54 cm<\/p>","protected":false},"featured_media":334659,"comment_status":"open","ping_status":"closed","template":"","meta":[],"product_brand":[],"product_cat":[9990,9857,1177],"product_tag":[],"class_list":{"0":"post-334563","1":"product","2":"type-product","3":"status-publish","4":"has-post-thumbnail","6":"product_cat-furniture-system-max","7":"product_cat-meblast","8":"product_cat-wardrobes","10":"first","11":"instock","12":"shipping-taxable","13":"purchasable","14":"product-type-variable","15":"wvs-archive-product-wrapper"},"_links":{"self":[{"href":"https:\/\/baldumarket.lt\/lt\/wp-json\/wp\/v2\/product\/334563","targetHints":{"allow":["GET"]}}],"collection":[{"href":"https:\/\/baldumarket.lt\/lt\/wp-json\/wp\/v2\/product"}],"about":[{"href":"https:\/\/baldumarket.lt\/lt\/wp-json\/wp\/v2\/types\/product"}],"replies":[{"embeddable":true,"href":"https:\/\/baldumarket.lt\/lt\/wp-json\/wp\/v2\/comments?post=334563"}],"wp:featuredmedia":[{"embeddable":true,"href":"https:\/\/baldumarket.lt\/lt\/wp-json\/wp\/v2\/media\/334659"}],"wp:attachment":[{"href":"https:\/\/baldumarket.lt\/lt\/wp-json\/wp\/v2\/media?parent=334563"}],"wp:term":[{"taxonomy":"product_brand","embeddable":true,"href":"https:\/\/baldumarket.lt\/lt\/wp-json\/wp\/v2\/product_brand?post=334563"},{"taxonomy":"product_cat","embeddable":true,"href":"https:\/\/baldumarket.lt\/lt\/wp-json\/wp\/v2\/product_cat?post=334563"},{"taxonomy":"product_tag","embeddable":true,"href":"https:\/\/baldumarket.lt\/lt\/wp-json\/wp\/v2\/product_tag?post=334563"}],"curies":[{"name":"wp","href":"https:\/\/api.w.org\/{rel}","templated":true}]}}