{"id":334561,"date":"2026-03-07T00:41:21","date_gmt":"2026-03-06T21:41:21","guid":{"rendered":"https:\/\/baldumarket.lt\/?post_type=product&#038;p=334561"},"modified":"2026-03-31T10:16:57","modified_gmt":"2026-03-31T07:16:57","slug":"moduline-spinta-100x225-cm-su-strypu-stalciais-ir-lentynomis-max-premium-d","status":"publish","type":"product","link":"https:\/\/baldumarket.lt\/lt\/produktas\/moduline-spinta-100x225-cm-su-strypu-stalciais-ir-lentynomis-max-premium-d\/","title":{"rendered":"Modulin\u0117 spinta 100\u00d7225 cm su strypu, stal\u010diais ir lentynomis \u2013 MAX Premium \u201cD\u201d"},"content":{"rendered":"<p>\u201cModulin\u0117s spint\u0173 sistemos \u201dMAX\u201c modulis \u2013 Drabu\u017ein\u0117 100 \u201dD\u201c<\/p>\n<p>100 \u00d7 225 cm modulin\u0117 spinta i\u0161 MAX Premium System serijos \u2013 tai sprendimas, sukurtas galvojant apie reikliausius vartotojus. \u0160is modelis apjungia visas pagrindines savybes: erdvias lentynas, drabu\u017ei\u0173 kabykl\u0105 ir prakti\u0161kus stal\u010dius, sukurdamas visapusi\u0161k\u0105 daikt\u0173 laikymo sistem\u0105, kuri atitinka bet kokius dizaino ir organizavimo i\u0161\u0161\u016bkius.<\/p>\n<p>Spintos centre esantis pakabos b\u0117gelis leid\u017eia patogiai laikyti pakabintus drabu\u017eius, tokius kaip striuk\u0117s, mar\u0161kiniai, suknel\u0117s ir paltai. Vir\u0161uje esan\u010dios lentynos idealiai tinka sulankstytiems drabu\u017eiams, patalynei, rank\u0161luos\u010diams ar sezoniniams aksesuarams. Spintos apa\u010dioje yra erdv\u016bs stal\u010diai \u2013 j\u0173 pilnas i\u0161traukimas ir \u0161velnaus u\u017edarymo sistema u\u017etikrina patog\u0173 naudojim\u0105 ir ilgaam\u017ei\u0161kum\u0105.<\/p>\n<p>Spinta pagaminta pagal \u201ePremium\u201c standart\u0105, o tai rei\u0161kia, kad joje naudojami auk\u0161tos kokyb\u0117s, \u0161velniai u\u017esidarantys vyriai, tvirti stal\u010di\u0173 b\u0117geliai ir prie spalvos deran\u010dios metalin\u0117s rankenos. Be to, visas baldas galimas \u012fvairi\u0173 spalv\u0173 \u2013 nuo \u0161viesi\u0173, moderni\u0173 beic\u0173 iki klasikini\u0173, tamsesni\u0173 medienos atspalvi\u0173.<\/p>\n<p>100 cm plotis suteikia daug vietos daiktams susid\u0117ti, i\u0161laikant proporcijas, kurios puikiai tinka miegamiesiems, koridoriams ir net paaugli\u0173 kambariams. D\u0117l modulinio dizaino j\u0105 galima derinti su kitais MAX sistemos segmentais ir sukurti pagal u\u017esakym\u0105 pagamint\u0105 spint\u0105, pritaikyt\u0105 prie kambario matmen\u0173 ir poreiki\u0173.<\/p>\n<p>100 cm ilgio spinta sujungia maksimal\u0173 funkcionalum\u0105 ir rafinuot\u0105 estetik\u0105. Nesvarbu, ar ie\u0161kote vieno, prakti\u0161ko baldo, ar didesn\u0117s sistemos dalies, \u0161is modelis yra puikus pasirinkimas.<\/p>","protected":false},"excerpt":{"rendered":"<p>Matmenys:<br \/>\nPlotis: 100 cm<br \/>\n\u016agis: 225 cm<br \/>\nGylis: 54 cm<\/p>","protected":false},"featured_media":334646,"comment_status":"open","ping_status":"closed","template":"","meta":[],"product_brand":[],"product_cat":[9990,9857,1177],"product_tag":[],"class_list":{"0":"post-334561","1":"product","2":"type-product","3":"status-publish","4":"has-post-thumbnail","6":"product_cat-furniture-system-max","7":"product_cat-meblast","8":"product_cat-wardrobes","10":"first","11":"instock","12":"shipping-taxable","13":"purchasable","14":"product-type-variable","15":"wvs-archive-product-wrapper"},"_links":{"self":[{"href":"https:\/\/baldumarket.lt\/lt\/wp-json\/wp\/v2\/product\/334561","targetHints":{"allow":["GET"]}}],"collection":[{"href":"https:\/\/baldumarket.lt\/lt\/wp-json\/wp\/v2\/product"}],"about":[{"href":"https:\/\/baldumarket.lt\/lt\/wp-json\/wp\/v2\/types\/product"}],"replies":[{"embeddable":true,"href":"https:\/\/baldumarket.lt\/lt\/wp-json\/wp\/v2\/comments?post=334561"}],"wp:featuredmedia":[{"embeddable":true,"href":"https:\/\/baldumarket.lt\/lt\/wp-json\/wp\/v2\/media\/334646"}],"wp:attachment":[{"href":"https:\/\/baldumarket.lt\/lt\/wp-json\/wp\/v2\/media?parent=334561"}],"wp:term":[{"taxonomy":"product_brand","embeddable":true,"href":"https:\/\/baldumarket.lt\/lt\/wp-json\/wp\/v2\/product_brand?post=334561"},{"taxonomy":"product_cat","embeddable":true,"href":"https:\/\/baldumarket.lt\/lt\/wp-json\/wp\/v2\/product_cat?post=334561"},{"taxonomy":"product_tag","embeddable":true,"href":"https:\/\/baldumarket.lt\/lt\/wp-json\/wp\/v2\/product_tag?post=334561"}],"curies":[{"name":"wp","href":"https:\/\/api.w.org\/{rel}","templated":true}]}}