{"id":334543,"date":"2026-03-07T00:40:42","date_gmt":"2026-03-06T21:40:42","guid":{"rendered":"https:\/\/baldumarket.lt\/?post_type=product&#038;p=334543"},"modified":"2026-03-31T10:16:57","modified_gmt":"2026-03-31T07:16:57","slug":"moduline-spinta-100x225-cm-su-stalciais-ir-lentynomis-max-premium-h","status":"publish","type":"product","link":"https:\/\/baldumarket.lt\/lt\/produktas\/moduline-spinta-100x225-cm-su-stalciais-ir-lentynomis-max-premium-h\/","title":{"rendered":"Modulin\u0117 spinta 100\u00d7225 cm su stal\u010diais ir lentynomis \u2013 MAX Premium \u201cH\u201d"},"content":{"rendered":"<p>Modulin\u0117s spintos sistemos modulis \u201cMAX\u201d \u2013 100 coli\u0173 auk\u0161\u010dio spinta. 100 \u00d7 225 cm modulin\u0117 spinta i\u0161 \u201eMAX Premium System\u201c serijos yra puikus sprendimas ie\u0161kantiems prakti\u0161k\u0173, didel\u0117s talpos bald\u0173, suprojektuot\u0173 atsi\u017evelgiant \u012f kiekvien\u0105 detal\u0119. Jos vidus skirtas patogioms lentynoms ir funkcionaliems stal\u010diams, tod\u0117l ji puikiai tinka laikyti sulankstytus drabu\u017eius, aksesuarus, tekstil\u0117s gaminius ir dokumentus. Vir\u0161utin\u0117je spintos dalyje yra gilios lentynos, leid\u017eian\u010dios atskirti drabu\u017eius, d\u0117\u017ees, rank\u0161luos\u010dius ar kitus daiktus, kuriuos reikia tvarkingai laikyti. Apa\u010dioje yra erdv\u016bs stal\u010diai su pilno i\u0161traukimo b\u0117geliais ir \u0161velnaus u\u017edarymo mechanizmu, u\u017etikrinantys patogum\u0105 kasdien naudojant ir patvarum\u0105 net ir esant dideliam naudojimui. Spinta gaminama pagal \u201ePremium\u201c standart\u0105, o tai rei\u0161kia, kad naudojami auk\u0161\u010diausios kokyb\u0117s komponentai: \u0161velnaus u\u017edarymo vyriai, tvirtos b\u0117geli\u0173 sistemos ir metalin\u0117s rankenos trij\u0173 spalv\u0173: juodos, aliuminio ir auksin\u0117s. Be to, spint\u0105 galima u\u017esisakyti beveik bet kurios m\u016bs\u0173 si\u016blomos spalvos. 100 cm plo\u010dio ir 225 cm auk\u0161\u010dio spinta gali b\u016bti naudojama kaip atskiras \u012frenginys arba b\u016bti didesnio \u012frenginio, sudaryto i\u0161 \u201eMAX System\u201c segment\u0173, dalis. Tai puikus pasirinkimas miegamiesiems, vaik\u0173 kambariams, biurams ir \u016bkin\u0117ms patalpoms, kur labai svarbu gerai organizuoti daikt\u0173 laikym\u0105. D\u0117l to, kad n\u0117ra pakabinimo skersinio, \u0161i spinta idealiai tinka tiems, kurie daugiausia laiko sulankstytus ar sur\u016b\u0161iuotus daiktus ir tikisi ai\u0161kaus, patogaus vidinio i\u0161d\u0117stymo be kompromis\u0173.<\/p>","protected":false},"excerpt":{"rendered":"<p>Matmenys: Plotis: 100 cm Auk\u0161tis: 225 cm Gylis: 54 cm<\/p>","protected":false},"featured_media":334641,"comment_status":"open","ping_status":"closed","template":"","meta":[],"product_brand":[],"product_cat":[9990,9857,1177],"product_tag":[],"class_list":{"0":"post-334543","1":"product","2":"type-product","3":"status-publish","4":"has-post-thumbnail","6":"product_cat-furniture-system-max","7":"product_cat-meblast","8":"product_cat-wardrobes","10":"first","11":"instock","12":"shipping-taxable","13":"purchasable","14":"product-type-variable","15":"wvs-archive-product-wrapper"},"_links":{"self":[{"href":"https:\/\/baldumarket.lt\/lt\/wp-json\/wp\/v2\/product\/334543","targetHints":{"allow":["GET"]}}],"collection":[{"href":"https:\/\/baldumarket.lt\/lt\/wp-json\/wp\/v2\/product"}],"about":[{"href":"https:\/\/baldumarket.lt\/lt\/wp-json\/wp\/v2\/types\/product"}],"replies":[{"embeddable":true,"href":"https:\/\/baldumarket.lt\/lt\/wp-json\/wp\/v2\/comments?post=334543"}],"wp:featuredmedia":[{"embeddable":true,"href":"https:\/\/baldumarket.lt\/lt\/wp-json\/wp\/v2\/media\/334641"}],"wp:attachment":[{"href":"https:\/\/baldumarket.lt\/lt\/wp-json\/wp\/v2\/media?parent=334543"}],"wp:term":[{"taxonomy":"product_brand","embeddable":true,"href":"https:\/\/baldumarket.lt\/lt\/wp-json\/wp\/v2\/product_brand?post=334543"},{"taxonomy":"product_cat","embeddable":true,"href":"https:\/\/baldumarket.lt\/lt\/wp-json\/wp\/v2\/product_cat?post=334543"},{"taxonomy":"product_tag","embeddable":true,"href":"https:\/\/baldumarket.lt\/lt\/wp-json\/wp\/v2\/product_tag?post=334543"}],"curies":[{"name":"wp","href":"https:\/\/api.w.org\/{rel}","templated":true}]}}