{"id":334541,"date":"2026-03-07T00:40:39","date_gmt":"2026-03-06T21:40:39","guid":{"rendered":"https:\/\/baldumarket.lt\/?post_type=product&#038;p=334541"},"modified":"2026-03-31T10:16:57","modified_gmt":"2026-03-31T07:16:57","slug":"moduline-kampine-spinta-89x89x225-cm-su-lentynomis-ir-strypu-max-premium-a","status":"publish","type":"product","link":"https:\/\/baldumarket.lt\/lt\/produktas\/moduline-kampine-spinta-89x89x225-cm-su-lentynomis-ir-strypu-max-premium-a\/","title":{"rendered":"Modulin\u0117 kampin\u0117 spinta 89x89x225 cm su lentynomis ir strypu \u2013 MAX Premium \u201cA\u201d"},"content":{"rendered":"<p>Modulin\u0117s spintos sistemos \u201cMAX\u201d modulis \u2013 kampin\u0117 spinta \u201cA\u201d. 89x89x225 cm dyd\u017eio kampin\u0117 spinta i\u0161 MAX Premium System serijos puikiai papildo modulines spintas, skirtas maksimaliai i\u0161naudoti erdv\u0119. D\u0117l specialiai suprojektuotos kampin\u0117s konstrukcijos \u0161is baldas leid\u017eia efektyviai i\u0161naudoti erdv\u0119, kuri tradiciniuose i\u0161planavimuose da\u017enai yra \u0161vaistoma. Tai puikus pasirinkimas tiems, kurie projektuoja r\u016bbin\u0119, miegam\u0105j\u012f ar funkcionali\u0105 \u016bkin\u0119 patalp\u0105. Spintos vidus yra kruop\u0161\u010diai suplanuotas. Joje yra erdvus pakabos b\u0117gelis drabu\u017eiams, tokiems kaip paltai, striuk\u0117s ar suknel\u0117s, laikyti, taip pat prakti\u0161kos lentynos, kurios palengvina kit\u0173 drabu\u017ei\u0173, avalyn\u0117s, aksesuar\u0173 ar tekstil\u0117s gamini\u0173 organizavim\u0105. Toks i\u0161d\u0117stymas u\u017etikrina universalum\u0105 ir leid\u017eia pritaikyti interjer\u0105 individualiems poreikiams. Kampin\u0117 spinta pagaminta pagal \u201ePremium\u201c standart\u0105, tai rei\u0161kia, kad naudojamos auk\u0161\u010diausios kokyb\u0117s med\u017eiagos ir kruop\u0161\u010diai pagaminta apdaila. Ji turi \u0161velniai u\u017esidaran\u010dius vyrius ir eleganti\u0161kas metalines rankenas, yra trij\u0173 spalv\u0173: juodos, aliuminio ir auksin\u0117s. Vis\u0105 bald\u0105 galima u\u017esisakyti \u012fvairi\u0173 spalv\u0173 i\u0161 m\u016bs\u0173 si\u016blom\u0173 variant\u0173. Kampin\u0117 spinta \u201eMAX System\u201c gali b\u016bti naudojama kaip didesn\u0117s \u012fmontuojamos konfig\u016bracijos dalis, derinama su kitais \u0161ios serijos moduliais. \u0160is sprendimas apjungia modern\u0173 dizain\u0105 su prakti\u0161kais sprendimais ir interjero dizaino lankstumu. Jei vertinate rafinuot\u0105 erdv\u0117s organizavim\u0105 ir eleganti\u0161k\u0105 apdail\u0105, \u0161is modulis bus puikus j\u016bs\u0173 \u012fmontuojamos sistemos akcentas.<\/p>","protected":false},"excerpt":{"rendered":"<p>Matmenys: Plotis: 89 x 89 cm Auk\u0161tis: 225 cm Gylis: 54 cm<\/p>","protected":false},"featured_media":334634,"comment_status":"open","ping_status":"closed","template":"","meta":[],"product_brand":[],"product_cat":[9990,9857,1177],"product_tag":[],"class_list":{"0":"post-334541","1":"product","2":"type-product","3":"status-publish","4":"has-post-thumbnail","6":"product_cat-furniture-system-max","7":"product_cat-meblast","8":"product_cat-wardrobes","10":"first","11":"instock","12":"shipping-taxable","13":"purchasable","14":"product-type-variable","15":"wvs-archive-product-wrapper"},"_links":{"self":[{"href":"https:\/\/baldumarket.lt\/lt\/wp-json\/wp\/v2\/product\/334541","targetHints":{"allow":["GET"]}}],"collection":[{"href":"https:\/\/baldumarket.lt\/lt\/wp-json\/wp\/v2\/product"}],"about":[{"href":"https:\/\/baldumarket.lt\/lt\/wp-json\/wp\/v2\/types\/product"}],"replies":[{"embeddable":true,"href":"https:\/\/baldumarket.lt\/lt\/wp-json\/wp\/v2\/comments?post=334541"}],"wp:featuredmedia":[{"embeddable":true,"href":"https:\/\/baldumarket.lt\/lt\/wp-json\/wp\/v2\/media\/334634"}],"wp:attachment":[{"href":"https:\/\/baldumarket.lt\/lt\/wp-json\/wp\/v2\/media?parent=334541"}],"wp:term":[{"taxonomy":"product_brand","embeddable":true,"href":"https:\/\/baldumarket.lt\/lt\/wp-json\/wp\/v2\/product_brand?post=334541"},{"taxonomy":"product_cat","embeddable":true,"href":"https:\/\/baldumarket.lt\/lt\/wp-json\/wp\/v2\/product_cat?post=334541"},{"taxonomy":"product_tag","embeddable":true,"href":"https:\/\/baldumarket.lt\/lt\/wp-json\/wp\/v2\/product_tag?post=334541"}],"curies":[{"name":"wp","href":"https:\/\/api.w.org\/{rel}","templated":true}]}}