{"id":334539,"date":"2026-03-07T00:40:36","date_gmt":"2026-03-06T21:40:36","guid":{"rendered":"https:\/\/baldumarket.lt\/?post_type=product&#038;p=334539"},"modified":"2026-03-28T12:38:04","modified_gmt":"2026-03-28T09:38:04","slug":"spinta-310-240-drabuziu-kabyklos-vidines-lentynos-vidiniai-stalciai-veidrodis","status":"publish","type":"product","link":"https:\/\/baldumarket.lt\/lt\/produktas\/spinta-310-240-drabuziu-kabyklos-vidines-lentynos-vidiniai-stalciai-veidrodis\/","title":{"rendered":"Spinta 310\/240 \u2013 drabu\u017ei\u0173 kabyklos, vidin\u0117s lentynos, vidiniai stal\u010diai, veidrodis"},"content":{"rendered":"<p>310\/240 spinta sukurta taip, kad spint\u0173 organizavimas b\u016bt\u0173 kuo paprastesnis. D\u0117l savo funkcionalumo ji puikiai tinka bet kuriam miegamajam ir atitinka j\u016bs\u0173 kintan\u010dius poreikius b\u0117gant metams.<br \/>\n310\/240 spinta s\u0117kmingai pakeis atskir\u0105 persirengimo kambar\u012f. I\u0161man\u016bs sprendimai ir pasl\u0117ptos funkcijos pad\u0117s optimizuoti bald\u0173 vidaus erdv\u0119.<br \/>\nSpinta turi \u0161e\u0161is stal\u010dius, daug erdvi\u0173 lentyn\u0173 ir drabu\u017ei\u0173 pakabas.<br \/>\nBaldai pagaminti i\u0161 auk\u0161tos kokyb\u0117s plok\u0161t\u0117s, kuri atlaiko dideles apkrovas. Ji taip pat atspari pa\u017eeidimams ir dr\u0117gmei, be to, lengvai valoma.<br \/>\n\u012evairi erdv\u0117 spintos viduje leid\u017eia patogiai susiskirstyti drabu\u017eius pagal j\u016bs\u0173 poreikius.<br \/>\nStal\u010diai \u2013 puiki vieta apatiniams drabu\u017eiams ar madingiems aksesuarams. Verta juos sud\u0117ti \u012f prakti\u0161kus organizatorius, kurie palengvina tvarkos palaikym\u0105.<br \/>\nLentyn\u0105 vir\u0161 stal\u010di\u0173 galima reguliuoti pagal j\u016bs\u0173 poreikius, kad b\u016bt\u0173 lengva pasiekti krep\u0161ius, kuprines ar \u0161alik\u0173 d\u0117\u017e\u0119. Vir\u0161utin\u0117se lentynose galima laikyti sezoninius drabu\u017eius ir avalyn\u0119. Jose taip pat yra daug vietos d\u0117\u017e\u0117ms su retai naudojamais daiktais. Rinkit\u0117s lenk\u0173 gamintojo baldus ir m\u0117gaukit\u0117s jais ilgus metus.<\/p>","protected":false},"excerpt":{"rendered":"<p>Matmenys:<br \/>\nPlotis: 310 cm<br \/>\nAuk\u0161tis: 240 cm<br \/>\nGylis: 59 cm<\/p>","protected":false},"featured_media":334622,"comment_status":"open","ping_status":"closed","template":"","meta":[],"product_brand":[],"product_cat":[9857,9985,1177],"product_tag":[],"class_list":{"0":"post-334539","1":"product","2":"type-product","3":"status-publish","4":"has-post-thumbnail","6":"product_cat-meblast","7":"product_cat-sliding-wardrobes-meblast","8":"product_cat-wardrobes","10":"first","11":"instock","12":"shipping-taxable","13":"purchasable","14":"product-type-variable","15":"wvs-archive-product-wrapper"},"_links":{"self":[{"href":"https:\/\/baldumarket.lt\/lt\/wp-json\/wp\/v2\/product\/334539","targetHints":{"allow":["GET"]}}],"collection":[{"href":"https:\/\/baldumarket.lt\/lt\/wp-json\/wp\/v2\/product"}],"about":[{"href":"https:\/\/baldumarket.lt\/lt\/wp-json\/wp\/v2\/types\/product"}],"replies":[{"embeddable":true,"href":"https:\/\/baldumarket.lt\/lt\/wp-json\/wp\/v2\/comments?post=334539"}],"wp:featuredmedia":[{"embeddable":true,"href":"https:\/\/baldumarket.lt\/lt\/wp-json\/wp\/v2\/media\/334622"}],"wp:attachment":[{"href":"https:\/\/baldumarket.lt\/lt\/wp-json\/wp\/v2\/media?parent=334539"}],"wp:term":[{"taxonomy":"product_brand","embeddable":true,"href":"https:\/\/baldumarket.lt\/lt\/wp-json\/wp\/v2\/product_brand?post=334539"},{"taxonomy":"product_cat","embeddable":true,"href":"https:\/\/baldumarket.lt\/lt\/wp-json\/wp\/v2\/product_cat?post=334539"},{"taxonomy":"product_tag","embeddable":true,"href":"https:\/\/baldumarket.lt\/lt\/wp-json\/wp\/v2\/product_tag?post=334539"}],"curies":[{"name":"wp","href":"https:\/\/api.w.org\/{rel}","templated":true}]}}