{"id":334523,"date":"2026-03-07T00:39:55","date_gmt":"2026-03-06T21:39:55","guid":{"rendered":"https:\/\/baldumarket.lt\/?post_type=product&#038;p=334523"},"modified":"2026-03-29T11:07:26","modified_gmt":"2026-03-29T08:07:26","slug":"spinta-380-240-drabuziu-kabyklos-vidines-lentynos-erdvus-isoriniai-stalciai","status":"publish","type":"product","link":"https:\/\/baldumarket.lt\/lt\/produktas\/spinta-380-240-drabuziu-kabyklos-vidines-lentynos-erdvus-isoriniai-stalciai\/","title":{"rendered":"Spinta 380\/240 \u2013 drabu\u017ei\u0173 kabyklos, vidin\u0117s lentynos, erdv\u016bs i\u0161oriniai stal\u010diai"},"content":{"rendered":"<p>Drabu\u017ein\u0117, kurios dydis prilygsta r\u016bbinei \u2013 did\u017eiausias e-meblast.pl si\u016blomas dizainas. Ie\u0161kote erdvios spintos, kuri pad\u0117t\u0173 tvarkingai sutvarkyti \u0161eimos garderob\u0105? Rinkit\u0117s 380\/240 spint\u0105, kuri\u0105 galima suskirstyti \u012f sekcijas. Skyriai turi metalinius kabinimo b\u0117gelius ir auk\u0161tas lentynas, kad b\u016bt\u0173 lengva laikyti drabu\u017eius, bei prailginimus re\u010diau naudojamiems daiktams. Erdv\u016bs stal\u010diai leid\u017eia lengvai rasti visk\u0105, ko ie\u0161kote.<br \/>\nPasirinkus spint\u0105 su veidrodiniais fasadais, vizualiai padidinsite erdv\u0119. 380\/240 spinta puikiai tinka ne tik miegamajam, prie\u0161kambariui ar svetainei. Tai i\u0161ties unikali spinta.<br \/>\nRinkit\u0117s kokybi\u0161kus baldus i\u0161 Lenkijos gamintojo.<\/p>","protected":false},"excerpt":{"rendered":"<p>Matmenys: Plotis: 380 cm Auk\u0161tis: 240 cm Gylis: 57 cm<\/p>","protected":false},"featured_media":334608,"comment_status":"open","ping_status":"closed","template":"","meta":[],"product_brand":[],"product_cat":[9857,9985,1177],"product_tag":[],"class_list":{"0":"post-334523","1":"product","2":"type-product","3":"status-publish","4":"has-post-thumbnail","6":"product_cat-meblast","7":"product_cat-sliding-wardrobes-meblast","8":"product_cat-wardrobes","10":"first","11":"instock","12":"shipping-taxable","13":"purchasable","14":"product-type-variable","15":"wvs-archive-product-wrapper"},"_links":{"self":[{"href":"https:\/\/baldumarket.lt\/lt\/wp-json\/wp\/v2\/product\/334523","targetHints":{"allow":["GET"]}}],"collection":[{"href":"https:\/\/baldumarket.lt\/lt\/wp-json\/wp\/v2\/product"}],"about":[{"href":"https:\/\/baldumarket.lt\/lt\/wp-json\/wp\/v2\/types\/product"}],"replies":[{"embeddable":true,"href":"https:\/\/baldumarket.lt\/lt\/wp-json\/wp\/v2\/comments?post=334523"}],"wp:featuredmedia":[{"embeddable":true,"href":"https:\/\/baldumarket.lt\/lt\/wp-json\/wp\/v2\/media\/334608"}],"wp:attachment":[{"href":"https:\/\/baldumarket.lt\/lt\/wp-json\/wp\/v2\/media?parent=334523"}],"wp:term":[{"taxonomy":"product_brand","embeddable":true,"href":"https:\/\/baldumarket.lt\/lt\/wp-json\/wp\/v2\/product_brand?post=334523"},{"taxonomy":"product_cat","embeddable":true,"href":"https:\/\/baldumarket.lt\/lt\/wp-json\/wp\/v2\/product_cat?post=334523"},{"taxonomy":"product_tag","embeddable":true,"href":"https:\/\/baldumarket.lt\/lt\/wp-json\/wp\/v2\/product_tag?post=334523"}],"curies":[{"name":"wp","href":"https:\/\/api.w.org\/{rel}","templated":true}]}}