{"id":334521,"date":"2026-03-07T00:39:53","date_gmt":"2026-03-06T21:39:53","guid":{"rendered":"https:\/\/baldumarket.lt\/?post_type=product&#038;p=334521"},"modified":"2026-03-30T09:50:10","modified_gmt":"2026-03-30T06:50:10","slug":"spinta-5d-340-pakabos-strypai-pantografas-kelniu-kaklaraisciu-ir-dirzu-pakaba-stalciai-daug-lentynu","status":"publish","type":"product","link":"https:\/\/baldumarket.lt\/lt\/product\/spinta-5d-340-pakabos-strypai-pantografas-kelniu-kaklaraisciu-ir-dirzu-pakaba-stalciai-daug-lentynu\/","title":{"rendered":"Spinta 5D\/340 \u2013 pakabos strypai, pantografas, kelni\u0173, kaklarai\u0161\u010di\u0173 ir dir\u017e\u0173 pakaba, stal\u010diai, daug lentyn\u0173"},"content":{"rendered":"<p>Prakti\u0161kas sprendimas su unikaliu stiliumi.<br \/>\nSpintos \u2013 baldai ne tik miegamajam<br \/>\nI\u0161sirinkti spint\u0105 neb\u016btinai turi b\u016bti sunku. Spinta tur\u0117t\u0173 b\u016bti tinkamo gylio ir auk\u0161\u010dio, kad joje tilpt\u0173 ilgi paltai, sijonai ar kostiumai. Spinta su stumdomomis durimis taip pat puikiai tinka apatini\u0173 stal\u010diams, erdvioms lentynoms ir veidrod\u017eiui. Miegamojo spintos leid\u017eia efektyviai susitvarkyti drabu\u017eius, tod\u0117l lengviau sekti aprang\u0105, o aprangos pasirinkimas tampa tikru malonumu. Didel\u0117 spinta su funkcionaliu vidumi yra puikus pasirinkimas.<br \/>\nStumdomos spintos yra puikus sprendimas bet kokiam kambariui. Be drabu\u017ei\u0173, jose galite lengvai laikyti visus kasdien naudojamus daiktus, tokius kaip drabu\u017ei\u0173 d\u017eiovykl\u0117, dulki\u0173 siurblys ar lyginimo lenta.<br \/>\nJei turite nedidel\u012f kambar\u012f, rekomenduojame kampin\u0119 spint\u0105. Tai puikus pasirinkimas paauglio ar vaiko kambariui. Kampin\u0117 spinta yra i\u0161skirtinai erdvus baldas, kuriame telpa \u017eaislai, drabu\u017eiai ir kiti b\u016btini daiktai. Kampinis dizainas u\u017eima minimaliai vietos kambaryje ir leid\u017eia lengvai susitvarkyti daiktus. Didel\u0117s spintos da\u017enai pasirenkamos koridoriams. \u0160i\u0105 unikali\u0105 erdv\u0119 gali b\u016bti sud\u0117tinga \u012frengti, ta\u010diau ji taip pat tarnauja kaip nam\u0173 puo\u0161mena. Funkcionali spinta su lentynomis ir stal\u010diais \u012fvairiems drabu\u017ei\u0173 aksesuarams laikyti yra puikus pasirinkimas ateinantiems metams.<br \/>\nRinkit\u0117s kokybi\u0161kus baldus i\u0161 Lenkijos gamintojo.<\/p>","protected":false},"excerpt":{"rendered":"<p>Matmenys:<br \/>\nPlotis: 340 cm<br \/>\n\u016agis: 244 cm<br \/>\nGylis: 66 cm<\/p>","protected":false},"featured_media":334596,"comment_status":"open","ping_status":"closed","template":"","meta":[],"product_brand":[],"product_cat":[9857,9985,1177],"product_tag":[],"class_list":{"0":"post-334521","1":"product","2":"type-product","3":"status-publish","4":"has-post-thumbnail","6":"product_cat-meblast","7":"product_cat-sliding-wardrobes-meblast","8":"product_cat-wardrobes","10":"first","11":"instock","12":"shipping-taxable","13":"purchasable","14":"product-type-variable","15":"wvs-archive-product-wrapper"},"_links":{"self":[{"href":"https:\/\/baldumarket.lt\/lt\/wp-json\/wp\/v2\/product\/334521","targetHints":{"allow":["GET"]}}],"collection":[{"href":"https:\/\/baldumarket.lt\/lt\/wp-json\/wp\/v2\/product"}],"about":[{"href":"https:\/\/baldumarket.lt\/lt\/wp-json\/wp\/v2\/types\/product"}],"replies":[{"embeddable":true,"href":"https:\/\/baldumarket.lt\/lt\/wp-json\/wp\/v2\/comments?post=334521"}],"wp:featuredmedia":[{"embeddable":true,"href":"https:\/\/baldumarket.lt\/lt\/wp-json\/wp\/v2\/media\/334596"}],"wp:attachment":[{"href":"https:\/\/baldumarket.lt\/lt\/wp-json\/wp\/v2\/media?parent=334521"}],"wp:term":[{"taxonomy":"product_brand","embeddable":true,"href":"https:\/\/baldumarket.lt\/lt\/wp-json\/wp\/v2\/product_brand?post=334521"},{"taxonomy":"product_cat","embeddable":true,"href":"https:\/\/baldumarket.lt\/lt\/wp-json\/wp\/v2\/product_cat?post=334521"},{"taxonomy":"product_tag","embeddable":true,"href":"https:\/\/baldumarket.lt\/lt\/wp-json\/wp\/v2\/product_tag?post=334521"}],"curies":[{"name":"wp","href":"https:\/\/api.w.org\/{rel}","templated":true}]}}