{"id":334501,"date":"2026-03-07T00:39:03","date_gmt":"2026-03-06T21:39:03","guid":{"rendered":"https:\/\/baldumarket.lt\/?post_type=product&#038;p=334501"},"modified":"2026-03-23T17:40:33","modified_gmt":"2026-03-23T14:40:33","slug":"mazas-suolas-110-cm-kambariui","status":"publish","type":"product","link":"https:\/\/baldumarket.lt\/lt\/product\/mazas-suolas-110-cm-kambariui\/","title":{"rendered":"Ma\u017eas suolas 110 cm kambariui"},"content":{"rendered":"<p>\u0160is ma\u017eas, 110 cm ilgio kavos staliukas yra funkcionalus ir esteti\u0161kai patrauklus baldas, puikiai atitinkantis \u0161iuolaikini\u0173 vartotoj\u0173 poreikius. D\u0117l kompakti\u0161k\u0173 matmen\u0173 jis puikiai tinka ma\u017eesn\u0117ms erdv\u0117ms, tokioms kaip vaik\u0173 kambarys, paauglio kambarys ar svetain\u0117 ma\u017eame bute. Tai idealus sprendimas tiems, kurie vertina komfort\u0105 ir tvark\u0105, kartu i\u0161laikydami lengv\u0105 interjero dizain\u0105.<br \/>\nStalvir\u0161is suteikia pakankamai vietos patogiai pasid\u0117ti kavos puodelius, nuotolinio valdymo pultelius, knygas ar dekoratyvinius daiktus, tokius kaip \u017evak\u0117s, g\u0117l\u0117s ar nuotrauk\u0173 r\u0117meliai. \u0160is baldas taip pat puikiai tinka kaip papildomas staliukas \u0161alia sofos arba kaip poilsio zonos akcentas.<br \/>\nTvirta konstrukcija ir kruop\u0161tus auk\u0161tos kokyb\u0117s med\u017eiag\u0173 panaudojimas daro kavos staliuk\u0105 patvar\u0173, stabil\u0173 ir atspar\u0173 kasdieniam naudojimui. \u0160is baldas ne tik gerai atrodo, bet, svarbiausia, ilgai i\u0161laiko savo funkcionalum\u0105.<br \/>\nKavos staliuk\u0105 galima u\u017esisakyti bet kokios spalvos, tod\u0117l j\u012f lengvai priderinsite prie kit\u0173 savo interjero element\u0173. Spalv\u0173 pasirinkimas kiekvien\u0105 bald\u0105 paver\u010dia unikaliu ir puikiai atitinkan\u010diu j\u016bs\u0173 \u0161eimos skon\u012f. Tai lenki\u0161kas gaminys, pagamintas kruop\u0161\u010diai, tod\u0117l jis yra ne tik prakti\u0161kas interjero papildymas, bet ir palaikymo vietinei gamybai i\u0161rai\u0161ka.<\/p>","protected":false},"excerpt":{"rendered":"<p>Matmenys:<br \/>\nPlotis: 110 cm<br \/>\nAuk\u0161tis: 56 cm<br \/>\nGylis: 55 cm<\/p>","protected":false},"featured_media":334588,"comment_status":"open","ping_status":"closed","template":"","meta":[],"product_brand":[],"product_cat":[9857,866],"product_tag":[],"class_list":{"0":"post-334501","1":"product","2":"type-product","3":"status-publish","4":"has-post-thumbnail","6":"product_cat-meblast","7":"product_cat-coffee-tables","9":"first","10":"instock","11":"shipping-taxable","12":"purchasable","13":"product-type-variable","14":"wvs-archive-product-wrapper"},"_links":{"self":[{"href":"https:\/\/baldumarket.lt\/lt\/wp-json\/wp\/v2\/product\/334501","targetHints":{"allow":["GET"]}}],"collection":[{"href":"https:\/\/baldumarket.lt\/lt\/wp-json\/wp\/v2\/product"}],"about":[{"href":"https:\/\/baldumarket.lt\/lt\/wp-json\/wp\/v2\/types\/product"}],"replies":[{"embeddable":true,"href":"https:\/\/baldumarket.lt\/lt\/wp-json\/wp\/v2\/comments?post=334501"}],"wp:featuredmedia":[{"embeddable":true,"href":"https:\/\/baldumarket.lt\/lt\/wp-json\/wp\/v2\/media\/334588"}],"wp:attachment":[{"href":"https:\/\/baldumarket.lt\/lt\/wp-json\/wp\/v2\/media?parent=334501"}],"wp:term":[{"taxonomy":"product_brand","embeddable":true,"href":"https:\/\/baldumarket.lt\/lt\/wp-json\/wp\/v2\/product_brand?post=334501"},{"taxonomy":"product_cat","embeddable":true,"href":"https:\/\/baldumarket.lt\/lt\/wp-json\/wp\/v2\/product_cat?post=334501"},{"taxonomy":"product_tag","embeddable":true,"href":"https:\/\/baldumarket.lt\/lt\/wp-json\/wp\/v2\/product_tag?post=334501"}],"curies":[{"name":"wp","href":"https:\/\/api.w.org\/{rel}","templated":true}]}}