{"id":334499,"date":"2026-03-07T00:38:59","date_gmt":"2026-03-06T21:38:59","guid":{"rendered":"https:\/\/baldumarket.lt\/?post_type=product&#038;p=334499"},"modified":"2026-03-23T17:40:34","modified_gmt":"2026-03-23T14:40:34","slug":"120-suolas","status":"publish","type":"product","link":"https:\/\/baldumarket.lt\/lt\/product\/120-suolas\/","title":{"rendered":"120 suol\u0173"},"content":{"rendered":"<p>Specialios paskirties baldas. Svetainei ar vaik\u0173 kambariui? M\u016bs\u0173 kavos staliukas 120 puikiai atrodys bet kuriame kambaryje.<\/p>\n<p>D\u0117l auk\u0161tos kokyb\u0117s med\u017eiag\u0173 naudojimo \u0161is baldas yra patvarus ir stabilus. Jo funkcionalumu d\u017eiaugsit\u0117s ilgus metus.<br \/>\nRinkit\u0117s Lenkijoje pagamintus baldus i\u0161 Lenkijos gamintoj\u0173!<\/p>","protected":false},"excerpt":{"rendered":"<p>Matmenys: Plotis: 120 cm Auk\u0161tis: 53 cm Gylis: 60 cm<\/p>","protected":false},"featured_media":334577,"comment_status":"open","ping_status":"closed","template":"","meta":[],"product_brand":[],"product_cat":[9857,866],"product_tag":[],"class_list":{"0":"post-334499","1":"product","2":"type-product","3":"status-publish","4":"has-post-thumbnail","6":"product_cat-meblast","7":"product_cat-coffee-tables","9":"first","10":"instock","11":"shipping-taxable","12":"purchasable","13":"product-type-variable","14":"wvs-archive-product-wrapper"},"_links":{"self":[{"href":"https:\/\/baldumarket.lt\/lt\/wp-json\/wp\/v2\/product\/334499","targetHints":{"allow":["GET"]}}],"collection":[{"href":"https:\/\/baldumarket.lt\/lt\/wp-json\/wp\/v2\/product"}],"about":[{"href":"https:\/\/baldumarket.lt\/lt\/wp-json\/wp\/v2\/types\/product"}],"replies":[{"embeddable":true,"href":"https:\/\/baldumarket.lt\/lt\/wp-json\/wp\/v2\/comments?post=334499"}],"wp:featuredmedia":[{"embeddable":true,"href":"https:\/\/baldumarket.lt\/lt\/wp-json\/wp\/v2\/media\/334577"}],"wp:attachment":[{"href":"https:\/\/baldumarket.lt\/lt\/wp-json\/wp\/v2\/media?parent=334499"}],"wp:term":[{"taxonomy":"product_brand","embeddable":true,"href":"https:\/\/baldumarket.lt\/lt\/wp-json\/wp\/v2\/product_brand?post=334499"},{"taxonomy":"product_cat","embeddable":true,"href":"https:\/\/baldumarket.lt\/lt\/wp-json\/wp\/v2\/product_cat?post=334499"},{"taxonomy":"product_tag","embeddable":true,"href":"https:\/\/baldumarket.lt\/lt\/wp-json\/wp\/v2\/product_tag?post=334499"}],"curies":[{"name":"wp","href":"https:\/\/api.w.org\/{rel}","templated":true}]}}