{"id":334495,"date":"2026-03-07T00:38:55","date_gmt":"2026-03-06T21:38:55","guid":{"rendered":"https:\/\/baldumarket.lt\/?post_type=product&#038;p=334495"},"modified":"2026-03-23T17:40:34","modified_gmt":"2026-03-23T14:40:34","slug":"maza-televizoriaus-spintele-135-cm-televizoriui","status":"publish","type":"product","link":"https:\/\/baldumarket.lt\/lt\/product\/maza-televizoriaus-spintele-135-cm-televizoriui\/","title":{"rendered":"Ma\u017ea televizoriaus spintel\u0117 135 cm televizoriui"},"content":{"rendered":"<p>\u0160is 135 cm plo\u010dio televizoriaus staliukas \u2013 puikus pasirinkimas ie\u0161kantiems funkcionalaus ir esteti\u0161kai patrauklaus baldo ma\u017eesn\u0117ms erdv\u0117ms. D\u0117l kompakti\u0161ko dizaino jis puikiai tinka miegamiesiems, svetain\u0117ms, vaik\u0173 kambariams ar sve\u010di\u0173 kambariams. Nepaisant ma\u017eo dyd\u017eio, jis si\u016blo steb\u0117tinai daug vietos daiktams susid\u0117ti ir puikiai atrodo.<\/p>\n<p>Tvirta konstrukcija ir gerai apgalvotas i\u0161d\u0117stymas \u0161\u012f staliuk\u0105 paver\u010dia ne tik televizoriaus staliuku, bet ir padeda tvarkingai susid\u0117ti smulkius kasdienius daiktus. Jis puikiai tinka apatiniams drabu\u017eiams, aksesuarams, \u017eaislams ar elektronikai laikyti. Ant stalvir\u0161io galima laikyti nuotraukas, augalus, dekoracijas ar kitus daiktus, kurie suteikia kambariui asmeni\u0161kumo.<\/p>\n<p>Stovas tiekiamas tik kaip laisvai pastatomas \u012frenginys. Tvirtos kojel\u0117s u\u017etikrina saug\u0173 ir patog\u0173 kasdien\u012f naudojim\u0105. J\u012f galite lengvai pastatyti net ir ank\u0161toje erdv\u0117je, taip sukurdami papildomos vietos daiktams laikyti neprarandant stiliaus.<\/p>\n<p>\u0160is \u012frenginys pagamintas i\u0161 auk\u0161tos kokyb\u0117s med\u017eiag\u0173, u\u017etikrinan\u010di\u0173 jo patvarum\u0105 ir atsparum\u0105 kasdieniam naudojimui. Pagamintas Lenkijoje, kruop\u0161\u010diai atkreipiant d\u0117mes\u012f \u012f detales, jis derina modern\u0173 dizain\u0105 su vietini\u0173 meistr\u0173 ilgaam\u017ei\u0161kumu. Tai prakti\u0161kas ir eleganti\u0161kas sprendimas, kuris tiks visur, kur svarbiausia funkcionalumas, estetika ir kompakti\u0161ki matmenys.<\/p>","protected":false},"excerpt":{"rendered":"<p>Matmenys:<br \/>\nPlotis: 135 cm<br \/>\nAuk\u0161tis: 73 cm<br \/>\nGylis: 40 cm<\/p>","protected":false},"featured_media":334570,"comment_status":"open","ping_status":"closed","template":"","meta":[],"product_brand":[],"product_cat":[9987,9857,1175],"product_tag":[],"class_list":{"0":"post-334495","1":"product","2":"type-product","3":"status-publish","4":"has-post-thumbnail","6":"product_cat-chests-of-drawers-meblast","7":"product_cat-meblast","8":"product_cat-tv-stands","10":"first","11":"instock","12":"shipping-taxable","13":"purchasable","14":"product-type-variable","15":"wvs-archive-product-wrapper"},"_links":{"self":[{"href":"https:\/\/baldumarket.lt\/lt\/wp-json\/wp\/v2\/product\/334495","targetHints":{"allow":["GET"]}}],"collection":[{"href":"https:\/\/baldumarket.lt\/lt\/wp-json\/wp\/v2\/product"}],"about":[{"href":"https:\/\/baldumarket.lt\/lt\/wp-json\/wp\/v2\/types\/product"}],"replies":[{"embeddable":true,"href":"https:\/\/baldumarket.lt\/lt\/wp-json\/wp\/v2\/comments?post=334495"}],"wp:featuredmedia":[{"embeddable":true,"href":"https:\/\/baldumarket.lt\/lt\/wp-json\/wp\/v2\/media\/334570"}],"wp:attachment":[{"href":"https:\/\/baldumarket.lt\/lt\/wp-json\/wp\/v2\/media?parent=334495"}],"wp:term":[{"taxonomy":"product_brand","embeddable":true,"href":"https:\/\/baldumarket.lt\/lt\/wp-json\/wp\/v2\/product_brand?post=334495"},{"taxonomy":"product_cat","embeddable":true,"href":"https:\/\/baldumarket.lt\/lt\/wp-json\/wp\/v2\/product_cat?post=334495"},{"taxonomy":"product_tag","embeddable":true,"href":"https:\/\/baldumarket.lt\/lt\/wp-json\/wp\/v2\/product_tag?post=334495"}],"curies":[{"name":"wp","href":"https:\/\/api.w.org\/{rel}","templated":true}]}}