{"id":334476,"date":"2026-03-07T00:38:17","date_gmt":"2026-03-06T21:38:17","guid":{"rendered":"https:\/\/baldumarket.lt\/?post_type=product&#038;p=334476"},"modified":"2026-03-23T17:40:41","modified_gmt":"2026-03-23T14:40:41","slug":"150-cm-pastatoma-televizoriaus-spintele","status":"publish","type":"product","link":"https:\/\/baldumarket.lt\/lt\/produktas\/150-cm-pastatoma-televizoriaus-spintele\/","title":{"rendered":"150 cm pastatoma televizoriaus spintel\u0117"},"content":{"rendered":"<p>Saugykla perkeliama \u012f kit\u0105 lyg\u012f.<\/p>\n<p>\u0160is 150 cm plo\u010dio televizoriaus staliukas \u2013 puikus sprendimas tiems, kurie vertina modern\u0173 dizain\u0105 ir prakti\u0161k\u0105 po\u017ei\u016br\u012f \u012f daikt\u0173 laikym\u0105. Minimalistin\u0117 forma ir kompakti\u0161kas dydis puikiai tinka svetainei, miegamajam ar jaunimo kambariui. Jis derina estetik\u0105 ir funkcionalum\u0105, suteikdamas patogi\u0105 viet\u0105 televizoriaus \u012frangai ir kasdieniams daiktams.<br \/>\nD\u0117l i\u0161manaus dizaino stovas puikiai tinka kaip televizoriaus staliukas ir padeda sutvarkyti j\u016bs\u0173 interjer\u0105. Viduje galite lengvai susid\u0117ti dokumentus, aksesuarus, patalyn\u0119 ar buitin\u0119 elektronik\u0105, o vir\u0161utinis pavir\u0161ius puikiai tinka dekoracijoms, augalams ar m\u0117gstamiems suvenyrams eksponuoti.<br \/>\n\u0160is modelis si\u016blomas tik laisvai pastatoma versija. Sumontuotas ant stabili\u0173 kojeli\u0173, stovas i\u0161laiko visas funkcijas ir tuo pa\u010diu metu yra modernus bei erdvus. Tai puikus pasirinkimas tiek didesn\u0117ms, tiek \u0161iek tiek ma\u017eesn\u0117ms patalpoms.<\/p>\n<p>Televizoriaus staliukas pagamintas i\u0161 auk\u0161tos kokyb\u0117s med\u017eiag\u0173, u\u017etikrinan\u010di\u0173 patvarum\u0105 ir patikimum\u0105 ilgus metus. Baldai pagaminti Lenkijoje, kruop\u0161\u010diai apgalvojant kiekvien\u0105 detal\u0119, tod\u0117l tai ne tik prakti\u0161kas baldas, bet ir s\u0105moningas pasirinkimas, palaikantis vietin\u0119 gamyb\u0105.<\/p>","protected":false},"excerpt":{"rendered":"<p>Matmenys:<br \/>\nPlotis: 150 cm<br \/>\nAuk\u0161tis: 65 cm<br \/>\nGylis: 40 cm<\/p>","protected":false},"featured_media":334566,"comment_status":"open","ping_status":"closed","template":"","meta":[],"product_brand":[],"product_cat":[9987,9857,1175],"product_tag":[],"class_list":{"0":"post-334476","1":"product","2":"type-product","3":"status-publish","4":"has-post-thumbnail","6":"product_cat-chests-of-drawers-meblast","7":"product_cat-meblast","8":"product_cat-tv-stands","10":"first","11":"instock","12":"shipping-taxable","13":"purchasable","14":"product-type-variable","15":"wvs-archive-product-wrapper"},"_links":{"self":[{"href":"https:\/\/baldumarket.lt\/lt\/wp-json\/wp\/v2\/product\/334476","targetHints":{"allow":["GET"]}}],"collection":[{"href":"https:\/\/baldumarket.lt\/lt\/wp-json\/wp\/v2\/product"}],"about":[{"href":"https:\/\/baldumarket.lt\/lt\/wp-json\/wp\/v2\/types\/product"}],"replies":[{"embeddable":true,"href":"https:\/\/baldumarket.lt\/lt\/wp-json\/wp\/v2\/comments?post=334476"}],"wp:featuredmedia":[{"embeddable":true,"href":"https:\/\/baldumarket.lt\/lt\/wp-json\/wp\/v2\/media\/334566"}],"wp:attachment":[{"href":"https:\/\/baldumarket.lt\/lt\/wp-json\/wp\/v2\/media?parent=334476"}],"wp:term":[{"taxonomy":"product_brand","embeddable":true,"href":"https:\/\/baldumarket.lt\/lt\/wp-json\/wp\/v2\/product_brand?post=334476"},{"taxonomy":"product_cat","embeddable":true,"href":"https:\/\/baldumarket.lt\/lt\/wp-json\/wp\/v2\/product_cat?post=334476"},{"taxonomy":"product_tag","embeddable":true,"href":"https:\/\/baldumarket.lt\/lt\/wp-json\/wp\/v2\/product_tag?post=334476"}],"curies":[{"name":"wp","href":"https:\/\/api.w.org\/{rel}","templated":true}]}}