{"id":334474,"date":"2026-03-07T00:38:15","date_gmt":"2026-03-06T21:38:15","guid":{"rendered":"https:\/\/baldumarket.lt\/?post_type=product&#038;p=334474"},"modified":"2026-03-23T17:40:41","modified_gmt":"2026-03-23T14:40:41","slug":"televizoriaus-spintele-kambariui-su-180-cm-televizoriumi-pakabinama-arba-pastatoma","status":"publish","type":"product","link":"https:\/\/baldumarket.lt\/lt\/produktas\/televizoriaus-spintele-kambariui-su-180-cm-televizoriumi-pakabinama-arba-pastatoma\/","title":{"rendered":"Televizoriaus spintel\u0117 kambariui su 180 cm televizoriumi, pakabinama arba pastatoma"},"content":{"rendered":"<p>\u0160is 180 cm ilgio televizoriaus staliukas yra puikus pasirinkimas tiems, kurie vertina modern\u0173 dizain\u0105 ir apgalvot\u0105 funkcionalum\u0105. \u0160is eleganti\u0161kas baldas buvo sukurtas svetain\u0117ms, kuriose pramog\u0173 zona turi atrodyti vientisai, esteti\u0161kai patraukliai ir tvarkingai. Jis puikiai tinka kaip televizoriaus staliukas, ta\u010diau jo paskirtis gerokai vir\u0161ija pagrindin\u0119 funkcij\u0105.<br \/>\nD\u0117l gerai apgalvoto dizaino stovas si\u016blo daug vietos daiktams susid\u0117ti. Viduje galite lengvai susid\u0117ti televizoriaus \u012frang\u0105, konsoles, diskus, laidus ir kitus priedus, kuriuos pravartu tur\u0117ti po ranka, bet neb\u016btinai matomoje vietoje. Erdviame viduje taip pat telpa smulk\u016bs kasdieniai daiktai, tekstil\u0117, dokumentai ir net eleganti\u0161ki stalo \u012frankiai. Visa tai daro \u201ee-Meblast\u201c televizoriaus stov\u0105 puikiai tinkant\u012f ne tik svetain\u0117je, bet ir kituose kambariuose, kuriuose svarbi tvarka ir stilius.<br \/>\nPaprasta, minimalistin\u0117 forma puikiai tinka \u012fvairiems interjerams \u2013 nuo modernaus ir skandinavi\u0161ko iki lofto ar klasikinio stiliaus. Priekin\u0117s dalys yra \u012fvairi\u0173 spalv\u0173, o spintel\u0119 galima pastatyti ant pridedam\u0173 kojeli\u0173 arba pakabinti ant sienos. Spintel\u0117 pagaminta i\u0161 auk\u0161tos kokyb\u0117s med\u017eiag\u0173, u\u017etikrinan\u010di\u0173 patvarum\u0105 ir tvirtum\u0105 daugeliui naudojimo met\u0173. Kiekvienas baldas pagamintas Lenkijoje, kruop\u0161\u010diai atkreipiant d\u0117mes\u012f \u012f detales ir laikantis modernaus dizaino princip\u0173.<\/p>","protected":false},"excerpt":{"rendered":"<p>Matmenys:<br \/>\nPlotis: 180 cm<br \/>\n\u016agis: 37\u201347 cm<br \/>\nGylis: 34 cm<\/p>","protected":false},"featured_media":334554,"comment_status":"open","ping_status":"closed","template":"","meta":[],"product_brand":[],"product_cat":[9987,9857,1175],"product_tag":[],"class_list":{"0":"post-334474","1":"product","2":"type-product","3":"status-publish","4":"has-post-thumbnail","6":"product_cat-chests-of-drawers-meblast","7":"product_cat-meblast","8":"product_cat-tv-stands","10":"first","11":"instock","12":"shipping-taxable","13":"purchasable","14":"product-type-variable","15":"wvs-archive-product-wrapper"},"_links":{"self":[{"href":"https:\/\/baldumarket.lt\/lt\/wp-json\/wp\/v2\/product\/334474","targetHints":{"allow":["GET"]}}],"collection":[{"href":"https:\/\/baldumarket.lt\/lt\/wp-json\/wp\/v2\/product"}],"about":[{"href":"https:\/\/baldumarket.lt\/lt\/wp-json\/wp\/v2\/types\/product"}],"replies":[{"embeddable":true,"href":"https:\/\/baldumarket.lt\/lt\/wp-json\/wp\/v2\/comments?post=334474"}],"wp:featuredmedia":[{"embeddable":true,"href":"https:\/\/baldumarket.lt\/lt\/wp-json\/wp\/v2\/media\/334554"}],"wp:attachment":[{"href":"https:\/\/baldumarket.lt\/lt\/wp-json\/wp\/v2\/media?parent=334474"}],"wp:term":[{"taxonomy":"product_brand","embeddable":true,"href":"https:\/\/baldumarket.lt\/lt\/wp-json\/wp\/v2\/product_brand?post=334474"},{"taxonomy":"product_cat","embeddable":true,"href":"https:\/\/baldumarket.lt\/lt\/wp-json\/wp\/v2\/product_cat?post=334474"},{"taxonomy":"product_tag","embeddable":true,"href":"https:\/\/baldumarket.lt\/lt\/wp-json\/wp\/v2\/product_tag?post=334474"}],"curies":[{"name":"wp","href":"https:\/\/api.w.org\/{rel}","templated":true}]}}