{"id":334472,"date":"2026-03-07T00:38:13","date_gmt":"2026-03-06T21:38:13","guid":{"rendered":"https:\/\/baldumarket.lt\/?post_type=product&#038;p=334472"},"modified":"2026-03-23T17:40:41","modified_gmt":"2026-03-23T14:40:41","slug":"televizoriaus-spintele-svetainei-skirta-200-cm-televizoriui-pakabinama-arba-pastatoma","status":"publish","type":"product","link":"https:\/\/baldumarket.lt\/lt\/produktas\/televizoriaus-spintele-svetainei-skirta-200-cm-televizoriui-pakabinama-arba-pastatoma\/","title":{"rendered":"Televizoriaus spintel\u0117 svetainei, skirta 200 cm televizoriui, pakabinama arba pastatoma"},"content":{"rendered":"<p>\u0160is 200 cm ilgio televizoriaus staliukas \u2013 modernus pasirinkimas ie\u0161kantiems baldo, kuriame der\u0117t\u0173 elegancija ir prakti\u0161kumas. Jis puikiai tinka kaip pagrindinis svetain\u0117s akcentas, tarnaujantis kaip televizoriaus staliukas ir stilinga daiktad\u0117\u017e\u0117. Minimalistinis dizainas leid\u017eia j\u012f lengvai pritaikyti prie \u012fvairi\u0173 interjero stili\u0173 \u2013 nuo modernaus ir industrinio iki klasikinio ir skandinavi\u0161ko.<\/p>\n<p>D\u0117l didelio plo\u010dio jis si\u016blo daugiau naudingos erdv\u0117s. Viduje galite lengvai susid\u0117ti televizoriaus \u012frang\u0105, konsoles, priedus, dokumentus ar kitus daiktus, kuriuos norite tur\u0117ti po ranka, bet pasl\u0117pti nuo aki\u0173. Spintel\u0117 taip pat gali b\u016bti naudojama kaip eleganti\u0161ka komoda patalynei, tekstilei ar stalo \u012frankiams. D\u0117l savo universalumo j\u0105 galima pritaikyti daugeliui funkcij\u0173, atsi\u017evelgiant \u012f j\u016bs\u0173 poreikius.<\/p>\n<p>\u0160is \u012frenginys gali b\u016bti visi\u0161kai integruotas \u012f j\u016bs\u0173 interjer\u0105. Jis gali b\u016bti bet kokios spalvos tiek priekyje, tiek korpuse. Taip pat galite pasirinkti tvirtinimo b\u016bd\u0105. \u012erenginys gali stov\u0117ti ant pridedam\u0173 moderni\u0173 kojeli\u0173 arba b\u016bti montuojamas prie sienos. Tai sukuria lengv\u0105, modern\u0173 efekt\u0105 ir palengvina erdv\u0117s tvarkym\u0105. D\u0117l \u0161io lankstumo 200 cm televizoriaus stovas puikiai tinka \u012fvairiems stiliams ir naudotoj\u0173 poreikiams.<\/p>\n<p>Pagamintas i\u0161 auk\u0161tos kokyb\u0117s med\u017eiag\u0173, 200 cm plo\u010dio \u201ee-Meblast\u201c televizoriaus staliukas yra tvirtas ir patvarus baldas. Pagamintas Lenkijoje, kruop\u0161\u010diai atkreipiant d\u0117mes\u012f \u012f detales, jis garantuoja ne tik estetik\u0105, bet ir patogum\u0105 daugel\u012f met\u0173.<\/p>","protected":false},"excerpt":{"rendered":"<p>Matmenys:<br \/>\nPlotis: 200 cm<br \/>\n\u016agis: 48\u201358 cm<br \/>\nGylis: 33 cm<\/p>","protected":false},"featured_media":334548,"comment_status":"open","ping_status":"closed","template":"","meta":[],"product_brand":[],"product_cat":[9987,9857,1175],"product_tag":[],"class_list":{"0":"post-334472","1":"product","2":"type-product","3":"status-publish","4":"has-post-thumbnail","6":"product_cat-chests-of-drawers-meblast","7":"product_cat-meblast","8":"product_cat-tv-stands","10":"first","11":"instock","12":"shipping-taxable","13":"purchasable","14":"product-type-variable","15":"wvs-archive-product-wrapper"},"_links":{"self":[{"href":"https:\/\/baldumarket.lt\/lt\/wp-json\/wp\/v2\/product\/334472","targetHints":{"allow":["GET"]}}],"collection":[{"href":"https:\/\/baldumarket.lt\/lt\/wp-json\/wp\/v2\/product"}],"about":[{"href":"https:\/\/baldumarket.lt\/lt\/wp-json\/wp\/v2\/types\/product"}],"replies":[{"embeddable":true,"href":"https:\/\/baldumarket.lt\/lt\/wp-json\/wp\/v2\/comments?post=334472"}],"wp:featuredmedia":[{"embeddable":true,"href":"https:\/\/baldumarket.lt\/lt\/wp-json\/wp\/v2\/media\/334548"}],"wp:attachment":[{"href":"https:\/\/baldumarket.lt\/lt\/wp-json\/wp\/v2\/media?parent=334472"}],"wp:term":[{"taxonomy":"product_brand","embeddable":true,"href":"https:\/\/baldumarket.lt\/lt\/wp-json\/wp\/v2\/product_brand?post=334472"},{"taxonomy":"product_cat","embeddable":true,"href":"https:\/\/baldumarket.lt\/lt\/wp-json\/wp\/v2\/product_cat?post=334472"},{"taxonomy":"product_tag","embeddable":true,"href":"https:\/\/baldumarket.lt\/lt\/wp-json\/wp\/v2\/product_tag?post=334472"}],"curies":[{"name":"wp","href":"https:\/\/api.w.org\/{rel}","templated":true}]}}