{"id":334453,"date":"2026-03-07T00:37:31","date_gmt":"2026-03-06T21:37:31","guid":{"rendered":"https:\/\/baldumarket.lt\/?post_type=product&#038;p=334453"},"modified":"2026-03-24T10:01:45","modified_gmt":"2026-03-24T07:01:45","slug":"300-cm-moduline-spinta-su-veidrodziais-okapi-riesuto-spalvos-max-premium-komplektas","status":"publish","type":"product","link":"https:\/\/baldumarket.lt\/lt\/produktas\/300-cm-moduline-spinta-su-veidrodziais-okapi-riesuto-spalvos-max-premium-komplektas\/","title":{"rendered":"300 cm modulin\u0117 spinta su veidrod\u017eiais Okapi rie\u0161uto spalvos \u2013 MAX Premium komplektas"},"content":{"rendered":"<p>Modulin\u0117s spintos, kurios matmenys 300 x 224 x 54 cm, eleganti\u0161ka \u201cOkapi Walnut\u201d apdaila, pavyzdin\u0117 konfig\u016bracija. Komplekt\u0105 sudaro: spinta 50 \u201cD\u201d; spinta 100 \u201cB\u201d; spinta 100 \u201cC\u201d; spinta 100 \u201cD\u201d; ir spinta 50 \u201eP\u201c. \u0160is modernus sprendimas derina funkcionalum\u0105 ir estetik\u0105. Spint\u0173 fasaduose yra keturi dideli veidrod\u017eiai, kurie sukuria vizualiai erdv\u0173 poj\u016bt\u012f ir dar labiau patogina kasdienius ruo\u0161imosi darbus.<\/p>\n<p>Viduje yra erdvios lentynos, drabu\u017ei\u0173 kabyklos ir prakti\u0161ki stal\u010diai, leid\u017eiantys visi\u0161kai susitvarkyti savo garderob\u0105 \u2013 nuo kasdieni\u0173 drabu\u017ei\u0173 iki aksesuar\u0173 ir aksesuar\u0173. D\u0117l spintos konfig\u016bratoriaus galite laisvai modifikuoti \u0161\u012f komplekt\u0105, pasirinkdami kitus modulius, keisdami segment\u0173 plot\u012f arba pritaikydami apdail\u0105.<\/p>\n<p>Visi komponentai pagaminti pagal \u201ePremium\u201c standart\u0105. Pilno i\u0161traukimo stal\u010diai su \u0161velnaus u\u017edarymo mechanizmu u\u017etikrina patog\u0173 ir tyl\u0173 naudojim\u0105, o \u0161velnaus u\u017edarymo vyriai garantuoja patvarum\u0105 ir komfort\u0105 ilgus metus. Eleganti\u0161kos metalin\u0117s rankenos yra trij\u0173 spalv\u0173: juodos, aliuminio ir auksin\u0117s. Be to, platus priekin\u0117s ir korpuso apdailos pasirinkimas leid\u017eia priderinti spint\u0105 prie bet kokio interjero stiliaus \u2013 nuo modernaus iki klasikinio ar industrinio.<\/p>\n<p>MAX sistema pasi\u017eymi ne tik funkcionalumu, bet ir lankstumu. Drabu\u017ei\u0173 spint\u0105 galima derinti su kitais moduliniais \u012frenginiais, sukuriant ni\u0161as arba i\u0161tisas drabu\u017eini\u0173 sistemas. Tai leid\u017eia sistem\u0105 pritaikyti \u012fvairioms konfig\u016bracijoms ir ateityje j\u0105 i\u0161pl\u0117sti.<\/p>","protected":false},"excerpt":{"rendered":"<p>Matmenys:<br \/>\nPlotis: 300 cm<br \/>\n\u016agis: 225 cm<br \/>\nGylis: 54 cm<\/p>","protected":false},"featured_media":334544,"comment_status":"open","ping_status":"closed","template":"","meta":[],"product_brand":[],"product_cat":[9990,9857,1177],"product_tag":[],"class_list":{"0":"post-334453","1":"product","2":"type-product","3":"status-publish","4":"has-post-thumbnail","6":"product_cat-furniture-system-max","7":"product_cat-meblast","8":"product_cat-wardrobes","10":"first","11":"instock","12":"shipping-taxable","13":"purchasable","14":"product-type-variable","15":"wvs-archive-product-wrapper"},"_links":{"self":[{"href":"https:\/\/baldumarket.lt\/lt\/wp-json\/wp\/v2\/product\/334453","targetHints":{"allow":["GET"]}}],"collection":[{"href":"https:\/\/baldumarket.lt\/lt\/wp-json\/wp\/v2\/product"}],"about":[{"href":"https:\/\/baldumarket.lt\/lt\/wp-json\/wp\/v2\/types\/product"}],"replies":[{"embeddable":true,"href":"https:\/\/baldumarket.lt\/lt\/wp-json\/wp\/v2\/comments?post=334453"}],"wp:featuredmedia":[{"embeddable":true,"href":"https:\/\/baldumarket.lt\/lt\/wp-json\/wp\/v2\/media\/334544"}],"wp:attachment":[{"href":"https:\/\/baldumarket.lt\/lt\/wp-json\/wp\/v2\/media?parent=334453"}],"wp:term":[{"taxonomy":"product_brand","embeddable":true,"href":"https:\/\/baldumarket.lt\/lt\/wp-json\/wp\/v2\/product_brand?post=334453"},{"taxonomy":"product_cat","embeddable":true,"href":"https:\/\/baldumarket.lt\/lt\/wp-json\/wp\/v2\/product_cat?post=334453"},{"taxonomy":"product_tag","embeddable":true,"href":"https:\/\/baldumarket.lt\/lt\/wp-json\/wp\/v2\/product_tag?post=334453"}],"curies":[{"name":"wp","href":"https:\/\/api.w.org\/{rel}","templated":true}]}}