{"id":334451,"date":"2026-03-07T00:37:30","date_gmt":"2026-03-06T21:37:30","guid":{"rendered":"https:\/\/baldumarket.lt\/?post_type=product&#038;p=334451"},"modified":"2026-03-31T10:16:57","modified_gmt":"2026-03-31T07:16:57","slug":"moduline-kampine-spinta-278-cm-su-veidrodziais-carpenter-whiskey-oak-max-premium-komplektas","status":"publish","type":"product","link":"https:\/\/baldumarket.lt\/lt\/produktas\/moduline-kampine-spinta-278-cm-su-veidrodziais-carpenter-whiskey-oak-max-premium-komplektas\/","title":{"rendered":"Modulin\u0117 kampin\u0117 spinta 278 cm su veidrod\u017eiais Carpenter Whisky Oak \u2013 MAX Premium komplektas"},"content":{"rendered":"<p>Modulin\u0117 spinta, kurios plotis \u2013 278 cm (139 cm + 139 cm ties kampu), auk\u0161tis \u2013 224 cm, o gylis \u2013 54 cm, padengta \u201dCarpenter Whiskey Oak\u201c \u0105\u017euolu ir eleganti\u0161komis aliuminio spalvos rankenomis. Komplekt\u0105 sudaro dvi 50 coli\u0173 plo\u010dio \u201eP\u201c spintos su veidrod\u017eiais ir kampin\u0117 spinta, kurios kartu sukuria funkcional\u0173 ir esteti\u0161k\u0105 kampin\u012f blok\u0105, puikiai i\u0161naudojant\u012f erdv\u0119 ant abiej\u0173 sien\u0173. Veidrodiniai fasadai suteikia interjerui lengvumo, j\u012f pa\u0161viesina ir vizualiai padidina kambar\u012f.<\/p>\n<p>Spintos vidus kruop\u0161\u010diai suplanuotas siekiant maksimaliai padidinti spintos tvark\u0105. Erdvios lentynos leid\u017eia laikyti drabu\u017eius ir aksesuarus, skersiniai suteikia patogi\u0105 viet\u0105 drabu\u017eiams pakabinti, o keli kampiniai moduliai leid\u017eia optimaliai i\u0161naudoti turim\u0105 erdv\u0119. \u0160is prakti\u0161kas sprendimas puikiai tinka tiek didesniuose miegamuosiuose, tiek kambariuose su ribota erdve.<\/p>\n<p>Visi komponentai pagaminti pagal \u201ePremium\u201c standart\u0105 \u2013 stal\u010diai turi pilno i\u0161traukimo b\u0117gelius su \u0161velnaus u\u017edarymo mechanizmu, spint\u0173 vyriai apr\u016bpinti \u0161velnaus u\u017edarymo sistema, o aliuminio spalvos metalin\u0117s rankenos garantuoja ilgaam\u017ei\u0161kum\u0105 ir eleganti\u0161k\u0105 i\u0161vaizd\u0105. \u201eMAX Premium\u201c sistema leid\u017eia \u0161\u012f komplekt\u0105 derinti su kitais moduliniais segmentais, taip sukuriant individualius ni\u0161\u0173 ir spint\u0173 blokus, pritaikytus prie naudotojo poreiki\u0173 ir erdv\u0117s.<\/p>","protected":false},"excerpt":{"rendered":"<p>Matmenys:<br \/>\nPlotis: 139 cm x 139 cm<br \/>\n\u016agis: 225 cm<br \/>\nGylis: 54 cm<\/p>","protected":false},"featured_media":334534,"comment_status":"open","ping_status":"closed","template":"","meta":[],"product_brand":[],"product_cat":[9990,9857,1177],"product_tag":[],"class_list":{"0":"post-334451","1":"product","2":"type-product","3":"status-publish","4":"has-post-thumbnail","6":"product_cat-furniture-system-max","7":"product_cat-meblast","8":"product_cat-wardrobes","10":"first","11":"instock","12":"shipping-taxable","13":"purchasable","14":"product-type-variable","15":"wvs-archive-product-wrapper"},"_links":{"self":[{"href":"https:\/\/baldumarket.lt\/lt\/wp-json\/wp\/v2\/product\/334451","targetHints":{"allow":["GET"]}}],"collection":[{"href":"https:\/\/baldumarket.lt\/lt\/wp-json\/wp\/v2\/product"}],"about":[{"href":"https:\/\/baldumarket.lt\/lt\/wp-json\/wp\/v2\/types\/product"}],"replies":[{"embeddable":true,"href":"https:\/\/baldumarket.lt\/lt\/wp-json\/wp\/v2\/comments?post=334451"}],"wp:featuredmedia":[{"embeddable":true,"href":"https:\/\/baldumarket.lt\/lt\/wp-json\/wp\/v2\/media\/334534"}],"wp:attachment":[{"href":"https:\/\/baldumarket.lt\/lt\/wp-json\/wp\/v2\/media?parent=334451"}],"wp:term":[{"taxonomy":"product_brand","embeddable":true,"href":"https:\/\/baldumarket.lt\/lt\/wp-json\/wp\/v2\/product_brand?post=334451"},{"taxonomy":"product_cat","embeddable":true,"href":"https:\/\/baldumarket.lt\/lt\/wp-json\/wp\/v2\/product_cat?post=334451"},{"taxonomy":"product_tag","embeddable":true,"href":"https:\/\/baldumarket.lt\/lt\/wp-json\/wp\/v2\/product_tag?post=334451"}],"curies":[{"name":"wp","href":"https:\/\/api.w.org\/{rel}","templated":true}]}}