{"id":334430,"date":"2026-03-07T00:36:49","date_gmt":"2026-03-06T21:36:49","guid":{"rendered":"https:\/\/baldumarket.lt\/?post_type=product&#038;p=334430"},"modified":"2026-03-31T10:16:57","modified_gmt":"2026-03-31T07:16:57","slug":"moduline-kampine-spinta-su-veidrodziais-baltic-dune-oak-max-premium-komplektas","status":"publish","type":"product","link":"https:\/\/baldumarket.lt\/lt\/produktas\/moduline-kampine-spinta-su-veidrodziais-baltic-dune-oak-max-premium-komplektas\/","title":{"rendered":"Modulin\u0117 kampin\u0117 spinta su veidrod\u017eiais, \u201eBaltic Dune Oak\u201c \u2013 MAX Premium komplektas"},"content":{"rendered":"<p>Pavyzdin\u0117 modulin\u0117s kampin\u0117s spintos konfig\u016bracija, kurios auk\u0161tis 224 cm, o r\u0117mo plotis 139 x 139 cm, apdailinta eleganti\u0161ka \u201cBaltic Dune Oak\u201d apdaila. Komplekt\u0105 sudaro: spinta 90 \u201cF\u201d; kampin\u0117 spinta; ir spinta 80 \u201eP\u201c. Tai puikus sprendimas kampinei erdvei miegamajame, r\u016bbin\u0117je ar prie\u0161kambaryje. Veidrodiniai fasadai vizualiai pagerina interjer\u0105 ir palengvina kasdien\u012f ruo\u0161im\u0105si.<br \/>\nSpintos vidus suprojektuotas taip, kad b\u016bt\u0173 maksimaliai i\u0161naudota erdv\u0117 \u2013 joje rasite lentynas, drabu\u017ei\u0173 kabyklas ir skyrius aksesuarams, kad daiktai b\u016bt\u0173 tvarkingi ir kasdienis daikt\u0173 laikymas b\u016bt\u0173 paprastesnis.<br \/>\nVisi komponentai pagaminti pagal auk\u0161\u010diausios kokyb\u0117s standartus. Stal\u010diai ir durel\u0117s su \u0161velnaus u\u017edarymo sistema u\u017etikrina komfort\u0105 ir ilgaam\u017ei\u0161kum\u0105, o kra\u0161tuose pritvirtintos ranken\u0117l\u0117s suteikia modernumo. Platus priekin\u0117s ir korpuso spalv\u0173 pasirinkimas leid\u017eia \u0161i\u0105 spint\u0105 priderinti prie bet kokio interjero. \u201eMAX Premium\u201c sistema si\u016blo visi\u0161k\u0105 lankstum\u0105 \u2013 kampin\u0119 spint\u0105 galima derinti su kitais moduliniais \u012frenginiais, kad b\u016bt\u0173 sukurtos didesn\u0117s sienin\u0117s sekcijos ir i\u0161tisos spint\u0173 sistemos. Tai prakti\u0161kas ir esteti\u0161kai patrauklus sprendimas tiems, kurie nori maksimaliai i\u0161naudoti erdv\u0119.<\/p>","protected":false},"excerpt":{"rendered":"<p>Matmenys:<br \/>\nPlotis: 179 cm x 169 cm<br \/>\n\u016agis: 225 cm<br \/>\nGylis: 54 cm<\/p>","protected":false},"featured_media":334514,"comment_status":"open","ping_status":"closed","template":"","meta":[],"product_brand":[],"product_cat":[9990,9857,1177],"product_tag":[],"class_list":{"0":"post-334430","1":"product","2":"type-product","3":"status-publish","4":"has-post-thumbnail","6":"product_cat-furniture-system-max","7":"product_cat-meblast","8":"product_cat-wardrobes","10":"first","11":"instock","12":"shipping-taxable","13":"purchasable","14":"product-type-variable","15":"wvs-archive-product-wrapper"},"_links":{"self":[{"href":"https:\/\/baldumarket.lt\/lt\/wp-json\/wp\/v2\/product\/334430","targetHints":{"allow":["GET"]}}],"collection":[{"href":"https:\/\/baldumarket.lt\/lt\/wp-json\/wp\/v2\/product"}],"about":[{"href":"https:\/\/baldumarket.lt\/lt\/wp-json\/wp\/v2\/types\/product"}],"replies":[{"embeddable":true,"href":"https:\/\/baldumarket.lt\/lt\/wp-json\/wp\/v2\/comments?post=334430"}],"wp:featuredmedia":[{"embeddable":true,"href":"https:\/\/baldumarket.lt\/lt\/wp-json\/wp\/v2\/media\/334514"}],"wp:attachment":[{"href":"https:\/\/baldumarket.lt\/lt\/wp-json\/wp\/v2\/media?parent=334430"}],"wp:term":[{"taxonomy":"product_brand","embeddable":true,"href":"https:\/\/baldumarket.lt\/lt\/wp-json\/wp\/v2\/product_brand?post=334430"},{"taxonomy":"product_cat","embeddable":true,"href":"https:\/\/baldumarket.lt\/lt\/wp-json\/wp\/v2\/product_cat?post=334430"},{"taxonomy":"product_tag","embeddable":true,"href":"https:\/\/baldumarket.lt\/lt\/wp-json\/wp\/v2\/product_tag?post=334430"}],"curies":[{"name":"wp","href":"https:\/\/api.w.org\/{rel}","templated":true}]}}