{"id":334428,"date":"2026-03-07T00:36:47","date_gmt":"2026-03-06T21:36:47","guid":{"rendered":"https:\/\/baldumarket.lt\/?post_type=product&#038;p=334428"},"modified":"2026-03-31T10:16:49","modified_gmt":"2026-03-31T07:16:49","slug":"moduline-spinta-260-cm-sonoma-light-max-premium-komplektas","status":"publish","type":"product","link":"https:\/\/baldumarket.lt\/lt\/produktas\/moduline-spinta-260-cm-sonoma-light-max-premium-komplektas\/","title":{"rendered":"Modulin\u0117 spinta 260 cm Sonoma Light \u2013 MAX Premium komplektas"},"content":{"rendered":"<p>Modulini\u0173 spint\u0173 komplektas, kurio plotis 260 cm, auk\u0161tis 224 cm, o gylis 54 cm, pasi\u017eymi unikaliu spalv\u0173 deriniu: \u0161viesios Sonoma spalvos fasadai ir tamsios Sonoma spalvos korpusas. Eleganti\u0161kos matin\u0117s juodos ranken\u0117l\u0117s papildo bendr\u0105 dizain\u0105, pabr\u0117\u017edamos modern\u0173 baldo charakter\u012f. Komplekt\u0105 sudaro 90 \u201cG\u201d stiliaus spinta, 90 \u201cK\u201d stiliaus spinta ir 80 \u201cP\u201d stiliaus spinta. Kartu jos sukuria darn\u0173 ir funkcional\u0173 vienet\u0105, puikiai tinkant\u012f tiek miegamajam, tiek r\u016bbinei ar prie\u0161kambariui.<\/p>\n<p>Spint\u0173 vidus suprojektuotas taip, kad b\u016bt\u0173 u\u017etikrintas maksimalus patogumas daiktams susid\u0117ti. B\u0117geliai leid\u017eia patogiai sutvarkyti pakabintus drabu\u017eius, erdvios lentynos padeda tvarkingai laikyti sulankstytus drabu\u017eius ir aksesuarus, o papildomi stal\u010diai suteikia prakti\u0161k\u0105 viet\u0105 smulkiems daiktams ir apatiniams. D\u0117l modulin\u0117s \u201eMAX Premium System\u201c konstrukcijos galite visi\u0161kai pritaikyti i\u0161d\u0117stym\u0105 pagal savo poreikius ir laisvai derinti elementus su kitais baldais, kad sukurtum\u0117te didesnes ni\u0161as.<\/p>\n<p>Visos sudedamosios dalys pagamintos pagal auk\u0161\u010diausius standartus \u2013 pilno i\u0161traukimo stal\u010diai turi \u0161velnaus u\u017edarymo sistem\u0105, vyriai turi \u0161velnaus u\u017edarymo mechanizmus, o metalin\u0117s rankenos yra patvarios ir patogios naudoti. \u0160iuolaikin\u0117s estetikos ir funkcionalumo derinys daro komplekt\u0105 prakti\u0161k\u0105 ir eleganti\u0161k\u0105.<\/p>","protected":false},"excerpt":{"rendered":"<p>Matmenys:<br \/>\nPlotis: 260 cm<br \/>\n\u016agis: 225 cm<br \/>\nGylis: 54 cm<\/p>","protected":false},"featured_media":334510,"comment_status":"open","ping_status":"closed","template":"","meta":[],"product_brand":[],"product_cat":[9990,9857,1177],"product_tag":[],"class_list":{"0":"post-334428","1":"product","2":"type-product","3":"status-publish","4":"has-post-thumbnail","6":"product_cat-furniture-system-max","7":"product_cat-meblast","8":"product_cat-wardrobes","10":"first","11":"instock","12":"shipping-taxable","13":"purchasable","14":"product-type-variable","15":"wvs-archive-product-wrapper"},"_links":{"self":[{"href":"https:\/\/baldumarket.lt\/lt\/wp-json\/wp\/v2\/product\/334428","targetHints":{"allow":["GET"]}}],"collection":[{"href":"https:\/\/baldumarket.lt\/lt\/wp-json\/wp\/v2\/product"}],"about":[{"href":"https:\/\/baldumarket.lt\/lt\/wp-json\/wp\/v2\/types\/product"}],"replies":[{"embeddable":true,"href":"https:\/\/baldumarket.lt\/lt\/wp-json\/wp\/v2\/comments?post=334428"}],"wp:featuredmedia":[{"embeddable":true,"href":"https:\/\/baldumarket.lt\/lt\/wp-json\/wp\/v2\/media\/334510"}],"wp:attachment":[{"href":"https:\/\/baldumarket.lt\/lt\/wp-json\/wp\/v2\/media?parent=334428"}],"wp:term":[{"taxonomy":"product_brand","embeddable":true,"href":"https:\/\/baldumarket.lt\/lt\/wp-json\/wp\/v2\/product_brand?post=334428"},{"taxonomy":"product_cat","embeddable":true,"href":"https:\/\/baldumarket.lt\/lt\/wp-json\/wp\/v2\/product_cat?post=334428"},{"taxonomy":"product_tag","embeddable":true,"href":"https:\/\/baldumarket.lt\/lt\/wp-json\/wp\/v2\/product_tag?post=334428"}],"curies":[{"name":"wp","href":"https:\/\/api.w.org\/{rel}","templated":true}]}}