{"id":334414,"date":"2026-03-07T00:36:10","date_gmt":"2026-03-06T21:36:10","guid":{"rendered":"https:\/\/baldumarket.lt\/?post_type=product&#038;p=334414"},"modified":"2026-03-31T10:16:49","modified_gmt":"2026-03-31T07:16:49","slug":"moduline-kampine-spinta-270-cm-lefkas-azuolas-tamsus-max-premium-komplektas","status":"publish","type":"product","link":"https:\/\/baldumarket.lt\/lt\/produktas\/moduline-kampine-spinta-270-cm-lefkas-azuolas-tamsus-max-premium-komplektas\/","title":{"rendered":"Modulin\u0117 kampin\u0117 spinta 270 cm Lefkas \u0105\u017euolas tamsus \u2013 MAX Premium komplektas"},"content":{"rendered":"<p>Modulini\u0173 spint\u0173 komplektas, kurio plotis 270 cm, auk\u0161tis 224 cm, o gylis 54 cm, eleganti\u0161ka \u201ctamsaus Lefkas \u0105\u017euolo\u201d apdaila. \u0160lifuoto aukso spalvos ranken\u0117l\u0117s suteikia elegancijos ir nesenstan\u010dio stiliaus. Komplekt\u0105 sudaro 90 \u201cG\u201d dyd\u017eio spinta, kampin\u0117 spinta ir 80 \u201eP\u201c dyd\u017eio spinta, kurios kartu sudaro kampin\u012f blok\u0105, maksimaliai i\u0161naudojant\u012f erdv\u0119 ant abiej\u0173 sien\u0173. Tai idealus sprendimas miegamajam, r\u016bbinei ar bet kuriai kitai patalpai, kur svarbus kiekvienas centimetras.<\/p>\n<p>Spint\u0173 vidus suprojektuotas taip, kad b\u016bt\u0173 patogus ir kasdien naudojamas. Erdvios lentynos leid\u017eia laikyti drabu\u017eius ir aksesuarus, pakabos suteikia idealias s\u0105lygas drabu\u017eiams pakabinti, o kampin\u0117 spintos dalis leid\u017eia efektyviai i\u0161naudoti sunkiai prieinamas kambario vietas. Tai u\u017etikrina, kad visa spinta i\u0161likt\u0173 tvarkinga ir lengvai pasiekiama.<\/p>\n<p>Visi komplekto komponentai pagaminti pagal \u201eMAX Premium\u201c standart\u0105 \u2013 pilno i\u0161traukimo stal\u010diai turi \u0161velnaus u\u017edarymo sistem\u0105, vyriai apr\u016bpinti \u0161velnaus u\u017edarymo mechanizmais, o metalin\u0117s rankenos u\u017etikrina patogum\u0105 ir ilgaam\u017ei\u0161kum\u0105. Modulin\u0117 konstrukcija leid\u017eia segmentus derinti su kitais sistemos elementais, taip sukuriant dar didesnes \u012fleid\u017eiamas konstrukcijas, pritaikytas individualiems poreikiams.<\/p>","protected":false},"excerpt":{"rendered":"<p>Matmenys:<br \/>\nPlotis: 179 cm x 169 cm<br \/>\n\u016agis: 225 cm<br \/>\nGylis: 54 cm<\/p>","protected":false},"featured_media":334506,"comment_status":"open","ping_status":"closed","template":"","meta":[],"product_brand":[],"product_cat":[9990,9857,1177],"product_tag":[],"class_list":{"0":"post-334414","1":"product","2":"type-product","3":"status-publish","4":"has-post-thumbnail","6":"product_cat-furniture-system-max","7":"product_cat-meblast","8":"product_cat-wardrobes","10":"first","11":"instock","12":"shipping-taxable","13":"purchasable","14":"product-type-variable","15":"wvs-archive-product-wrapper"},"_links":{"self":[{"href":"https:\/\/baldumarket.lt\/lt\/wp-json\/wp\/v2\/product\/334414","targetHints":{"allow":["GET"]}}],"collection":[{"href":"https:\/\/baldumarket.lt\/lt\/wp-json\/wp\/v2\/product"}],"about":[{"href":"https:\/\/baldumarket.lt\/lt\/wp-json\/wp\/v2\/types\/product"}],"replies":[{"embeddable":true,"href":"https:\/\/baldumarket.lt\/lt\/wp-json\/wp\/v2\/comments?post=334414"}],"wp:featuredmedia":[{"embeddable":true,"href":"https:\/\/baldumarket.lt\/lt\/wp-json\/wp\/v2\/media\/334506"}],"wp:attachment":[{"href":"https:\/\/baldumarket.lt\/lt\/wp-json\/wp\/v2\/media?parent=334414"}],"wp:term":[{"taxonomy":"product_brand","embeddable":true,"href":"https:\/\/baldumarket.lt\/lt\/wp-json\/wp\/v2\/product_brand?post=334414"},{"taxonomy":"product_cat","embeddable":true,"href":"https:\/\/baldumarket.lt\/lt\/wp-json\/wp\/v2\/product_cat?post=334414"},{"taxonomy":"product_tag","embeddable":true,"href":"https:\/\/baldumarket.lt\/lt\/wp-json\/wp\/v2\/product_tag?post=334414"}],"curies":[{"name":"wp","href":"https:\/\/api.w.org\/{rel}","templated":true}]}}