{"id":334412,"date":"2026-03-07T00:36:07","date_gmt":"2026-03-06T21:36:07","guid":{"rendered":"https:\/\/baldumarket.lt\/?post_type=product&#038;p=334412"},"modified":"2026-03-31T10:16:49","modified_gmt":"2026-03-31T07:16:49","slug":"moduline-kampine-spinta-270-cm-kasmyro-smelio-spalvos-max-premium-komplektas","status":"publish","type":"product","link":"https:\/\/baldumarket.lt\/lt\/produktas\/moduline-kampine-spinta-270-cm-kasmyro-smelio-spalvos-max-premium-komplektas\/","title":{"rendered":"Modulin\u0117 kampin\u0117 spinta 270 cm, ka\u0161myro sm\u0117lio spalvos \u2013 MAX Premium komplektas"},"content":{"rendered":"<p>Modulini\u0173 spint\u0173 komplektas, kurio plotis 270 cm, auk\u0161tis 224 cm, o gylis 54 cm, apdailintas eleganti\u0161ka ka\u0161myro sm\u0117lio spalvos apdaila. Matin\u0117s juodos ranken\u0117l\u0117s papildo modern\u0173, minimalistin\u012f bald\u0173 charakter\u012f. Komplekt\u0105 sudaro 100 \u201cH\u201d stiliaus spinta, kampin\u0117 spinta su veidrod\u017eiu ir 80 \u201cP\u201d stiliaus spinta, kurios sukuria kampin\u012f blok\u0105, puikiai i\u0161naudojant\u012f erdv\u0119 ant abiej\u0173 sien\u0173.<\/p>\n<p>Interjeras sukurtas galvojant apie kasdien\u012f patogum\u0105 ir tobul\u0105 tvark\u0105. Erdvios lentynos leid\u017eia susid\u0117ti drabu\u017eius ir aksesuarus, pakabos suteikia vietos drabu\u017eiams pakabinti, o funkcional\u016bs stal\u010diai padeda sutvarkyti ma\u017eesnius spintos daiktus. Priekyje esantis veidrodis dar labiau vizualiai padidina interjer\u0105 ir suteikia jam lengvumo.<\/p>\n<p>Visas komplektas pagamintas pagal MAX Premium standart\u0105 \u2013 stal\u010diai apr\u016bpinti pilno i\u0161traukimo b\u0117geliais ir \u0161velnaus u\u017edarymo sistema, vyriai turi \u0161velnaus u\u017edarymo mechanizmus, o tvirtos metalin\u0117s rankenos u\u017etikrina patog\u0173 naudojim\u0105. Modulin\u0117 konstrukcija leid\u017eia derinti su kitais sistemos elementais, tod\u0117l galite sukurti konstrukcij\u0105, pritaikyt\u0105 individualiems poreikiams ir kambario matmenims.<\/p>","protected":false},"excerpt":{"rendered":"<p>Matmenys:<br \/>\nPlotis: 189 cm x 169 cm<br \/>\n\u016agis: 225 cm<br \/>\nGylis: 54 cm<\/p>","protected":false},"featured_media":334502,"comment_status":"open","ping_status":"closed","template":"","meta":[],"product_brand":[],"product_cat":[9990,9857,1177],"product_tag":[],"class_list":{"0":"post-334412","1":"product","2":"type-product","3":"status-publish","4":"has-post-thumbnail","6":"product_cat-furniture-system-max","7":"product_cat-meblast","8":"product_cat-wardrobes","10":"first","11":"instock","12":"shipping-taxable","13":"purchasable","14":"product-type-variable","15":"wvs-archive-product-wrapper"},"_links":{"self":[{"href":"https:\/\/baldumarket.lt\/lt\/wp-json\/wp\/v2\/product\/334412","targetHints":{"allow":["GET"]}}],"collection":[{"href":"https:\/\/baldumarket.lt\/lt\/wp-json\/wp\/v2\/product"}],"about":[{"href":"https:\/\/baldumarket.lt\/lt\/wp-json\/wp\/v2\/types\/product"}],"replies":[{"embeddable":true,"href":"https:\/\/baldumarket.lt\/lt\/wp-json\/wp\/v2\/comments?post=334412"}],"wp:featuredmedia":[{"embeddable":true,"href":"https:\/\/baldumarket.lt\/lt\/wp-json\/wp\/v2\/media\/334502"}],"wp:attachment":[{"href":"https:\/\/baldumarket.lt\/lt\/wp-json\/wp\/v2\/media?parent=334412"}],"wp:term":[{"taxonomy":"product_brand","embeddable":true,"href":"https:\/\/baldumarket.lt\/lt\/wp-json\/wp\/v2\/product_brand?post=334412"},{"taxonomy":"product_cat","embeddable":true,"href":"https:\/\/baldumarket.lt\/lt\/wp-json\/wp\/v2\/product_cat?post=334412"},{"taxonomy":"product_tag","embeddable":true,"href":"https:\/\/baldumarket.lt\/lt\/wp-json\/wp\/v2\/product_tag?post=334412"}],"curies":[{"name":"wp","href":"https:\/\/api.w.org\/{rel}","templated":true}]}}