{"id":334410,"date":"2026-03-07T00:36:05","date_gmt":"2026-03-06T21:36:05","guid":{"rendered":"https:\/\/baldumarket.lt\/?post_type=product&#038;p=334410"},"modified":"2026-03-31T10:16:48","modified_gmt":"2026-03-31T07:16:48","slug":"moduline-spinta-270-cm-lefkas-azuolas-tamsus-grafito-pilka-max-premium-komplektas-max-moduline-spintu-sistema","status":"publish","type":"product","link":"https:\/\/baldumarket.lt\/lt\/produktas\/moduline-spinta-270-cm-lefkas-azuolas-tamsus-grafito-pilka-max-premium-komplektas-max-moduline-spintu-sistema\/","title":{"rendered":"Modulin\u0117 spinta 270 cm Lefkas \u0105\u017euolas tamsus + grafito pilka \u2013 MAX Premium komplektas MAX modulin\u0117 spint\u0173 sistema"},"content":{"rendered":"<p>\u0160i modulin\u0117 spinta, kurios plotis \u2013 270 cm, auk\u0161tis \u2013 224 cm, o gylis \u2013 54 cm, puikiai tinka ie\u0161kantiems modernaus ir erdvaus sprendimo daiktams susid\u0117ti. Komplektas pasi\u017eymi eleganti\u0161ku spalv\u0173 deriniu. Tamsaus Lefko \u0105\u017euolo apdaila suteikia visam baldui \u0161ilt\u0105 ir nat\u016bral\u0173 poj\u016bt\u012f, o grafito pilkos spalvos fasadai suteikia interjerui modernumo ir lengvumo. Matin\u0117s juodos ranken\u0117l\u0117s papildo minimalistin\u0119, ta\u010diau eleganti\u0161k\u0105 i\u0161vaizd\u0105. D\u0117l \u0161io dizaino spinta puikiai tinka tiek klasikiniam, tiek moderniam interjerui, suteikdama vientisumo ir rafinuotumo.<\/p>\n<p>Komplekt\u0105 sudaro 80 coli\u0173 E dyd\u017eio spinta, 90 coli\u0173 K dyd\u017eio spinta ir 100 coli\u0173 D dyd\u017eio spinta. Tai sukuria darn\u0173, funkcional\u0173 vienet\u0105, kuriame kiekviena dalis atlieka specifin\u012f vaidmen\u012f. Dideli fasadai suteikia visam baldui modern\u0173 vaizd\u0105, o spintos i\u0161d\u0117stymas leid\u017eia maksimaliai i\u0161naudoti turim\u0105 erdv\u0119 miegamajame arba r\u016bbin\u0117je. Spint\u0173 vidus suprojektuotas taip, kad b\u016bt\u0173 patogu laikyti kasdienius daiktus ir garderob\u0105. Erdvios lentynos talpina sulankstytus drabu\u017eius ir aksesuarus, skersiniai leid\u017eia patogiai pakabinti mar\u0161kinius, sukneles ir striukes, o dideli stal\u010diai suteikia vietos apatiniams drabu\u017eiams, aksesuarams ir kitiems smulkiems daiktams. Toks i\u0161d\u0117stymas u\u017etikrina, kad visi spintos daiktai tur\u0117t\u0173 savo viet\u0105, tod\u0117l tvarkos palaikymas yra paprastas ir patogus.<\/p>\n<p>Visas blokas pagamintas pagal \u201eMAX Premium\u201c standart\u0105 \u2013 pilno i\u0161traukimo stal\u010diai su \u0161velnaus u\u017edarymo mechanizmu, vyriai su \u0161velnaus u\u017edarymo sistema ir tvirtos metalin\u0117s rankenos. D\u0117l modulin\u0117s konstrukcijos komplekt\u0105 galima derinti su kitais blokais, sukuriant individual\u0173 sprendim\u0105, pritaikyt\u0105 konkre\u010diam interjerui ir individualiems poreikiams.<\/p>","protected":false},"excerpt":{"rendered":"<p>Matmenys:<br \/>\nPlotis: 270 cm<br \/>\n\u016agis: 225 cm<br \/>\nGylis: 54 cm<\/p>","protected":false},"featured_media":334490,"comment_status":"open","ping_status":"closed","template":"","meta":[],"product_brand":[],"product_cat":[9990,9857,1177],"product_tag":[],"class_list":{"0":"post-334410","1":"product","2":"type-product","3":"status-publish","4":"has-post-thumbnail","6":"product_cat-furniture-system-max","7":"product_cat-meblast","8":"product_cat-wardrobes","10":"first","11":"instock","12":"shipping-taxable","13":"purchasable","14":"product-type-variable","15":"wvs-archive-product-wrapper"},"_links":{"self":[{"href":"https:\/\/baldumarket.lt\/lt\/wp-json\/wp\/v2\/product\/334410","targetHints":{"allow":["GET"]}}],"collection":[{"href":"https:\/\/baldumarket.lt\/lt\/wp-json\/wp\/v2\/product"}],"about":[{"href":"https:\/\/baldumarket.lt\/lt\/wp-json\/wp\/v2\/types\/product"}],"replies":[{"embeddable":true,"href":"https:\/\/baldumarket.lt\/lt\/wp-json\/wp\/v2\/comments?post=334410"}],"wp:featuredmedia":[{"embeddable":true,"href":"https:\/\/baldumarket.lt\/lt\/wp-json\/wp\/v2\/media\/334490"}],"wp:attachment":[{"href":"https:\/\/baldumarket.lt\/lt\/wp-json\/wp\/v2\/media?parent=334410"}],"wp:term":[{"taxonomy":"product_brand","embeddable":true,"href":"https:\/\/baldumarket.lt\/lt\/wp-json\/wp\/v2\/product_brand?post=334410"},{"taxonomy":"product_cat","embeddable":true,"href":"https:\/\/baldumarket.lt\/lt\/wp-json\/wp\/v2\/product_cat?post=334410"},{"taxonomy":"product_tag","embeddable":true,"href":"https:\/\/baldumarket.lt\/lt\/wp-json\/wp\/v2\/product_tag?post=334410"}],"curies":[{"name":"wp","href":"https:\/\/api.w.org\/{rel}","templated":true}]}}