{"id":334399,"date":"2026-03-07T00:35:30","date_gmt":"2026-03-06T21:35:30","guid":{"rendered":"https:\/\/baldumarket.lt\/?post_type=product&#038;p=334399"},"modified":"2026-03-31T10:16:48","modified_gmt":"2026-03-31T07:16:48","slug":"moduline-spinta-260-cm-juodo-onikso-sviesiai-pilkos-spalvos-max-premium-komplektas","status":"publish","type":"product","link":"https:\/\/baldumarket.lt\/lt\/produktas\/moduline-spinta-260-cm-juodo-onikso-sviesiai-pilkos-spalvos-max-premium-komplektas\/","title":{"rendered":"Modulin\u0117 spinta 260 cm juodo onikso + \u0161viesiai pilkos spalvos \u2013 MAX Premium komplektas"},"content":{"rendered":"<p>\u0160i modulin\u0117 spinta, kurios plotis \u2013 260 cm, auk\u0161tis \u2013 224 cm, o gylis \u2013 54 cm, sujungia modernaus dizaino elegancij\u0105 su maksimaliu funkcionalumu. Juodo onikso fasad\u0173 ir \u0161viesiai pilko korpuso derinys sukuria unikal\u0173 kontrast\u0105, sukuriant\u012f modern\u0173, stiling\u0105 vaizd\u0105, kuris dera tiek minimalistiniuose miegamuosiuose, tiek i\u0161rai\u0161kingesniuose, lofto stiliaus interjeruose. Eleganti\u0161kos aliuminio ranken\u0117l\u0117s suteikia baldams lengvumo ir pabr\u0117\u017eia j\u0173 modern\u0173 charakter\u012f, o centre i\u0161d\u0117styti veidrod\u017eiai vizualiai padidina erdv\u0119 ir suteikia interjerui gylio.<\/p>\n<p>Konfiguracij\u0105 sudaro: 90 \u201cF\u201d dyd\u017eio spinta, 80 \u201cM\u201d dyd\u017eio spinta su veidrod\u017eiais ir 90 \u201cG\u201d dyd\u017eio spinta. Tai sukuria harmoning\u0105, ta\u010diau itin prakti\u0161k\u0105 vienet\u0105. Atskiri segmentai sukurti taip, kad atitikt\u0173 \u012fvairius poreikius \u2013 nuo kasdieni\u0173 garderobo daikt\u0173 laikymo iki smulki\u0173 daikt\u0173 ir aksesuar\u0173 organizavimo patogiuose stal\u010diuose. Spint\u0173 vidus pasi\u017eymi visomis funkcijomis: skersiniais drabu\u017eiams kabinti, daugybe lentyn\u0173, kad b\u016bt\u0173 lengva susitvarkyti, ir erdviais stal\u010diais, puikiai tinkan\u010diais apatiniams drabu\u017eiams, aksesuarams ir kitiems ma\u017eesniems garderobo daiktams laikyti. Toks dizainas leid\u017eia palaikyti tvark\u0105 ir kartu i\u0161laikyti visus b\u016btiniausius daiktus lengvai pasiekiamus.<\/p>\n<p>Komplektas pagamintas naudojant \u201eMAX Premium\u201c sistem\u0105, o tai rei\u0161kia auk\u0161\u010diausios kokyb\u0117s apdail\u0105 \u2013 pilno i\u0161traukimo stal\u010diai su \u0161velnaus u\u017edarymo mechanizmu, vyriai su \u0161velnaus u\u017edarymo mechanizmu ir tvirtos metalin\u0117s rankenos u\u017etikrina patog\u0173 naudojim\u0105 daugel\u012f met\u0173. Modulin\u0117 konstrukcija leid\u017eia toliau pl\u0117sti \u2013 komplekt\u0105 galima i\u0161pl\u0117sti papildomomis dalimis, kad b\u016bt\u0173 sukurtos individualios konfig\u016bracijos, pritaikytos interjerui.<\/p>","protected":false},"excerpt":{"rendered":"<p>Matmenys:<br \/>\nPlotis: 260 cm<br \/>\n\u016agis: 225 cm<br \/>\nGylis: 54 cm<\/p>","protected":false},"featured_media":334486,"comment_status":"open","ping_status":"closed","template":"","meta":[],"product_brand":[],"product_cat":[9990,9857,1177],"product_tag":[],"class_list":{"0":"post-334399","1":"product","2":"type-product","3":"status-publish","4":"has-post-thumbnail","6":"product_cat-furniture-system-max","7":"product_cat-meblast","8":"product_cat-wardrobes","10":"first","11":"instock","12":"shipping-taxable","13":"purchasable","14":"product-type-variable","15":"wvs-archive-product-wrapper"},"_links":{"self":[{"href":"https:\/\/baldumarket.lt\/lt\/wp-json\/wp\/v2\/product\/334399","targetHints":{"allow":["GET"]}}],"collection":[{"href":"https:\/\/baldumarket.lt\/lt\/wp-json\/wp\/v2\/product"}],"about":[{"href":"https:\/\/baldumarket.lt\/lt\/wp-json\/wp\/v2\/types\/product"}],"replies":[{"embeddable":true,"href":"https:\/\/baldumarket.lt\/lt\/wp-json\/wp\/v2\/comments?post=334399"}],"wp:featuredmedia":[{"embeddable":true,"href":"https:\/\/baldumarket.lt\/lt\/wp-json\/wp\/v2\/media\/334486"}],"wp:attachment":[{"href":"https:\/\/baldumarket.lt\/lt\/wp-json\/wp\/v2\/media?parent=334399"}],"wp:term":[{"taxonomy":"product_brand","embeddable":true,"href":"https:\/\/baldumarket.lt\/lt\/wp-json\/wp\/v2\/product_brand?post=334399"},{"taxonomy":"product_cat","embeddable":true,"href":"https:\/\/baldumarket.lt\/lt\/wp-json\/wp\/v2\/product_cat?post=334399"},{"taxonomy":"product_tag","embeddable":true,"href":"https:\/\/baldumarket.lt\/lt\/wp-json\/wp\/v2\/product_tag?post=334399"}],"curies":[{"name":"wp","href":"https:\/\/api.w.org\/{rel}","templated":true}]}}