{"id":334395,"date":"2026-03-07T00:35:25","date_gmt":"2026-03-06T21:35:25","guid":{"rendered":"https:\/\/baldumarket.lt\/?post_type=product&#038;p=334395"},"modified":"2026-03-29T11:00:51","modified_gmt":"2026-03-29T08:00:51","slug":"didele-moderni-spinta-360-240-cm","status":"publish","type":"product","link":"https:\/\/baldumarket.lt\/lt\/produktas\/didele-moderni-spinta-360-240-cm\/","title":{"rendered":"Didel\u0117 moderni spinta 360\/240 cm"},"content":{"rendered":"<p>360 x 240 cm dyd\u017eio drabu\u017ein\u0117 \u2013 puikus pasirinkimas tiems, kuriems reikia maksimalios vietos daiktams susid\u0117ti, kartu vertinantiems modern\u0173 dizain\u0105 ir eleganti\u0161k\u0105 apdail\u0105. \u012esp\u016bdingi matmenys suteikia did\u017eiul\u0119 talp\u0105, tod\u0117l ji puikiai tinka miegamajam, persirengimo kambariui, jaunimo kambariui ar erdviam prie\u0161kambariui.<\/p>\n<p>Spintos vidus suprojektuotas taip, kad b\u016bt\u0173 u\u017etikrinta maksimali tvarka. Drabu\u017ei\u0173 kabyklomis, daugybe lentyn\u0173 ir dideliais moduliais joje patogu laikyti tiek kasdienius drabu\u017eius, tiek eleganti\u0161kus drabu\u017eius, batus, aksesuarus ir nam\u0173 tekstil\u0119. Gerai apgalvotas i\u0161planavimas u\u017etikrina funkcionalum\u0105 ir tvark\u0105 kasdieniam naudojimui.<\/p>\n<p>Modern\u0173 spintos charakter\u012f pabr\u0117\u017eia balt\u0173 fasad\u0173 ir dekoratyvin\u0117s med\u017eio juostel\u0117s centre derinys. \u0160is subtilus akcentas suteikia baldui elegancijos ir puikiai tinka minimalistiniam, lofto ir japoni\u0161kam interjerui. Plonos juodos ranken\u0117l\u0117s papildo bendr\u0105 dizain\u0105, suteikdamos lengvumo ir i\u0161rai\u0161kingumo.<\/p>\n<p>Pasirinkdami didel\u0119 360 x 240 cm dyd\u017eio spint\u0105, investuojate \u012f auk\u0161tos kokyb\u0117s Lenkijos gamintojo baldus \u2013 tvirt\u0105, patvar\u0173 ir nesenstant\u012f bald\u0105. Tai sprendimas, kuris apjungia estetik\u0105, funkcionalum\u0105 ir patogum\u0105, u\u017etikrinant ilgaam\u017ei\u0161kum\u0105.<\/p>","protected":false},"excerpt":{"rendered":"<p>Matmenys:<br \/>\nPlotis: 360 cm<br \/>\nAuk\u0161tis: 240 cm<br \/>\nGylis: 53 cm<\/p>","protected":false},"featured_media":334477,"comment_status":"open","ping_status":"closed","template":"","meta":[],"product_brand":[],"product_cat":[9857,9985,1177],"product_tag":[],"class_list":{"0":"post-334395","1":"product","2":"type-product","3":"status-publish","4":"has-post-thumbnail","6":"product_cat-meblast","7":"product_cat-sliding-wardrobes-meblast","8":"product_cat-wardrobes","10":"first","11":"instock","12":"shipping-taxable","13":"purchasable","14":"product-type-variable","15":"wvs-archive-product-wrapper"},"_links":{"self":[{"href":"https:\/\/baldumarket.lt\/lt\/wp-json\/wp\/v2\/product\/334395","targetHints":{"allow":["GET"]}}],"collection":[{"href":"https:\/\/baldumarket.lt\/lt\/wp-json\/wp\/v2\/product"}],"about":[{"href":"https:\/\/baldumarket.lt\/lt\/wp-json\/wp\/v2\/types\/product"}],"replies":[{"embeddable":true,"href":"https:\/\/baldumarket.lt\/lt\/wp-json\/wp\/v2\/comments?post=334395"}],"wp:featuredmedia":[{"embeddable":true,"href":"https:\/\/baldumarket.lt\/lt\/wp-json\/wp\/v2\/media\/334477"}],"wp:attachment":[{"href":"https:\/\/baldumarket.lt\/lt\/wp-json\/wp\/v2\/media?parent=334395"}],"wp:term":[{"taxonomy":"product_brand","embeddable":true,"href":"https:\/\/baldumarket.lt\/lt\/wp-json\/wp\/v2\/product_brand?post=334395"},{"taxonomy":"product_cat","embeddable":true,"href":"https:\/\/baldumarket.lt\/lt\/wp-json\/wp\/v2\/product_cat?post=334395"},{"taxonomy":"product_tag","embeddable":true,"href":"https:\/\/baldumarket.lt\/lt\/wp-json\/wp\/v2\/product_tag?post=334395"}],"curies":[{"name":"wp","href":"https:\/\/api.w.org\/{rel}","templated":true}]}}