{"id":334393,"date":"2026-03-07T00:35:23","date_gmt":"2026-03-06T21:35:23","guid":{"rendered":"https:\/\/baldumarket.lt\/?post_type=product&#038;p=334393"},"modified":"2026-03-31T10:16:48","modified_gmt":"2026-03-31T07:16:48","slug":"moderni-spinta-su-didele-daiktadeze-270-x-240-cm","status":"publish","type":"product","link":"https:\/\/baldumarket.lt\/lt\/produktas\/moderni-spinta-su-didele-daiktadeze-270-x-240-cm\/","title":{"rendered":"Moderni spinta su didele daiktad\u0117\u017ee 270 \u00d7 240 cm"},"content":{"rendered":"<p>270\/240 spinta pasi\u017eymi eleganti\u0161ku dizainu, funkcionalumu ir ilgaam\u017ei\u0161kumu. Jos matmenys (270 cm plo\u010dio ir 240 cm auk\u0161\u010dio) suteikia daug vietos daiktams susid\u0117ti, tuo pa\u010diu i\u0161laikant lengv\u0105 ir modern\u0173 vaizd\u0105. Tai puikus sprendimas miegamiesiems, persirengimo kambariams, koridoriams ir jaunimo kambariams.<\/p>\n<p>Spintoje \u012frengtos prakti\u0161kos lentynos, drabu\u017ei\u0173 pakabos ir erdv\u016bs moduliai, tod\u0117l joje patogu laikyti kasdienius drabu\u017eius, aksesuarus ir didesnius nam\u0173 tekstil\u0117s gaminius. Gerai apgalvotas vidaus i\u0161d\u0117stymas leid\u017eia lengvai juos sutvarkyti ir pri\u017ei\u016br\u0117ti, tod\u0117l ja itin patogu naudotis.<\/p>\n<p>Universali spalv\u0173 gama kartu su nat\u016bralios medienos apdaila daro spint\u0105 puikiai tinkan\u010di\u0105 \u012fvairiems interjero stiliams. Ji puikiai dera su lofto, minimalistiniu ir japoni\u0161ku interjeru, suteikdama kambariui gaivumo ir elegancijos. Modernios detal\u0117s, tokios kaip i\u0161skirtin\u0117s rankenos ir subtilios linijos, pabr\u0117\u017eia baldo charakter\u012f ir paver\u010dia spint\u0105 ne tik prakti\u0161ku, bet ir esteti\u0161kai patraukliu interjero elementu.<\/p>\n<p>Pasirinkdami 270 x 240 cm dyd\u017eio spint\u0105, renkat\u0117s kokybi\u0161k\u0105 Lenkijos gamintojo bald\u0105 ir investuojate \u012f bald\u0105, kuris tarnaus ilgus metus. Tai funkcionalumo, tvirtos gamybos ir stiliaus derinys, kuris papildys bet kuriuos namus.<\/p>","protected":false},"excerpt":{"rendered":"<p>Matmenys:<br \/>\nPlotis: 270 cm<br \/>\nAuk\u0161tis: 240 cm<br \/>\nGylis: 53 cm<\/p>","protected":false},"featured_media":334466,"comment_status":"open","ping_status":"closed","template":"","meta":[],"product_brand":[],"product_cat":[9857,1177],"product_tag":[],"class_list":{"0":"post-334393","1":"product","2":"type-product","3":"status-publish","4":"has-post-thumbnail","6":"product_cat-meblast","7":"product_cat-wardrobes","9":"first","10":"instock","11":"shipping-taxable","12":"purchasable","13":"product-type-variable","14":"wvs-archive-product-wrapper"},"_links":{"self":[{"href":"https:\/\/baldumarket.lt\/lt\/wp-json\/wp\/v2\/product\/334393","targetHints":{"allow":["GET"]}}],"collection":[{"href":"https:\/\/baldumarket.lt\/lt\/wp-json\/wp\/v2\/product"}],"about":[{"href":"https:\/\/baldumarket.lt\/lt\/wp-json\/wp\/v2\/types\/product"}],"replies":[{"embeddable":true,"href":"https:\/\/baldumarket.lt\/lt\/wp-json\/wp\/v2\/comments?post=334393"}],"wp:featuredmedia":[{"embeddable":true,"href":"https:\/\/baldumarket.lt\/lt\/wp-json\/wp\/v2\/media\/334466"}],"wp:attachment":[{"href":"https:\/\/baldumarket.lt\/lt\/wp-json\/wp\/v2\/media?parent=334393"}],"wp:term":[{"taxonomy":"product_brand","embeddable":true,"href":"https:\/\/baldumarket.lt\/lt\/wp-json\/wp\/v2\/product_brand?post=334393"},{"taxonomy":"product_cat","embeddable":true,"href":"https:\/\/baldumarket.lt\/lt\/wp-json\/wp\/v2\/product_cat?post=334393"},{"taxonomy":"product_tag","embeddable":true,"href":"https:\/\/baldumarket.lt\/lt\/wp-json\/wp\/v2\/product_tag?post=334393"}],"curies":[{"name":"wp","href":"https:\/\/api.w.org\/{rel}","templated":true}]}}