{"id":334379,"date":"2026-03-07T00:34:44","date_gmt":"2026-03-06T21:34:44","guid":{"rendered":"https:\/\/baldumarket.lt\/?post_type=product&#038;p=334379"},"modified":"2026-03-23T17:40:57","modified_gmt":"2026-03-23T14:40:57","slug":"elegantiski-miegamojo-baldai-su-subtiliomis-rankenelemis-sena","status":"publish","type":"product","link":"https:\/\/baldumarket.lt\/lt\/produktas\/elegantiski-miegamojo-baldai-su-subtiliomis-rankenelemis-sena\/","title":{"rendered":"Eleganti\u0161ki miegamojo baldai su subtiliomis ranken\u0117l\u0117mis \u2013 Sena"},"content":{"rendered":"<p>\u201eSena\u201c miegamojo spintel\u0117s yra minimalistin\u0117s elegancijos ir subtili\u0173 detali\u0173, suteikian\u010di\u0173 interjerui unikal\u0173 charakter\u012f, sinonimas. Prislopintos spalvos kartu su paprasta forma puikiai tinka tiek moderniam, tiek klasikiniam miegamojo dizainui.<br \/>\nI\u0161skirtiniausias \u0161ios spintel\u0117s bruo\u017eas \u2013 subtilios, gumbelio formos ranken\u0117l\u0117s, kurios pabr\u0117\u017eia visos kompozicijos lengvum\u0105 ir estetik\u0105. Minimalistin\u0117 j\u0173 forma nedominuoja vizualiai, tuo pa\u010diu suteikdama subtilaus puo\u0161numo ir patogumo kasdieniam naudojimui. Tai puikus pasirinkimas ie\u0161kantiems bald\u0173 su eleganti\u0161ka, bet sant\u016bria apdaila.<br \/>\n\u201eSena\u201c miegamojo spintel\u0117s sukurtos taip, kad b\u016bt\u0173 maksimaliai i\u0161naudota erdv\u0117. Erdvios \u0161onin\u0117s spintel\u0117s, daugyb\u0117 vir\u0161utini\u0173 spinteli\u0173 ir prakti\u0161kos lentynos aplink lov\u0105 leid\u017eia laikyti drabu\u017eius, patalyn\u0119 ir smulkius aksesuarus. Atvira dalis vir\u0161 lovos galv\u016bgalio gali b\u016bti naudojama kaip dekoratyvinis elementas, puikiai tinkantis knygoms, papuo\u0161alams ar asmeniniams daiktams, suteikiantiems interjerui jaukumo.<br \/>\nKaip ir kiekvien\u0105 \u201eeMeblast\u201c bald\u0105, \u201eSena\u201c miegamojo spinteles galima pritaikyti individualiems poreikiams. \u012emontuojamos spintos matmenis galima modifikuoti, kad jie idealiai atitikt\u0173 kambario i\u0161planavim\u0105 ir dyd\u012f. Tod\u0117l ji tinka tiek erdviems, tiek ma\u017eesniems miegamiesiems, u\u017etikrinant visi\u0161k\u0105 funkcionalum\u0105 ir kasdien\u012f komfort\u0105.<\/p>\n<p>\u012emontuojama \u201eSena\u201c spinta \u2013 puikus sprendimas tiems, kurie vertina harmonij\u0105, paprastum\u0105 ir elegancij\u0105 interjero dizaine. Subtil\u016bs ranken\u0117li\u0173 formos elementai, minimalistinis dizainas ir pritaikymo galimyb\u0117s paver\u010dia \u0161i\u0105 spint\u0105 nesenstan\u010diu pasirinkimu, kuris papildys bet kur\u012f miegam\u0105j\u012f.<\/p>","protected":false},"excerpt":{"rendered":"<p>Matmenys:<br \/>\nPlotis: 334 cm<br \/>\nAuk\u0161tis: 240 cm<br \/>\nGylis: 54 cm<\/p>","protected":false},"featured_media":334454,"comment_status":"open","ping_status":"closed","template":"","meta":[],"product_brand":[],"product_cat":[9857,2008],"product_tag":[],"class_list":{"0":"post-334379","1":"product","2":"type-product","3":"status-publish","4":"has-post-thumbnail","6":"product_cat-meblast","7":"product_cat-wall-units","9":"first","10":"instock","11":"shipping-taxable","12":"purchasable","13":"product-type-variable","14":"wvs-archive-product-wrapper"},"_links":{"self":[{"href":"https:\/\/baldumarket.lt\/lt\/wp-json\/wp\/v2\/product\/334379","targetHints":{"allow":["GET"]}}],"collection":[{"href":"https:\/\/baldumarket.lt\/lt\/wp-json\/wp\/v2\/product"}],"about":[{"href":"https:\/\/baldumarket.lt\/lt\/wp-json\/wp\/v2\/types\/product"}],"replies":[{"embeddable":true,"href":"https:\/\/baldumarket.lt\/lt\/wp-json\/wp\/v2\/comments?post=334379"}],"wp:featuredmedia":[{"embeddable":true,"href":"https:\/\/baldumarket.lt\/lt\/wp-json\/wp\/v2\/media\/334454"}],"wp:attachment":[{"href":"https:\/\/baldumarket.lt\/lt\/wp-json\/wp\/v2\/media?parent=334379"}],"wp:term":[{"taxonomy":"product_brand","embeddable":true,"href":"https:\/\/baldumarket.lt\/lt\/wp-json\/wp\/v2\/product_brand?post=334379"},{"taxonomy":"product_cat","embeddable":true,"href":"https:\/\/baldumarket.lt\/lt\/wp-json\/wp\/v2\/product_cat?post=334379"},{"taxonomy":"product_tag","embeddable":true,"href":"https:\/\/baldumarket.lt\/lt\/wp-json\/wp\/v2\/product_tag?post=334379"}],"curies":[{"name":"wp","href":"https:\/\/api.w.org\/{rel}","templated":true}]}}