{"id":334375,"date":"2026-03-07T00:34:36","date_gmt":"2026-03-06T21:34:36","guid":{"rendered":"https:\/\/baldumarket.lt\/?post_type=product&#038;p=334375"},"modified":"2026-03-23T17:40:57","modified_gmt":"2026-03-23T14:40:57","slug":"moderni-komoda-su-tipon-sistema-200-x-44-cm-lefkas-azuolas-blizgi-juoda-spalva-luna","status":"publish","type":"product","link":"https:\/\/baldumarket.lt\/lt\/product\/moderni-komoda-su-tipon-sistema-200-x-44-cm-lefkas-azuolas-blizgi-juoda-spalva-luna\/","title":{"rendered":"Moderni komoda su \u201eTipOn\u201c sistema, 200 \u00d7 44 cm, \u201eLefkas\u201c \u0105\u017euolas \/ blizgi juoda spalva \u2013 Luna"},"content":{"rendered":"<p>Komoda \u201eLuna\u201c, kurios matmenys \u2013 200 x 44 cm, \u2013 tai modernus baldas, skirtas funkcionaliam daikt\u0173 laikymui eleganti\u0161koje ir tvarkingoje formoje. Paprasta forma ir fasadai be ranken\u0117li\u0173 puikiai tinka modernioms svetain\u0117ms, miegamiesiems ar poilsio kambariams, pabr\u0117\u017eiant \u0161iuolaiki\u0161k\u0105 interjero charakter\u012f.<br \/>\n\u201eLuna\u201c modelio \u201eTip-On\u201c sistema leid\u017eia patogiai atidaryti fasadus \u0161velniu paspaudimu. Ranken\u0173 nebuvimas suteikia baldams \u0161varias, vienodas linijas ir i\u0161ry\u0161kina kontrasting\u0105 med\u017eiag\u0173 derin\u012f, tuo pa\u010diu u\u017etikrinant komfort\u0105 kasdien naudojant.<br \/>\nKomoda si\u016blo daug vietos dokumentams, tekstil\u0117s gaminiams, aksesuarams ar baldams, kuriuos reikia laikyti tvarkingai ir pasl\u0117pti. Platus stalvir\u0161is gali b\u016bti naudojamas kaip dekoracij\u0173, knyg\u0173, augal\u0173 ar ap\u0161vietimo ekspozicijos vieta, papildanti dizain\u0105.<br \/>\n\u201eLefkas\u201c \u0105\u017euolo ir blizgios juodos spalvos derinys suteikia komodai i\u0161skirtin\u012f, eleganti\u0161k\u0105 charakter\u012f. Nat\u016brali medienos tekst\u016bra kartu su lygiu, blizgiu pavir\u0161iumi sukuria kontrast\u0105, kuris puikiai dera moderniuose ir reprezentatyvesniuose interjeruose. Komoda \u201eLuna\u201c pagaminta i\u0161 18 mm storio laminuotos plok\u0161t\u0117s, u\u017etikrinan\u010dios konstrukcijos stabilum\u0105 ir ilgaam\u017ei\u0161kum\u0105 kasdieniam naudojimui. PVC kra\u0161tai apsaugo kra\u0161tus nuo dr\u0117gm\u0117s ir nedideli\u0173 mechanini\u0173 pa\u017eeidim\u0173, o HDF galin\u0117s plok\u0161t\u0117s sutvirtina vis\u0105 bald\u0105.<\/p>\n<p>\u201eLuna\u201c model\u012f galima pritaikyti pagal matmenis, spalvas ir furnit\u016br\u0105, tod\u0117l galite tiksliai pritaikyti komod\u0105 pagal savo individualius poreikius ir interjero charakter\u012f.<\/p>","protected":false},"excerpt":{"rendered":"<p>Matmenys:<br \/>\nPlotis: 200 cm<br \/>\nAuk\u0161tis: 72 cm<br \/>\nGylis: 44 cm<\/p>","protected":false},"featured_media":334438,"comment_status":"open","ping_status":"closed","template":"","meta":[],"product_brand":[],"product_cat":[9857,1173],"product_tag":[],"class_list":{"0":"post-334375","1":"product","2":"type-product","3":"status-publish","4":"has-post-thumbnail","6":"product_cat-meblast","7":"product_cat-chests-of-drawers","9":"first","10":"instock","11":"shipping-taxable","12":"purchasable","13":"product-type-variable","14":"wvs-archive-product-wrapper"},"_links":{"self":[{"href":"https:\/\/baldumarket.lt\/lt\/wp-json\/wp\/v2\/product\/334375","targetHints":{"allow":["GET"]}}],"collection":[{"href":"https:\/\/baldumarket.lt\/lt\/wp-json\/wp\/v2\/product"}],"about":[{"href":"https:\/\/baldumarket.lt\/lt\/wp-json\/wp\/v2\/types\/product"}],"replies":[{"embeddable":true,"href":"https:\/\/baldumarket.lt\/lt\/wp-json\/wp\/v2\/comments?post=334375"}],"wp:featuredmedia":[{"embeddable":true,"href":"https:\/\/baldumarket.lt\/lt\/wp-json\/wp\/v2\/media\/334438"}],"wp:attachment":[{"href":"https:\/\/baldumarket.lt\/lt\/wp-json\/wp\/v2\/media?parent=334375"}],"wp:term":[{"taxonomy":"product_brand","embeddable":true,"href":"https:\/\/baldumarket.lt\/lt\/wp-json\/wp\/v2\/product_brand?post=334375"},{"taxonomy":"product_cat","embeddable":true,"href":"https:\/\/baldumarket.lt\/lt\/wp-json\/wp\/v2\/product_cat?post=334375"},{"taxonomy":"product_tag","embeddable":true,"href":"https:\/\/baldumarket.lt\/lt\/wp-json\/wp\/v2\/product_tag?post=334375"}],"curies":[{"name":"wp","href":"https:\/\/api.w.org\/{rel}","templated":true}]}}