{"id":334343,"date":"2026-03-07T00:33:15","date_gmt":"2026-03-06T21:33:15","guid":{"rendered":"https:\/\/baldumarket.lt\/?post_type=product&#038;p=334343"},"modified":"2026-03-25T09:54:08","modified_gmt":"2026-03-25T06:54:08","slug":"siaura-komoda-su-100-cm-spintele-balta-siena","status":"publish","type":"product","link":"https:\/\/baldumarket.lt\/lt\/produktas\/siaura-komoda-su-100-cm-spintele-balta-siena\/","title":{"rendered":"Siaura komoda su 100 cm spintele, Biel \u2013 SIENA"},"content":{"rendered":"<p>100 cm plo\u010dio \u201eSiena\u201c komoda sukurta kaip auk\u0161tas, siauras daiktad\u0117\u017e\u0117s blokas erdv\u0117ms, kuriose b\u016btina maksimali vertikali erdv\u0117. D\u0117l plono dizaino ji leid\u017eia palaikyti tvark\u0105 neu\u017eimdama daug grind\u0173 ploto.<br \/>\nFunkcinis i\u0161planavimas sujungia stal\u010dius su u\u017erakinama spintele, leid\u017eian\u010dia patogiai susitvarkyti laikomus daiktus. Stal\u010diai puikiai tinka ma\u017eesniems daiktams susitvarkyti, o spintel\u0117 su lentynomis leid\u017eia laikyti didesnius daiktus, kuriems reikalinga stabili ir tvarkinga erdv\u0117.<\/p>\n<p>112 cm auk\u0161\u010dio komoda pasi\u017eymi didesne talpa, ta\u010diau i\u0161lieka kompakti\u0161ko plo\u010dio. Vir\u0161utin\u0119 dal\u012f galima naudoti kaip papildom\u0105 erdv\u0119 dekoracijoms, lempai ar kasdieniams daiktams, nepa\u017eeid\u017eiant dizaino proporcij\u0173.<\/p>\n<p>Alksnio spalva suteikia komodai \u0161ilt\u0105, nat\u016bral\u0173 charakter\u012f, \u012fkv\u0117pt\u0105 klasikin\u0117s medienos. \u0160is atspalvis sukuria rami\u0105, prislopint\u0105 atmosfer\u0105 ir dera su \u0161viesiomis sienomis bei neutraliais baldais.<\/p>\n<p>Komoda \u201eSiena\u201c pagaminta i\u0161 18 mm storio laminuotos plok\u0161t\u0117s, u\u017etikrinan\u010dios konstrukcijos stabilum\u0105 ir atsparum\u0105 kasdieniam naudojimui. Kra\u0161tai apsaugoti PVC apvadais, o galin\u0117s sienel\u0117s \u2013 i\u0161 HDF plok\u0161t\u0117s. Produktas pagamintas Lenkijoje ir gali b\u016bti pritaikytas pagal matmenis, spalv\u0105 ir furnit\u016br\u0105, \u012fskaitant \u0161velniai u\u017esidaran\u010dius vyrius ir pilno i\u0161traukimo stal\u010dius.<\/p>","protected":false},"excerpt":{"rendered":"<p>Matmenys:<br \/>\nPlotis: 100 cm<br \/>\n\u016agis: 112 cm<br \/>\nGylis: 44 cm<\/p>","protected":false},"featured_media":334406,"comment_status":"open","ping_status":"closed","template":"","meta":[],"product_brand":[],"product_cat":[9987,9857,1173],"product_tag":[],"class_list":{"0":"post-334343","1":"product","2":"type-product","3":"status-publish","4":"has-post-thumbnail","6":"product_cat-chests-of-drawers-meblast","7":"product_cat-meblast","8":"product_cat-chests-of-drawers","10":"first","11":"instock","12":"shipping-taxable","13":"purchasable","14":"product-type-variable","15":"wvs-archive-product-wrapper"},"_links":{"self":[{"href":"https:\/\/baldumarket.lt\/lt\/wp-json\/wp\/v2\/product\/334343","targetHints":{"allow":["GET"]}}],"collection":[{"href":"https:\/\/baldumarket.lt\/lt\/wp-json\/wp\/v2\/product"}],"about":[{"href":"https:\/\/baldumarket.lt\/lt\/wp-json\/wp\/v2\/types\/product"}],"replies":[{"embeddable":true,"href":"https:\/\/baldumarket.lt\/lt\/wp-json\/wp\/v2\/comments?post=334343"}],"wp:featuredmedia":[{"embeddable":true,"href":"https:\/\/baldumarket.lt\/lt\/wp-json\/wp\/v2\/media\/334406"}],"wp:attachment":[{"href":"https:\/\/baldumarket.lt\/lt\/wp-json\/wp\/v2\/media?parent=334343"}],"wp:term":[{"taxonomy":"product_brand","embeddable":true,"href":"https:\/\/baldumarket.lt\/lt\/wp-json\/wp\/v2\/product_brand?post=334343"},{"taxonomy":"product_cat","embeddable":true,"href":"https:\/\/baldumarket.lt\/lt\/wp-json\/wp\/v2\/product_cat?post=334343"},{"taxonomy":"product_tag","embeddable":true,"href":"https:\/\/baldumarket.lt\/lt\/wp-json\/wp\/v2\/product_tag?post=334343"}],"curies":[{"name":"wp","href":"https:\/\/api.w.org\/{rel}","templated":true}]}}