{"id":334341,"date":"2026-03-07T00:33:13","date_gmt":"2026-03-06T21:33:13","guid":{"rendered":"https:\/\/baldumarket.lt\/?post_type=product&#038;p=334341"},"modified":"2026-03-25T09:54:08","modified_gmt":"2026-03-25T06:54:08","slug":"siaura-komoda-su-stalciais-ir-spintele-100-cm-butelio-zalia-siena","status":"publish","type":"product","link":"https:\/\/baldumarket.lt\/lt\/produktas\/siaura-komoda-su-stalciais-ir-spintele-100-cm-butelio-zalia-siena\/","title":{"rendered":"Siaura komoda su stal\u010diais ir spintele, 100 cm, Zielony Butelkowy \u2013 SIENA"},"content":{"rendered":"<p>100 cm plo\u010dio komoda \u201eSiena\u201c buvo sukurta kaip siauras, auk\u0161tas daiktad\u0117\u017e\u0117s blokas, leid\u017eiantis efektyviai i\u0161naudoti vertikali\u0105 erdv\u0119. Jos dizainas ypa\u010d efektyvus ten, kur b\u016btina i\u0161laikyti ai\u0161k\u0173 interjer\u0105 ir tuo pa\u010diu padidinti talp\u0105.<br \/>\nKomodos i\u0161planavimas pagr\u012fstas stal\u010di\u0173 ir rakinamos spintel\u0117s deriniu, leid\u017eian\u010diu ai\u0161kiai atskirti laikomus daiktus. Stal\u010diai suteikia patogi\u0105 viet\u0105 ma\u017eesniems daiktams, kuriuos reikia sutvarkyti, o spintel\u0117 su lentynomis leid\u017eia laikyti didesnius daiktus, tokius kaip tekstil\u0117, nam\u0173 apyvokos reikmenys ir stalo \u012frankiai.<\/p>\n<p>112 cm auk\u0161\u010dio komoda suteikia daugiau naudingos erdv\u0117s, nereikalaujant i\u0161pl\u0117sti spintel\u0117s. Vir\u0161utinis pavir\u0161ius gali b\u016bti naudojamas kaip papildomas pavir\u0161ius dekoracijoms, ap\u0161vietimui ar kasdieniams daiktams, i\u0161laikant vizualin\u0119 vientisum\u0105 visoje spintel\u0117je.<\/p>\n<p>Butelio \u017ealia spalva suteikia komodai gil\u0173, eleganti\u0161k\u0105 charakter\u012f ir \u012fne\u0161a i\u0161skirtin\u012f spalv\u0173 akcent\u0105, \u012fkv\u0117pt\u0105 klasikini\u0173 \u017eali\u0173 atspalvi\u0173. \u0160i spalva dera su \u0161viesiais pavir\u0161iais ir nat\u016braliomis med\u017eiagomis, pabr\u0117\u017eiant ram\u0173, tvarking\u0105 interjero charakter\u012f. \u201eSiena\u201c indauja pagaminta i\u0161 18 mm storio laminuotos plok\u0161t\u0117s, u\u017etikrinan\u010dios konstrukcijos stabilum\u0105 ir atsparum\u0105 kasdieniam naudojimui. Kra\u0161tai apsaugoti PVC apvadais, o galin\u0117s sienel\u0117s \u2013 i\u0161 HDF plok\u0161t\u0117s. Produktas pagamintas Lenkijoje ir gali b\u016bti pritaikytas pagal matmenis, spalvas ir furnit\u016br\u0105, \u012fskaitant \u0161velniai u\u017esidaran\u010dius vyrius ir pilno i\u0161traukimo stal\u010dius.<\/p>","protected":false},"excerpt":{"rendered":"<p>Matmenys:<br \/>\nPlotis: 100 cm<br \/>\n\u016agis: 112 cm<br \/>\nGylis: 44 cm<\/p>","protected":false},"featured_media":334403,"comment_status":"open","ping_status":"closed","template":"","meta":[],"product_brand":[],"product_cat":[9987,9857,1173],"product_tag":[],"class_list":{"0":"post-334341","1":"product","2":"type-product","3":"status-publish","4":"has-post-thumbnail","6":"product_cat-chests-of-drawers-meblast","7":"product_cat-meblast","8":"product_cat-chests-of-drawers","10":"first","11":"instock","12":"shipping-taxable","13":"purchasable","14":"product-type-variable","15":"wvs-archive-product-wrapper"},"_links":{"self":[{"href":"https:\/\/baldumarket.lt\/lt\/wp-json\/wp\/v2\/product\/334341","targetHints":{"allow":["GET"]}}],"collection":[{"href":"https:\/\/baldumarket.lt\/lt\/wp-json\/wp\/v2\/product"}],"about":[{"href":"https:\/\/baldumarket.lt\/lt\/wp-json\/wp\/v2\/types\/product"}],"replies":[{"embeddable":true,"href":"https:\/\/baldumarket.lt\/lt\/wp-json\/wp\/v2\/comments?post=334341"}],"wp:featuredmedia":[{"embeddable":true,"href":"https:\/\/baldumarket.lt\/lt\/wp-json\/wp\/v2\/media\/334403"}],"wp:attachment":[{"href":"https:\/\/baldumarket.lt\/lt\/wp-json\/wp\/v2\/media?parent=334341"}],"wp:term":[{"taxonomy":"product_brand","embeddable":true,"href":"https:\/\/baldumarket.lt\/lt\/wp-json\/wp\/v2\/product_brand?post=334341"},{"taxonomy":"product_cat","embeddable":true,"href":"https:\/\/baldumarket.lt\/lt\/wp-json\/wp\/v2\/product_cat?post=334341"},{"taxonomy":"product_tag","embeddable":true,"href":"https:\/\/baldumarket.lt\/lt\/wp-json\/wp\/v2\/product_tag?post=334341"}],"curies":[{"name":"wp","href":"https:\/\/api.w.org\/{rel}","templated":true}]}}