{"id":334330,"date":"2026-03-07T00:32:36","date_gmt":"2026-03-06T21:32:36","guid":{"rendered":"https:\/\/baldumarket.lt\/?post_type=product&#038;p=334330"},"modified":"2026-03-25T10:10:25","modified_gmt":"2026-03-25T07:10:25","slug":"maza-komoda-su-stalciais-ir-spintelemis-120-cm-sonoma-sviesa-kinga-5","status":"publish","type":"product","link":"https:\/\/baldumarket.lt\/lt\/produktas\/maza-komoda-su-stalciais-ir-spintelemis-120-cm-sonoma-sviesa-kinga-5\/","title":{"rendered":"Ma\u017ea komoda su stal\u010diais ir spintel\u0117mis, 120 cm, Biel \u2013 KINGA"},"content":{"rendered":"<p>120 cm plo\u010dio \u201eKinga\u201c indauja \u2013 tai kompakti\u0161kas baldas, skirtas patogiam ir tvarkingam daikt\u0173 laikymui. D\u0117l savo proporcij\u0173 ji efektyviai i\u0161naudoja erdv\u0119, nesukurdama sunkaus \u012fmontuojamo spintel\u0117s \u012fsp\u016bd\u017eio.<br \/>\nErdvios spintel\u0117s ir stal\u010diai leid\u017eia prakti\u0161kai sutvarkyti laikomus daiktus. Spintel\u0117s su lentynomis puikiai tinka didesniems daiktams, pavyzd\u017eiui, tekstil\u0117s gaminiams ar nam\u0173 aksesuarams, o stal\u010diai palengvina ma\u017eesni\u0173, patogiai i\u0161d\u0117styt\u0173, bet nematom\u0173 daikt\u0173 sutvarkym\u0105.<br \/>\nKomodos vir\u0161us sukuria papildomos naudingos erdv\u0117s, tinkamos dekoracijoms, stalinei lempai ar kasdieniams daiktams eksponuoti. Tai u\u017etikrina ir funkcionalum\u0105, ir tvarking\u0105 i\u0161vaizd\u0105.<br \/>\nBalta spalva suteikia komodai lengvo, neutralaus charakterio ir vizualiai pa\u0161viesina erdv\u0119. Vienodas pavir\u0161ius leid\u017eia lengvai priderinti baldus prie kit\u0173 bald\u0173 ir dera prie \u012fvairi\u0173 interjero dizain\u0173.<br \/>\n\u201eKinga\u201c indauja pagaminta i\u0161 18 mm storio laminuotos plok\u0161t\u0117s, u\u017etikrinan\u010dios konstrukcijos stabilum\u0105 ir atsparum\u0105 kasdieniam naudojimui. Kra\u0161tai apsaugoti PVC apvadais, o galin\u0117s sienel\u0117s \u2013 i\u0161 HDF plok\u0161t\u0117s. Produktas pagamintas Lenkijoje ir gali b\u016bti kei\u010diami pagal matmenis, spalvas ir furnit\u016br\u0105, \u012fskaitant \u0161velnaus u\u017edarymo vyrius ir pilno i\u0161traukimo stal\u010dius.<\/p>","protected":false},"excerpt":{"rendered":"<p>Matmenys:<br \/>\nPlotis: 120 cm<br \/>\nAuk\u0161tis: 92 cm<br \/>\nGylis: 44 cm<\/p>","protected":false},"featured_media":334400,"comment_status":"open","ping_status":"closed","template":"","meta":[],"product_brand":[],"product_cat":[9987,9857,1173],"product_tag":[],"class_list":{"0":"post-334330","1":"product","2":"type-product","3":"status-publish","4":"has-post-thumbnail","6":"product_cat-chests-of-drawers-meblast","7":"product_cat-meblast","8":"product_cat-chests-of-drawers","10":"first","11":"instock","12":"shipping-taxable","13":"purchasable","14":"product-type-variable","15":"wvs-archive-product-wrapper"},"_links":{"self":[{"href":"https:\/\/baldumarket.lt\/lt\/wp-json\/wp\/v2\/product\/334330","targetHints":{"allow":["GET"]}}],"collection":[{"href":"https:\/\/baldumarket.lt\/lt\/wp-json\/wp\/v2\/product"}],"about":[{"href":"https:\/\/baldumarket.lt\/lt\/wp-json\/wp\/v2\/types\/product"}],"replies":[{"embeddable":true,"href":"https:\/\/baldumarket.lt\/lt\/wp-json\/wp\/v2\/comments?post=334330"}],"wp:featuredmedia":[{"embeddable":true,"href":"https:\/\/baldumarket.lt\/lt\/wp-json\/wp\/v2\/media\/334400"}],"wp:attachment":[{"href":"https:\/\/baldumarket.lt\/lt\/wp-json\/wp\/v2\/media?parent=334330"}],"wp:term":[{"taxonomy":"product_brand","embeddable":true,"href":"https:\/\/baldumarket.lt\/lt\/wp-json\/wp\/v2\/product_brand?post=334330"},{"taxonomy":"product_cat","embeddable":true,"href":"https:\/\/baldumarket.lt\/lt\/wp-json\/wp\/v2\/product_cat?post=334330"},{"taxonomy":"product_tag","embeddable":true,"href":"https:\/\/baldumarket.lt\/lt\/wp-json\/wp\/v2\/product_tag?post=334330"}],"curies":[{"name":"wp","href":"https:\/\/api.w.org\/{rel}","templated":true}]}}