{"id":334328,"date":"2026-03-07T00:32:34","date_gmt":"2026-03-06T21:32:34","guid":{"rendered":"https:\/\/baldumarket.lt\/?post_type=product&#038;p=334328"},"modified":"2026-03-25T10:10:25","modified_gmt":"2026-03-25T07:10:25","slug":"maza-komoda-su-stalciais-ir-spintelemis-120-cm-sonoma-sviesa-kinga-4","status":"publish","type":"product","link":"https:\/\/baldumarket.lt\/lt\/produktas\/maza-komoda-su-stalciais-ir-spintelemis-120-cm-sonoma-sviesa-kinga-4\/","title":{"rendered":"Ma\u017ea komoda su stal\u010diais ir spintel\u0117mis, 120 cm, Kobalt \u2013 KINGA"},"content":{"rendered":"<p>120 cm plo\u010dio \u201eKinga\u201c indauja \u2013 tai kompakti\u0161kas baldas, skirtas tvarkingam daikt\u0173 laikymui, i\u0161laikant paprast\u0105 ir ai\u0161k\u0173 dizain\u0105. Jos matmenys leid\u017eia patogiai i\u0161naudoti erdv\u0119, nereikalaujant dideli\u0173 bald\u0173.<br \/>\nErdvios spintel\u0117s su stal\u010diais leid\u017eia logi\u0161kai susisteminti turin\u012f. Spintel\u0117s su lentynomis puikiai tinka laikyti didesnius daiktus, o stal\u010diai palengvina ma\u017eesni\u0173 daikt\u0173, kuriuos naudinga laikyti po ranka, bet ne tiesiogini\u0173 aki\u0173, sutvarkym\u0105.<br \/>\nKomodos vir\u0161uje yra papildomos naudingos erdv\u0117s, kuri\u0105 galima panaudoti dekoracijoms eksponuoti, lempai pastatyti ar patogiems aksesuarams laikyti. Toks dizainas i\u0161laiko vizualin\u012f dizaino vientisum\u0105 ir padidina baldo funkcionalum\u0105.<br \/>\nKobalto spalva suteikia interjerui i\u0161skirtin\u012f, gil\u0173 spalv\u0173 akcent\u0105. Vienodas pavir\u0161ius suteikia indaujai modern\u0173 charakter\u012f ir leid\u017eia j\u0105 naudoti kaip ry\u0161kesn\u012f dizaino element\u0105 neprarandant universalumo.<br \/>\n\u201eKinga\u201c indauja pagaminta i\u0161 18 mm storio laminuotos plok\u0161t\u0117s, u\u017etikrinan\u010dios konstrukcijos stabilum\u0105 ir atsparum\u0105 kasdieniam naudojimui. Kra\u0161tai apsaugoti PVC apvadais, o galin\u0117s sienel\u0117s \u2013 i\u0161 HDF plok\u0161t\u0117s. Produktas pagamintas Lenkijoje ir gali b\u016bti pritaikytas pagal matmenis, spalvas ir furnit\u016br\u0105, \u012fskaitant \u0161velniai u\u017esidaran\u010dius vyrius ir pilno i\u0161traukimo stal\u010dius.<\/p>","protected":false},"excerpt":{"rendered":"<p>Matmenys:<br \/>\nPlotis: 120 cm<br \/>\nAuk\u0161tis: 92 cm<br \/>\nGylis: 44 cm<\/p>","protected":false},"featured_media":334389,"comment_status":"open","ping_status":"closed","template":"","meta":[],"product_brand":[],"product_cat":[9987,9857,1173],"product_tag":[],"class_list":{"0":"post-334328","1":"product","2":"type-product","3":"status-publish","4":"has-post-thumbnail","6":"product_cat-chests-of-drawers-meblast","7":"product_cat-meblast","8":"product_cat-chests-of-drawers","10":"first","11":"instock","12":"shipping-taxable","13":"purchasable","14":"product-type-variable","15":"wvs-archive-product-wrapper"},"_links":{"self":[{"href":"https:\/\/baldumarket.lt\/lt\/wp-json\/wp\/v2\/product\/334328","targetHints":{"allow":["GET"]}}],"collection":[{"href":"https:\/\/baldumarket.lt\/lt\/wp-json\/wp\/v2\/product"}],"about":[{"href":"https:\/\/baldumarket.lt\/lt\/wp-json\/wp\/v2\/types\/product"}],"replies":[{"embeddable":true,"href":"https:\/\/baldumarket.lt\/lt\/wp-json\/wp\/v2\/comments?post=334328"}],"wp:featuredmedia":[{"embeddable":true,"href":"https:\/\/baldumarket.lt\/lt\/wp-json\/wp\/v2\/media\/334389"}],"wp:attachment":[{"href":"https:\/\/baldumarket.lt\/lt\/wp-json\/wp\/v2\/media?parent=334328"}],"wp:term":[{"taxonomy":"product_brand","embeddable":true,"href":"https:\/\/baldumarket.lt\/lt\/wp-json\/wp\/v2\/product_brand?post=334328"},{"taxonomy":"product_cat","embeddable":true,"href":"https:\/\/baldumarket.lt\/lt\/wp-json\/wp\/v2\/product_cat?post=334328"},{"taxonomy":"product_tag","embeddable":true,"href":"https:\/\/baldumarket.lt\/lt\/wp-json\/wp\/v2\/product_tag?post=334328"}],"curies":[{"name":"wp","href":"https:\/\/api.w.org\/{rel}","templated":true}]}}