{"id":334326,"date":"2026-03-07T00:32:31","date_gmt":"2026-03-06T21:32:31","guid":{"rendered":"https:\/\/baldumarket.lt\/?post_type=product&#038;p=334326"},"modified":"2026-03-25T09:54:08","modified_gmt":"2026-03-25T06:54:08","slug":"siaura-komoda-su-spintele-100-cm-sonoma-light-siena","status":"publish","type":"product","link":"https:\/\/baldumarket.lt\/lt\/produktas\/siaura-komoda-su-spintele-100-cm-sonoma-light-siena\/","title":{"rendered":"Siaura komoda su spintele 100 cm Sonoma Jasna \u2013 SIENA"},"content":{"rendered":"<p>100 cm plo\u010dio komoda \u201eSiena\u201c buvo sukurta kaip siauras, auk\u0161tas daiktad\u0117\u017e\u0117s blokas, leid\u017eiantis efektyviai i\u0161naudoti vertikali\u0105 erdv\u0119. D\u0117l savo proporcij\u0173 ji puikiai tinka erdv\u0117ms, kuriose funkcionalumas yra b\u016btinas, ta\u010diau nedidina erdv\u0117s.<br \/>\nKomodos i\u0161planavimas sujungia stal\u010dius su u\u017erakinama spintele, leid\u017eian\u010dia ai\u0161kiai atskirti laikomus daiktus. Stal\u010diai u\u017etikrina patogi\u0105 ma\u017eesni\u0173 daikt\u0173 tvark\u0105, o spintel\u0117 su lentynomis leid\u017eia laikyti didesnius daiktus, tokius kaip tekstil\u0117, indai ir nam\u0173 aksesuarai.<\/p>\n<p>112 cm auk\u0161\u010dio komoda pasi\u017eymi didesne talpa, ta\u010diau i\u0161laiko grak\u0161tumo form\u0105. Vir\u0161utin\u0117 dalis gali b\u016bti naudojama kaip papildoma naudinga erdv\u0117 dekoracijoms, ap\u0161vietimui ar kasdieniams daiktams eksponuoti nepa\u017eeid\u017eiant bald\u0173 proporcij\u0173.<\/p>\n<p>\u0160viesi \u201eSonoma\u201c spalva suteikia komodai nat\u016brali\u0105, sant\u016bri\u0105 \u0161viesios medienos \u012fkv\u0117pt\u0105 i\u0161vaizd\u0105. \u0160i spalv\u0173 gama pary\u0161kina komod\u0105 ir palengvina jos integravim\u0105 su kitais baldais, ypa\u010d i\u0161d\u0117stant juos neutraliomis spalvomis ir paprastomis formomis. \u201eSiena\u201c indauja pagaminta i\u0161 18 mm storio laminuotos plok\u0161t\u0117s, u\u017etikrinan\u010dios konstrukcijos stabilum\u0105 ir atsparum\u0105 kasdieniam naudojimui. Kra\u0161tai apsaugoti PVC apvadais, o galin\u0117s sienel\u0117s \u2013 i\u0161 HDF plok\u0161t\u0117s. Produktas pagamintas Lenkijoje ir gali b\u016bti pritaikytas pagal matmenis, spalvas ir furnit\u016br\u0105, \u012fskaitant \u0161velniai u\u017esidaran\u010dius vyrius ir pilno i\u0161traukimo stal\u010dius.<\/p>","protected":false},"excerpt":{"rendered":"<p>Matmenys:<br \/>\nPlotis: 100 cm<br \/>\n\u016agis: 112 cm<br \/>\nGylis: 44 cm<\/p>","protected":false},"featured_media":334387,"comment_status":"open","ping_status":"closed","template":"","meta":[],"product_brand":[],"product_cat":[9987,9857,1173],"product_tag":[],"class_list":{"0":"post-334326","1":"product","2":"type-product","3":"status-publish","4":"has-post-thumbnail","6":"product_cat-chests-of-drawers-meblast","7":"product_cat-meblast","8":"product_cat-chests-of-drawers","10":"first","11":"instock","12":"shipping-taxable","13":"purchasable","14":"product-type-variable","15":"wvs-archive-product-wrapper"},"_links":{"self":[{"href":"https:\/\/baldumarket.lt\/lt\/wp-json\/wp\/v2\/product\/334326","targetHints":{"allow":["GET"]}}],"collection":[{"href":"https:\/\/baldumarket.lt\/lt\/wp-json\/wp\/v2\/product"}],"about":[{"href":"https:\/\/baldumarket.lt\/lt\/wp-json\/wp\/v2\/types\/product"}],"replies":[{"embeddable":true,"href":"https:\/\/baldumarket.lt\/lt\/wp-json\/wp\/v2\/comments?post=334326"}],"wp:featuredmedia":[{"embeddable":true,"href":"https:\/\/baldumarket.lt\/lt\/wp-json\/wp\/v2\/media\/334387"}],"wp:attachment":[{"href":"https:\/\/baldumarket.lt\/lt\/wp-json\/wp\/v2\/media?parent=334326"}],"wp:term":[{"taxonomy":"product_brand","embeddable":true,"href":"https:\/\/baldumarket.lt\/lt\/wp-json\/wp\/v2\/product_brand?post=334326"},{"taxonomy":"product_cat","embeddable":true,"href":"https:\/\/baldumarket.lt\/lt\/wp-json\/wp\/v2\/product_cat?post=334326"},{"taxonomy":"product_tag","embeddable":true,"href":"https:\/\/baldumarket.lt\/lt\/wp-json\/wp\/v2\/product_tag?post=334326"}],"curies":[{"name":"wp","href":"https:\/\/api.w.org\/{rel}","templated":true}]}}