{"id":334324,"date":"2026-03-07T00:32:28","date_gmt":"2026-03-06T21:32:28","guid":{"rendered":"https:\/\/baldumarket.lt\/?post_type=product&#038;p=334324"},"modified":"2026-03-25T09:54:08","modified_gmt":"2026-03-25T06:54:08","slug":"siaura-komoda-su-spintele-100-cm-sonoma-dark-siena","status":"publish","type":"product","link":"https:\/\/baldumarket.lt\/lt\/produktas\/siaura-komoda-su-spintele-100-cm-sonoma-dark-siena\/","title":{"rendered":"Siaura komoda su spintele 100 cm Sonoma Ciemna \u2013 SIENA"},"content":{"rendered":"<p>100 cm plo\u010dio \u201eSiena\u201c \u2013 tai siauras ir auk\u0161tas baldas, skirtas efektyviai i\u0161naudoti vertikali\u0105 erdv\u0119. D\u0117l plonos formos padid\u0117ja daikt\u0173 laikymo talpa nedidinant spintel\u0117s plo\u010dio, tod\u0117l j\u0105 lengva pastatyti skirtingose nam\u0173 vietose.<br \/>\nKomodos i\u0161planavime yra stal\u010di\u0173 komplektas ir rakinama spintel\u0117, leid\u017eianti prakti\u0161kai sutvarkyti laikomus daiktus. Stal\u010diai puikiai tinka ma\u017eesniems daiktams susitvarkyti, o spintel\u0117 su lentynomis leid\u017eia laikyti didesnius daiktus, tokius kaip tekstil\u0117, nam\u0173 apyvokos reikmenys ir stalo \u012frankiai.<br \/>\n112 cm auk\u0161tis rei\u0161kia didesn\u0119 nauding\u0105 erdv\u0119, i\u0161laikant ma\u017e\u0105 plot\u012f. Vir\u0161utin\u0119 dal\u012f galima naudoti kaip papildom\u0105 pavir\u0161i\u0173 dekoracijoms, ap\u0161vietimui ar kasdieniams daiktams eksponuoti nepa\u017eeid\u017eiant bald\u0173 proporcij\u0173.<br \/>\n\u201eDark Sonoma\u201c spalva suteikia indaujai i\u0161rai\u0161kingesn\u012f, gilesn\u012f charakter\u012f, \u012fkv\u0117pt\u0105 nat\u016bralios medienos. Tamsesnis atspalvis i\u0161ry\u0161kina baldo form\u0105 ir gerai dera su \u0161viesiomis sienomis bei sant\u016briais baldais, sukurdamas tvarking\u0105 ir darn\u0173 i\u0161d\u0117stym\u0105. \u201eSiena\u201c indauja pagaminta i\u0161 18 mm storio laminuotos plok\u0161t\u0117s, u\u017etikrinan\u010dios konstrukcijos stabilum\u0105 ir atsparum\u0105 kasdieniam naudojimui. Kra\u0161tai apsaugoti PVC apvadais, o galin\u0117s sienel\u0117s \u2013 i\u0161 HDF plok\u0161t\u0117s. Produktas pagamintas Lenkijoje ir gali b\u016bti pritaikytas pagal matmenis, spalv\u0105 ir furnit\u016br\u0105, \u012fskaitant \u0161velniai u\u017esidaran\u010dius vyrius ir pilno i\u0161traukimo stal\u010dius.<\/p>","protected":false},"excerpt":{"rendered":"<p>Matmenys:<br \/>\nPlotis: 100 cm<br \/>\n\u016agis: 112 cm<br \/>\nGylis: 44 cm<\/p>","protected":false},"featured_media":334384,"comment_status":"open","ping_status":"closed","template":"","meta":[],"product_brand":[],"product_cat":[9987,9857,1173],"product_tag":[],"class_list":{"0":"post-334324","1":"product","2":"type-product","3":"status-publish","4":"has-post-thumbnail","6":"product_cat-chests-of-drawers-meblast","7":"product_cat-meblast","8":"product_cat-chests-of-drawers","10":"first","11":"instock","12":"shipping-taxable","13":"purchasable","14":"product-type-variable","15":"wvs-archive-product-wrapper"},"_links":{"self":[{"href":"https:\/\/baldumarket.lt\/lt\/wp-json\/wp\/v2\/product\/334324","targetHints":{"allow":["GET"]}}],"collection":[{"href":"https:\/\/baldumarket.lt\/lt\/wp-json\/wp\/v2\/product"}],"about":[{"href":"https:\/\/baldumarket.lt\/lt\/wp-json\/wp\/v2\/types\/product"}],"replies":[{"embeddable":true,"href":"https:\/\/baldumarket.lt\/lt\/wp-json\/wp\/v2\/comments?post=334324"}],"wp:featuredmedia":[{"embeddable":true,"href":"https:\/\/baldumarket.lt\/lt\/wp-json\/wp\/v2\/media\/334384"}],"wp:attachment":[{"href":"https:\/\/baldumarket.lt\/lt\/wp-json\/wp\/v2\/media?parent=334324"}],"wp:term":[{"taxonomy":"product_brand","embeddable":true,"href":"https:\/\/baldumarket.lt\/lt\/wp-json\/wp\/v2\/product_brand?post=334324"},{"taxonomy":"product_cat","embeddable":true,"href":"https:\/\/baldumarket.lt\/lt\/wp-json\/wp\/v2\/product_cat?post=334324"},{"taxonomy":"product_tag","embeddable":true,"href":"https:\/\/baldumarket.lt\/lt\/wp-json\/wp\/v2\/product_tag?post=334324"}],"curies":[{"name":"wp","href":"https:\/\/api.w.org\/{rel}","templated":true}]}}